{"id":713629,"date":"2025-08-27T17:09:20","date_gmt":"2025-08-27T14:09:20","guid":{"rendered":"https:\/\/roveyayinevi.com.tr\/index.php\/urun\/yazma-dersleri\/"},"modified":"2026-04-16T02:22:17","modified_gmt":"2026-04-15T23:22:17","slug":"yazma-dersleri","status":"publish","type":"product","link":"https:\/\/roveyayinevi.com.tr\/index.php\/urun\/yazma-dersleri\/","title":{"rendered":"Yazma Dersleri"},"content":{"rendered":"<p>Yazma Dersleri, \u00f6d\u00fcll\u00fc yazar Ferda \u0130zbudak Ak\u0131nc\u0131\u2019n\u0131n s\u00f6yle\u015filerinden yola \u00e7\u0131karak, yazma ve yaratma s\u00fcrecine dair fikir ve tavsiyelerini payla\u015f\u0131yor.   30 y\u0131ll\u0131k yazarl\u0131k ser\u00fcveninde, d\u00fcnyay\u0131 ve hayat\u0131 edebiyat arac\u0131l\u0131l\u0131\u011f\u0131yla tan\u0131d\u0131\u011f\u0131na, anlad\u0131\u011f\u0131na ve sevdi\u011fine vurgu yapan yazar, kendi d\u00fc\u015f\u00fcncelerinin yan\u0131 s\u0131ra usta yazarlar\u0131n edebi deneyimlerini yans\u0131tarak yazmaya g\u00f6n\u00fcl verenlere k\u0131lavuzluk ediyor&#8230; \u201c\u0130lle de yazmak gerekiyor. D\u00f6n\u00fcp d\u00f6n\u00fcp okumak, d\u00fczeltmek, geli\u015ftirmek ve gerekiyorsa budamak\u2026 Yani \u00fcst\u00fcnde \u00e7al\u0131\u015fmak. En az\u0131ndan ustala\u015f\u0131ncaya dek. Sonras\u0131nda her yi\u011fidin bir yo\u011furt yiyi\u015fi, her ustan\u0131n kendine \u00f6zg\u00fc yazma bi\u00e7imi var.\u201d <\/p>\n","protected":false},"excerpt":{"rendered":"<p>Yazma Dersleri, \u00f6d\u00fcll\u00fc yazar Ferda \u0130zbudak Ak\u0131nc\u0131\u2019n\u0131n s\u00f6yle\u015filerinden yola \u00e7\u0131karak, yazma ve yaratma s\u00fcrecine dair fikir ve tavsiyelerini payla\u015f\u0131yor. 30 y\u0131ll\u0131k yazarl\u0131k ser\u00fcveninde, d\u00fcnyay\u0131 ve hayat\u0131<span class=\"excerpt-hellip\"> [\u2026]<\/span><\/p>\n","protected":false},"featured_media":0,"template":"","meta":{"_monsterinsights_skip_tracking":false,"_monsterinsights_sitenote_active":false,"_monsterinsights_sitenote_note":"","_monsterinsights_sitenote_category":0},"product_brand":[],"product_cat":[12777,12291],"product_tag":[],"class_list":{"0":"post-713629","1":"product","2":"type-product","3":"status-publish","5":"product_cat-deneme","6":"product_cat-edebiyat","7":"pa_cilt-ciltsiz","8":"pa_tur-kitap","9":"pa_yayinevi-delidolu","10":"pa_yazar-ferda-izbudak-akinci","12":"first","13":"instock","14":"sale","15":"shipping-taxable","16":"purchasable","17":"product-type-simple"},"_links":{"self":[{"href":"https:\/\/roveyayinevi.com.tr\/index.php\/wp-json\/wp\/v2\/product\/713629","targetHints":{"allow":["GET"]}}],"collection":[{"href":"https:\/\/roveyayinevi.com.tr\/index.php\/wp-json\/wp\/v2\/product"}],"about":[{"href":"https:\/\/roveyayinevi.com.tr\/index.php\/wp-json\/wp\/v2\/types\/product"}],"wp:attachment":[{"href":"https:\/\/roveyayinevi.com.tr\/index.php\/wp-json\/wp\/v2\/media?parent=713629"}],"wp:term":[{"taxonomy":"product_brand","embeddable":true,"href":"https:\/\/roveyayinevi.com.tr\/index.php\/wp-json\/wp\/v2\/product_brand?post=713629"},{"taxonomy":"product_cat","embeddable":true,"href":"https:\/\/roveyayinevi.com.tr\/index.php\/wp-json\/wp\/v2\/product_cat?post=713629"},{"taxonomy":"product_tag","embeddable":true,"href":"https:\/\/roveyayinevi.com.tr\/index.php\/wp-json\/wp\/v2\/product_tag?post=713629"}],"curies":[{"name":"wp","href":"https:\/\/api.w.org\/{rel}","templated":true}]}}