{"id":713626,"date":"2025-08-27T17:09:18","date_gmt":"2025-08-27T14:09:18","guid":{"rendered":"https:\/\/roveyayinevi.com.tr\/index.php\/urun\/nicin-egitiliyoruz\/"},"modified":"2026-04-15T02:29:15","modified_gmt":"2026-04-14T23:29:15","slug":"nicin-egitiliyoruz","status":"publish","type":"product","link":"https:\/\/roveyayinevi.com.tr\/index.php\/urun\/nicin-egitiliyoruz\/","title":{"rendered":"Ni\u00e7in E\u011fitiliyoruz?"},"content":{"rendered":"<p>Bu kitap J.Krishnamurti\u2019nin 1969-1984 y\u0131llar\u0131 aras\u0131nda Hindistan \u00fcniversitelerinde ve Hint Teknoloji Enstit\u00fcs\u00fcnde yapt\u0131\u011f\u0131 alt\u0131 konu\u015fmadan olu\u015fmaktad\u0131r. Krishnamurti\u2019nin burada as\u0131l amac\u0131 \u00f6\u011frencileri bilgi aray\u0131\u015f\u0131n\u0131n ki\u015fiyi kendisine dair cehaletinden kurtarmad\u0131\u011f\u0131 ger\u00e7e\u011fine uyanmalar\u0131n\u0131 sa\u011flamakt\u0131r. Bilgi vazge\u00e7ilemez olmakla birlikte hayat\u0131n zorluklar\u0131yla m\u00fccadele etmeye yetecek zekaya sahip oldu\u011fumuz yan\u0131lsamas\u0131n\u0131 da yarat\u0131r. Bu da insan ruhunun u\u00e7suz ve g\u00f6zle g\u00f6r\u00fclmeyen d\u00fcnyas\u0131n\u0131 ihmal etmemize yol a\u00e7ar. Bu bak\u0131\u015f a\u00e7\u0131s\u0131 konu\u015fmalarda a\u00e7\u0131k\u00e7a ortaya \u00e7\u0131kmakta ve bu y\u00fczden sadece gen\u00e7ler i\u00e7in de\u011fil anne-babalar, \u00f6\u011fretmenler ve hayat\u0131n daha derin konular\u0131yla ilgilenen herkes i\u00e7in \u00f6nem ta\u015f\u0131maktad\u0131r. <\/p>\n","protected":false},"excerpt":{"rendered":"<p>Bu kitap J.Krishnamurti\u2019nin 1969-1984 y\u0131llar\u0131 aras\u0131nda Hindistan \u00fcniversitelerinde ve Hint Teknoloji Enstit\u00fcs\u00fcnde yapt\u0131\u011f\u0131 alt\u0131 konu\u015fmadan olu\u015fmaktad\u0131r. Krishnamurti\u2019nin burada as\u0131l amac\u0131 \u00f6\u011frencileri bilgi aray\u0131\u015f\u0131n\u0131n ki\u015fiyi kendisine dair<span class=\"excerpt-hellip\"> [\u2026]<\/span><\/p>\n","protected":false},"featured_media":0,"template":"","meta":{"_monsterinsights_skip_tracking":false,"_monsterinsights_sitenote_active":false,"_monsterinsights_sitenote_note":"","_monsterinsights_sitenote_category":0},"product_brand":[],"product_cat":[12364,12376],"product_tag":[],"class_list":{"0":"post-713626","1":"product","2":"type-product","3":"status-publish","5":"product_cat-genel-konular","6":"product_cat-kisisel-gelisim","7":"pa_cilt-ciltsiz","8":"pa_tur-kitap","9":"pa_yayinevi-ganj-yayinevi","10":"pa_yazar-jiddu-krishnamurti","12":"first","13":"instock","14":"sale","15":"shipping-taxable","16":"purchasable","17":"product-type-simple"},"_links":{"self":[{"href":"https:\/\/roveyayinevi.com.tr\/index.php\/wp-json\/wp\/v2\/product\/713626","targetHints":{"allow":["GET"]}}],"collection":[{"href":"https:\/\/roveyayinevi.com.tr\/index.php\/wp-json\/wp\/v2\/product"}],"about":[{"href":"https:\/\/roveyayinevi.com.tr\/index.php\/wp-json\/wp\/v2\/types\/product"}],"wp:attachment":[{"href":"https:\/\/roveyayinevi.com.tr\/index.php\/wp-json\/wp\/v2\/media?parent=713626"}],"wp:term":[{"taxonomy":"product_brand","embeddable":true,"href":"https:\/\/roveyayinevi.com.tr\/index.php\/wp-json\/wp\/v2\/product_brand?post=713626"},{"taxonomy":"product_cat","embeddable":true,"href":"https:\/\/roveyayinevi.com.tr\/index.php\/wp-json\/wp\/v2\/product_cat?post=713626"},{"taxonomy":"product_tag","embeddable":true,"href":"https:\/\/roveyayinevi.com.tr\/index.php\/wp-json\/wp\/v2\/product_tag?post=713626"}],"curies":[{"name":"wp","href":"https:\/\/api.w.org\/{rel}","templated":true}]}}