{"id":713624,"date":"2025-08-27T17:09:17","date_gmt":"2025-08-27T14:09:17","guid":{"rendered":"https:\/\/roveyayinevi.com.tr\/index.php\/urun\/mumkun-utopya-yasanabilir-bir-toplum-icin-stratejiler\/"},"modified":"2026-04-16T02:22:17","modified_gmt":"2026-04-15T23:22:17","slug":"mumkun-utopya-yasanabilir-bir-toplum-icin-stratejiler","status":"publish","type":"product","link":"https:\/\/roveyayinevi.com.tr\/index.php\/urun\/mumkun-utopya-yasanabilir-bir-toplum-icin-stratejiler\/","title":{"rendered":"M\u00fcmk\u00fcn \u00dctopya: Ya\u015fanabilir Bir Toplum \u0130\u00e7in Stratejiler"},"content":{"rendered":"<p>\u201cZihinler deg\u0306is\u0327iyor. Rejimler \u00e7\u00f6k\u00fcyor. Yeni yap\u0131lar dog\u0306uyor. \u00c7alkant\u0131l\u0131 zamanlar, \u00e7alkant\u0131l\u0131 deg\u0306is\u0327imler yas\u0327an\u0131yor. Yine de zaferin ka\u00e7\u0131n\u0131lmaz oldug\u0306unu s\u00f6yleyemeyiz. Pes\u0327ine d\u00fcs\u0327\u00fclen hedeflere eris\u0327mek i\u00e7in insanlar ac\u0131 ve \u00f6fkeden s\u0131yr\u0131l\u0131p harekete ge\u00e7meli, b\u00f6l\u00fcnm\u00fcs\u0327l\u00fckten beraberlig\u0306e ve m\u00fccadeleden zafere y\u00fcr\u00fcmeli. Anl\u0131k zaferlerin \u00f6tesinde yeni toplumsal ilis\u0327kiler biriktiren ve \u00e7es\u0327itlendiren kazan\u0131m y\u00f6r\u00fcngelerine ihtiyac\u0131m\u0131z var.\u201d \u201cYeni bir toplum yaratma yolunda aktivist bir \u2018toplumsal de\u011fi\u015fim ekibi\u2019 i\u015fe nereden ba\u015flayaca\u011f\u0131n\u0131, nihai hedefini ve ba\u015flang\u0131\u00e7 noktas\u0131ndan biti\u015f noktas\u0131na nas\u0131l gidece\u011fini bilmek zorundad\u0131r. Bu kitab\u0131n konusu i\u015fte tam olarak budur.\u201d M\u00fcmk\u00fcn \u00dctopya ya\u015fan\u0131labilir bir toplum i\u00e7in yeni se\u00e7enekler, davran\u0131\u015flar ve sonu\u00e7lar do\u011furacak yeni uygulamalar \u00fczerine bir \u00e7al\u0131\u015fma. Michael Albert mevcut ger\u00e7ekli\u011fe dair k\u0131yamet senaryolar\u0131n\u0131n kurguland\u0131\u011f\u0131 g\u00fcn\u00fcm\u00fczde sab\u0131rl\u0131, a\u011f\u0131rba\u015fl\u0131 ve c\u00fcretk\u00e2r olman\u0131n alt\u0131n\u0131 \u00e7izerek \u201c\u0130nsanlar\u0131n k\u00fc\u00e7\u00fcmsendi\u011fi bir s\u0131\u011f\u0131nak yerine kar\u015f\u0131l\u0131kl\u0131 yard\u0131m i\u00e7in bir arac\u0131ya d\u00f6n\u00fc\u015fen hareketleri\u201d nas\u0131l yaratabilece\u011fimize k\u0131lavuzluk edecek bir teori ortaya koyuyor. Bunu yaparken bizi bir arada tutan h\u00fck\u00fcmet, ekonomi, akrabal\u0131k ve k\u00fclt\u00fcr\u00fcn birbirleriyle, de\u011fi\u015fimle ve tarihle ili\u015fkisini anlamaya ve bildi\u011fimiz toplumsal hiyerar\u015fileri yaratmadan i\u015flevlerini nas\u0131l yerine getirebileceklerini g\u00f6rmeye yard\u0131mc\u0131 oluyor. Birbirimiz ad\u0131na nas\u0131l harekete ge\u00e7ebiliriz? Harekete ge\u00e7ti\u011fimizde kar\u015f\u0131l\u0131kl\u0131 olarak nas\u0131l fayda sa\u011flar\u0131z? Kendimizi nas\u0131l \u00f6rg\u00fctleriz? Siyasal ba\u011flant\u0131lar\u0131m\u0131z sebebiyle ne t\u00fcr faydalar ve sorumluluklar ediniriz? \u0130nsanlar bir toplumsal harekete kat\u0131ld\u0131ktan ve o hareketin tan\u0131mlanm\u0131\u015f hedefleriyle ayn\u0131 \u00e7izgiye geldikten sonra neden o hareketi terk ederler? Mevcut kurumlar\u0131n kal\u0131c\u0131l\u0131\u011f\u0131n\u0131 \u00f6nden kabullenerek yaln\u0131zca k\u00f6t\u00fc yanlar\u0131n\u0131 iyile\u015ftirmekle mi yetinece\u011fiz (yani reformist olaca\u011f\u0131z) yoksa mevcut kurumlar\u0131 ihtiya\u00e7 duyulan i\u015flevlerini yeni yollarla kar\u015f\u0131layan yeni kurumlarla m\u0131 de\u011fi\u015ftirece\u011fiz (yani devrimci olaca\u011f\u0131z)?\u201d \u201cM\u00fcmk\u00fcn \u00dctopya adil bir d\u00fcnya yaratabilecek dinamik bir hareket isteyen aktivistlerin y\u00fczle\u015fti\u011fi bir\u00e7ok soruyu yan\u0131tl\u0131yor.\u201d Bill Fletcher, Jr. <\/p>\n","protected":false},"excerpt":{"rendered":"<p>\u201cZihinler deg\u0306is\u0327iyor. Rejimler \u00e7\u00f6k\u00fcyor. Yeni yap\u0131lar dog\u0306uyor. \u00c7alkant\u0131l\u0131 zamanlar, \u00e7alkant\u0131l\u0131 deg\u0306is\u0327imler yas\u0327an\u0131yor. Yine de zaferin ka\u00e7\u0131n\u0131lmaz oldug\u0306unu s\u00f6yleyemeyiz. Pes\u0327ine d\u00fcs\u0327\u00fclen hedeflere eris\u0327mek i\u00e7in insanlar ac\u0131 ve<span class=\"excerpt-hellip\"> [\u2026]<\/span><\/p>\n","protected":false},"featured_media":0,"template":"","meta":{"_monsterinsights_skip_tracking":false,"_monsterinsights_sitenote_active":false,"_monsterinsights_sitenote_note":"","_monsterinsights_sitenote_category":0},"product_brand":[],"product_cat":[13590,12337],"product_tag":[],"class_list":{"0":"post-713624","1":"product","2":"type-product","3":"status-publish","5":"product_cat-arastirma-inceleme-politika-siyaset","6":"product_cat-politika-siyaset","7":"pa_cilt-ciltsiz","8":"pa_tur-kitap","9":"pa_yayinevi-kolektif-kitap","10":"pa_yazar-michael-albert","12":"first","13":"instock","14":"sale","15":"shipping-taxable","16":"purchasable","17":"product-type-simple"},"_links":{"self":[{"href":"https:\/\/roveyayinevi.com.tr\/index.php\/wp-json\/wp\/v2\/product\/713624","targetHints":{"allow":["GET"]}}],"collection":[{"href":"https:\/\/roveyayinevi.com.tr\/index.php\/wp-json\/wp\/v2\/product"}],"about":[{"href":"https:\/\/roveyayinevi.com.tr\/index.php\/wp-json\/wp\/v2\/types\/product"}],"wp:attachment":[{"href":"https:\/\/roveyayinevi.com.tr\/index.php\/wp-json\/wp\/v2\/media?parent=713624"}],"wp:term":[{"taxonomy":"product_brand","embeddable":true,"href":"https:\/\/roveyayinevi.com.tr\/index.php\/wp-json\/wp\/v2\/product_brand?post=713624"},{"taxonomy":"product_cat","embeddable":true,"href":"https:\/\/roveyayinevi.com.tr\/index.php\/wp-json\/wp\/v2\/product_cat?post=713624"},{"taxonomy":"product_tag","embeddable":true,"href":"https:\/\/roveyayinevi.com.tr\/index.php\/wp-json\/wp\/v2\/product_tag?post=713624"}],"curies":[{"name":"wp","href":"https:\/\/api.w.org\/{rel}","templated":true}]}}