{"id":713623,"date":"2025-08-27T17:09:16","date_gmt":"2025-08-27T14:09:16","guid":{"rendered":"https:\/\/roveyayinevi.com.tr\/index.php\/urun\/portreler-sanatcilar-uzerine-yazilar\/"},"modified":"2026-02-03T02:35:38","modified_gmt":"2026-02-02T23:35:38","slug":"portreler-sanatcilar-uzerine-yazilar","status":"publish","type":"product","link":"https:\/\/roveyayinevi.com.tr\/index.php\/urun\/portreler-sanatcilar-uzerine-yazilar\/","title":{"rendered":"Portreler &#8211; Sanat\u00e7\u0131lar \u00dczerine Yaz\u0131lar"},"content":{"rendered":"<p>\u201cBir m\u00fczede ya da galeride sergilenen sanat eserini seyrettikten sonra, yarat\u0131ld\u0131\u011f\u0131 at\u00f6lyeye girmeye \u00e7al\u0131\u015f\u0131r\u0131m. Ve orada, olu\u015fum s\u00fcrecinin hik\u00e2yesine ili\u015fkin bir \u015feyler \u00f6\u011frenme umuduyla beklerim. Hik\u00e2yeye i\u00e7kin umutlara, se\u00e7imlere, hatalara, ke\u015fiflere dair bir beklenti. Kendi kendime konu\u015fur, at\u00f6lyenin d\u0131\u015f\u0131ndaki d\u00fcnyay\u0131 g\u00f6z\u00fcmde canland\u0131r\u0131r, belki tan\u0131d\u0131\u011f\u0131m ya da as\u0131rlar \u00f6nce \u00f6lm\u00fc\u015f olan sanat\u00e7\u0131ya seslenirim. Kimi zaman yapt\u0131\u011f\u0131 bir \u015feyden yan\u0131t gelir. Hi\u00e7bir zaman bir neticeye var\u0131lmaz. Bazen her ikimizi de \u015fa\u015f\u0131rtan yeni bir alan a\u00e7\u0131l\u0131r. Bazen de solu\u011fumuzu kesen \u2013bir gizin a\u00e7\u0131\u011fa \u00e7\u0131kmas\u0131 gibi soluk kesici\u2013 bir hayal d\u00fcnyas\u0131 belirir.\u201d Berger\u2019\u0131n hayat boyu sanat ve sanat\u00e7\u0131lar \u00fczerine kaleme ald\u0131\u011f\u0131 yaz\u0131lar\u0131n\u0131 iki ciltte topluyoruz: \u0130lki Portreler. Ma\u011fara resimlerinden g\u00fcn\u00fcm\u00fcze kronolojik bir s\u0131rayla sunulan kitap, yazar\u0131n kelimelerle \u00e7izdi\u011fi sanat\u00e7\u0131 portreleri. Ayn\u0131 zamanda Berger\u2019\u0131n alternatif sanat tarihi olarak da okunabilir. \u0130kinci cildi ise Manzaralar ad\u0131yla yay\u0131mlayaca\u011f\u0131z. <\/p>\n","protected":false},"excerpt":{"rendered":"<p>\u201cBir m\u00fczede ya da galeride sergilenen sanat eserini seyrettikten sonra, yarat\u0131ld\u0131\u011f\u0131 at\u00f6lyeye girmeye \u00e7al\u0131\u015f\u0131r\u0131m. Ve orada, olu\u015fum s\u00fcrecinin hik\u00e2yesine ili\u015fkin bir \u015feyler \u00f6\u011frenme umuduyla beklerim. Hik\u00e2yeye<span class=\"excerpt-hellip\"> [\u2026]<\/span><\/p>\n","protected":false},"featured_media":0,"template":"","meta":{"_monsterinsights_skip_tracking":false,"_monsterinsights_sitenote_active":false,"_monsterinsights_sitenote_note":"","_monsterinsights_sitenote_category":0},"product_brand":[],"product_cat":[12408,14197],"product_tag":[],"class_list":{"0":"post-713623","1":"product","2":"type-product","3":"status-publish","5":"product_cat-sanat","6":"product_cat-sanat-tarihi","7":"pa_cilt-ciltsiz","8":"pa_tur-kitap","9":"pa_yayinevi-metis-yayinlari","10":"pa_yazar-john-berger","12":"first","13":"instock","14":"sale","15":"shipping-taxable","16":"purchasable","17":"product-type-simple"},"_links":{"self":[{"href":"https:\/\/roveyayinevi.com.tr\/index.php\/wp-json\/wp\/v2\/product\/713623","targetHints":{"allow":["GET"]}}],"collection":[{"href":"https:\/\/roveyayinevi.com.tr\/index.php\/wp-json\/wp\/v2\/product"}],"about":[{"href":"https:\/\/roveyayinevi.com.tr\/index.php\/wp-json\/wp\/v2\/types\/product"}],"wp:attachment":[{"href":"https:\/\/roveyayinevi.com.tr\/index.php\/wp-json\/wp\/v2\/media?parent=713623"}],"wp:term":[{"taxonomy":"product_brand","embeddable":true,"href":"https:\/\/roveyayinevi.com.tr\/index.php\/wp-json\/wp\/v2\/product_brand?post=713623"},{"taxonomy":"product_cat","embeddable":true,"href":"https:\/\/roveyayinevi.com.tr\/index.php\/wp-json\/wp\/v2\/product_cat?post=713623"},{"taxonomy":"product_tag","embeddable":true,"href":"https:\/\/roveyayinevi.com.tr\/index.php\/wp-json\/wp\/v2\/product_tag?post=713623"}],"curies":[{"name":"wp","href":"https:\/\/api.w.org\/{rel}","templated":true}]}}