{"id":713621,"date":"2025-08-27T17:09:15","date_gmt":"2025-08-27T14:09:15","guid":{"rendered":"https:\/\/roveyayinevi.com.tr\/index.php\/urun\/jules\/"},"modified":"2026-04-16T02:22:17","modified_gmt":"2026-04-15T23:22:17","slug":"jules","status":"publish","type":"product","link":"https:\/\/roveyayinevi.com.tr\/index.php\/urun\/jules\/","title":{"rendered":"Jules"},"content":{"rendered":"<p>\u201cTabii ki seni h\u00e2l\u00e2 seviyordum Fred. Ama ba\u015fka t\u00fcrl\u00fc. Bir tabii ki ve bir h\u00e2l\u00e2 ile&#8230;\u201d U\u011frad\u0131\u011f\u0131 ihanetin ard\u0131ndan hayat\u0131 alt\u00fcst olup kendini Paris Orly Havaalan\u0131&#8217;nda makaron satarken bulan astrofizik ve biyokimya dehas\u0131 Zibal; bir kaza sonucu k\u00f6r olmu\u015f g\u00fczel spiker Alice ve ona kapkaranl\u0131k d\u00fcnyas\u0131nda yol g\u00f6steren \u201crehber k\u00f6pe\u011fi\u201d Jules.  Bu \u00fc\u00e7\u00fcn\u00fcn yolu bir kutu makaron almaya \u2013ve Zibal\u2019in \u00e7arp\u0131lmas\u0131na\u2013 yetecek kadar k\u0131sa s\u00fcreli\u011fine kesi\u015fir&#8230; Ve bir s\u00fcre sonra sonra Zibal kendini Jules\u2019le birlikte bir trende bulur. Labrador ve adam\u0131n tek bir hedefleri vard\u0131r: kalplerini k\u0131r\u0131p giden kad\u0131n\u0131, Alice&#8217;i bulmak.   Goncourt \u00d6d\u00fcll\u00fc DidiervanCauwelaert\u2019\u0131n Fransa ve \u0130talya\u2019da b\u00fcy\u00fck ilgi g\u00f6ren roman\u0131 JULES okuruna iyi gelen bir kitap. \u0130nsanlar\u0131n g\u00f6zden ka\u00e7\u0131rd\u0131\u011f\u0131 elzem \u015feyin kokusunu alan t\u00fcyl\u00fc ve kuyruklu romantik kahraman Jules, \u015farts\u0131z sevgi ve sadakate dair unutulmaz bir ders veriyor. \u201cDidiervanCauwelaert, \u00e7arp\u0131c\u0131 karakterler yaratma sanat\u0131nda ger\u00e7ek bir usta.\u201d -LE FIGARO <\/p>\n","protected":false},"excerpt":{"rendered":"<p>\u201cTabii ki seni h\u00e2l\u00e2 seviyordum Fred. Ama ba\u015fka t\u00fcrl\u00fc. Bir tabii ki ve bir h\u00e2l\u00e2 ile&#8230;\u201d U\u011frad\u0131\u011f\u0131 ihanetin ard\u0131ndan hayat\u0131 alt\u00fcst olup kendini Paris Orly Havaalan\u0131&#8217;nda<span class=\"excerpt-hellip\"> [\u2026]<\/span><\/p>\n","protected":false},"featured_media":0,"template":"","meta":{"_monsterinsights_skip_tracking":false,"_monsterinsights_sitenote_active":false,"_monsterinsights_sitenote_note":"","_monsterinsights_sitenote_category":0},"product_brand":[],"product_cat":[12291,12711],"product_tag":[],"class_list":{"0":"post-713621","1":"product","2":"type-product","3":"status-publish","5":"product_cat-edebiyat","6":"product_cat-roman-oyku","7":"pa_cilt-ciltsiz","8":"pa_tur-kitap","9":"pa_yayinevi-domingo-yayinevi","10":"pa_yazar-didier-von-cauwelaert","12":"first","13":"instock","14":"sale","15":"shipping-taxable","16":"purchasable","17":"product-type-simple"},"_links":{"self":[{"href":"https:\/\/roveyayinevi.com.tr\/index.php\/wp-json\/wp\/v2\/product\/713621","targetHints":{"allow":["GET"]}}],"collection":[{"href":"https:\/\/roveyayinevi.com.tr\/index.php\/wp-json\/wp\/v2\/product"}],"about":[{"href":"https:\/\/roveyayinevi.com.tr\/index.php\/wp-json\/wp\/v2\/types\/product"}],"wp:attachment":[{"href":"https:\/\/roveyayinevi.com.tr\/index.php\/wp-json\/wp\/v2\/media?parent=713621"}],"wp:term":[{"taxonomy":"product_brand","embeddable":true,"href":"https:\/\/roveyayinevi.com.tr\/index.php\/wp-json\/wp\/v2\/product_brand?post=713621"},{"taxonomy":"product_cat","embeddable":true,"href":"https:\/\/roveyayinevi.com.tr\/index.php\/wp-json\/wp\/v2\/product_cat?post=713621"},{"taxonomy":"product_tag","embeddable":true,"href":"https:\/\/roveyayinevi.com.tr\/index.php\/wp-json\/wp\/v2\/product_tag?post=713621"}],"curies":[{"name":"wp","href":"https:\/\/api.w.org\/{rel}","templated":true}]}}