{"id":713619,"date":"2025-08-27T17:09:13","date_gmt":"2025-08-27T14:09:13","guid":{"rendered":"https:\/\/roveyayinevi.com.tr\/index.php\/urun\/ask-i-memnu-5\/"},"modified":"2026-04-16T02:22:16","modified_gmt":"2026-04-15T23:22:16","slug":"ask-i-memnu-5","status":"publish","type":"product","link":"https:\/\/roveyayinevi.com.tr\/index.php\/urun\/ask-i-memnu-5\/","title":{"rendered":"A\u015fk-\u0131 Memnu"},"content":{"rendered":"<p>Peyker\u2019in izdivac\u0131 onun i\u00e7in bir darbe-yi m\u00fcdhi\u015fe [m\u00fcthi\u015f darbe] olmu\u015ftu. Mesele \u00e7\u0131kar \u00e7\u0131kmaz k\u0131z\u0131n\u0131n fikr-i izdivac\u0131na [evlilik fikrine] kar\u015f\u0131 isyan etti. Hususiyle Peyker\u2019in yapmak istedi\u011fi gibi bir izdivac-\u0131 \u00e2\u015f\u0131k\u00e2neye [\u00e2\u015f\u0131k\u00e2ne evlili\u011fe] affolunmaz bir kabahat nazar\u0131yla bak\u0131yordu. Muvafakat etmemek i\u00e7in bir m\u00fcddet u\u011fra\u015ft\u0131; sonra Peyker\u2019in firar etmek tehdidine mukabil b\u00fct\u00fcn kuvvetleri d\u00fc\u015ferek bir teslimiyet-i mezb\u00fbhane [bo\u011faz\u0131 kesilmi\u015f\u00e7esine bir teslimiyet] ile r\u0131za g\u00f6sterdi&#8230;&#8221;Ne anlat\u0131r Halid Ziya, \u00fczerine \u00e7ok say\u0131da makale ve tez yaz\u0131lm\u0131\u015f olan bu unutulmaz roman\u0131nda? Benim d\u00fc\u015f\u00fcnceme g\u00f6re Halid Ziya bir tezi savunmak i\u00e7in kaleme almam\u0131\u015ft\u0131r A\u015fk-\u0131 Memnu\u2019yu. Trajik biten yasak bir a\u015fk\u0131 hik\u00e2ye etmek de de\u011fildir tek derdi. D\u00fc\u015f\u00fcnd\u00fc\u011f\u00fc ve okurunun da d\u00fc\u015f\u00fcnmesini istedi\u011fi meseleler vard\u0131r. Bu meseleleri ele al\u0131\u015f \u015fekli ve \u00fcslubu da son derece \u00f6zenle se\u00e7ilmi\u015ftir. Tanzimat Ferman\u0131 ile ba\u015flayan yenilenme s\u00fcrecinde romanc\u0131lar\u0131n en \u00e7ok \u00fczerinde durduklar\u0131 konular\u0131n ba\u015f\u0131nda kad\u0131nlarla erkekler aras\u0131nda kurulan ili\u015fkiler ve \u00f6zellikle evlilik gelmektedir. Bunlar\u0131n M\u00fcsl\u00fcman Osmanl\u0131\u2019n\u0131n kurallar\u0131na ayk\u0131r\u0131 olmayan dinamiklerini tespit etmeye, halk\u0131 bilin\u00e7lendirmeye \u00e7al\u0131\u015fm\u0131\u015flard\u0131r yazarlar var g\u00fc\u00e7leriyle. Servet-i F\u00fcn\u00fbn edebiyat\u00e7\u0131lar\u0131 da bu ili\u015fki ve evliliklerin kendilerinin de dahil oldu\u011fu \u00fcst-orta sosyal kesimde nas\u0131l ya\u015fand\u0131\u011f\u0131n\u0131 yans\u0131tm\u0131\u015flard\u0131r eserleri arac\u0131l\u0131\u011f\u0131yla&#8230; Halid Ziya, A\u015fk-\u0131 Memnu\u2019yu, kendisinin de dahil oldu\u011fu \u00fcst-orta sosyal kesimin s\u0131k s\u0131k rastlad\u0131\u011f\u0131 insanlar\u0131ndan ve onlar\u0131n tan\u0131kl\u0131k etti\u011fi hayatlar\u0131ndan yola \u00e7\u0131karak kurgulam\u0131\u015ft\u0131r&#8230;&#8221; Ay\u015fe Melda \u00dcner <\/p>\n","protected":false},"excerpt":{"rendered":"<p>Peyker\u2019in izdivac\u0131 onun i\u00e7in bir darbe-yi m\u00fcdhi\u015fe [m\u00fcthi\u015f darbe] olmu\u015ftu. Mesele \u00e7\u0131kar \u00e7\u0131kmaz k\u0131z\u0131n\u0131n fikr-i izdivac\u0131na [evlilik fikrine] kar\u015f\u0131 isyan etti. Hususiyle Peyker\u2019in yapmak istedi\u011fi gibi<span class=\"excerpt-hellip\"> [\u2026]<\/span><\/p>\n","protected":false},"featured_media":0,"template":"","meta":{"_monsterinsights_skip_tracking":false,"_monsterinsights_sitenote_active":false,"_monsterinsights_sitenote_note":"","_monsterinsights_sitenote_category":0},"product_brand":[],"product_cat":[12274,20117],"product_tag":[],"class_list":{"0":"post-713619","1":"product","2":"type-product","3":"status-publish","5":"product_cat-cocuk-ve-genclik-kitaplari","6":"product_cat-turk-klasikleri","7":"pa_cilt-ciltsiz","8":"pa_tur-kitap","9":"pa_yayinevi-ayrinti-yayinlari","10":"pa_yazar-halid-ziya-usakligil","12":"first","13":"instock","14":"sale","15":"shipping-taxable","16":"purchasable","17":"product-type-simple"},"_links":{"self":[{"href":"https:\/\/roveyayinevi.com.tr\/index.php\/wp-json\/wp\/v2\/product\/713619","targetHints":{"allow":["GET"]}}],"collection":[{"href":"https:\/\/roveyayinevi.com.tr\/index.php\/wp-json\/wp\/v2\/product"}],"about":[{"href":"https:\/\/roveyayinevi.com.tr\/index.php\/wp-json\/wp\/v2\/types\/product"}],"wp:attachment":[{"href":"https:\/\/roveyayinevi.com.tr\/index.php\/wp-json\/wp\/v2\/media?parent=713619"}],"wp:term":[{"taxonomy":"product_brand","embeddable":true,"href":"https:\/\/roveyayinevi.com.tr\/index.php\/wp-json\/wp\/v2\/product_brand?post=713619"},{"taxonomy":"product_cat","embeddable":true,"href":"https:\/\/roveyayinevi.com.tr\/index.php\/wp-json\/wp\/v2\/product_cat?post=713619"},{"taxonomy":"product_tag","embeddable":true,"href":"https:\/\/roveyayinevi.com.tr\/index.php\/wp-json\/wp\/v2\/product_tag?post=713619"}],"curies":[{"name":"wp","href":"https:\/\/api.w.org\/{rel}","templated":true}]}}