{"id":713618,"date":"2025-08-27T17:09:13","date_gmt":"2025-08-27T14:09:13","guid":{"rendered":"https:\/\/roveyayinevi.com.tr\/index.php\/urun\/kasikci-elmasinin-pesinde-hiper-cemil-2\/"},"modified":"2026-04-16T02:22:16","modified_gmt":"2026-04-15T23:22:16","slug":"kasikci-elmasinin-pesinde-hiper-cemil-2","status":"publish","type":"product","link":"https:\/\/roveyayinevi.com.tr\/index.php\/urun\/kasikci-elmasinin-pesinde-hiper-cemil-2\/","title":{"rendered":"Ka\u015f\u0131k\u00e7\u0131 Elmas\u0131&#8217;n\u0131n Pe\u015finde &#8211; Hiper Cemil 2"},"content":{"rendered":"<p>Merhaba arkada\u015flar; Me\u015fhur Ka\u015f\u0131k\u00e7\u0131 Elmas\u0131\u2019n\u0131 bilmeyeniniz yoktur. \u0130\u015fte o elmas\u0131 iki h\u0131rs\u0131z\u0131n \u00e7al\u0131p yurt d\u0131\u015f\u0131na satacaklar\u0131n\u0131 bilseniz ne yapard\u0131n\u0131z? Siz de benim gibi onlara engel olmaya \u00e7al\u0131\u015f\u0131rd\u0131n\u0131z de\u011fil mi? Ama okul m\u00fcd\u00fcr\u00fcm\u00fcz Cing\u00f6z \u015einasi ile beden e\u011fitimi \u00f6\u011fretmenimiz K\u00fclyutmaz Cabbar bana g\u00f6z a\u00e7t\u0131rm\u0131yor. Bu arada Oyunbozan Ercan ve Uyurgezer Ali\u2019yi de unutmay\u0131n. Onlar da s\u00fcrekli pe\u015fimdeler. Cing\u00f6z \u015einasi ile K\u00fclyutmaz Cabbar\u2019dan nas\u0131l kurtulabilirim? H\u0131rs\u0131zlar\u0131 durdurmak i\u00e7in haz\u0131rlad\u0131\u011f\u0131m tuzak bakal\u0131m i\u015fe yarayacak m\u0131? Bir bilseniz ya\u015fad\u0131\u011f\u0131m daha ne maceralar var. Hepsi de bu kitab\u0131n i\u00e7inde. Haydi ama ba\u015flay\u0131n sayfalar\u0131 \u00e7evirmeye&#8230; <\/p>\n","protected":false},"excerpt":{"rendered":"<p>Merhaba arkada\u015flar; Me\u015fhur Ka\u015f\u0131k\u00e7\u0131 Elmas\u0131\u2019n\u0131 bilmeyeniniz yoktur. \u0130\u015fte o elmas\u0131 iki h\u0131rs\u0131z\u0131n \u00e7al\u0131p yurt d\u0131\u015f\u0131na satacaklar\u0131n\u0131 bilseniz ne yapard\u0131n\u0131z? Siz de benim gibi onlara engel olmaya<span class=\"excerpt-hellip\"> [\u2026]<\/span><\/p>\n","protected":false},"featured_media":0,"template":"","meta":{"_monsterinsights_skip_tracking":false,"_monsterinsights_sitenote_active":false,"_monsterinsights_sitenote_note":"","_monsterinsights_sitenote_category":0},"product_brand":[],"product_cat":[12291,14825],"product_tag":[],"class_list":{"0":"post-713618","1":"product","2":"type-product","3":"status-publish","5":"product_cat-edebiyat","6":"product_cat-mizah","7":"pa_cilt-ciltsiz","8":"pa_tur-kitap","9":"pa_yayinevi-genc-hayat","10":"pa_yazar-mustafa-kemal-celik","12":"first","13":"instock","14":"sale","15":"shipping-taxable","16":"purchasable","17":"product-type-simple"},"_links":{"self":[{"href":"https:\/\/roveyayinevi.com.tr\/index.php\/wp-json\/wp\/v2\/product\/713618","targetHints":{"allow":["GET"]}}],"collection":[{"href":"https:\/\/roveyayinevi.com.tr\/index.php\/wp-json\/wp\/v2\/product"}],"about":[{"href":"https:\/\/roveyayinevi.com.tr\/index.php\/wp-json\/wp\/v2\/types\/product"}],"wp:attachment":[{"href":"https:\/\/roveyayinevi.com.tr\/index.php\/wp-json\/wp\/v2\/media?parent=713618"}],"wp:term":[{"taxonomy":"product_brand","embeddable":true,"href":"https:\/\/roveyayinevi.com.tr\/index.php\/wp-json\/wp\/v2\/product_brand?post=713618"},{"taxonomy":"product_cat","embeddable":true,"href":"https:\/\/roveyayinevi.com.tr\/index.php\/wp-json\/wp\/v2\/product_cat?post=713618"},{"taxonomy":"product_tag","embeddable":true,"href":"https:\/\/roveyayinevi.com.tr\/index.php\/wp-json\/wp\/v2\/product_tag?post=713618"}],"curies":[{"name":"wp","href":"https:\/\/api.w.org\/{rel}","templated":true}]}}