{"id":713617,"date":"2025-08-27T17:09:12","date_gmt":"2025-08-27T14:09:12","guid":{"rendered":"https:\/\/roveyayinevi.com.tr\/index.php\/urun\/arkadas-tanima-oyunu-akil-ve-zeka-oyunlari-3\/"},"modified":"2026-04-16T02:22:16","modified_gmt":"2026-04-15T23:22:16","slug":"arkadas-tanima-oyunu-akil-ve-zeka-oyunlari-3","status":"publish","type":"product","link":"https:\/\/roveyayinevi.com.tr\/index.php\/urun\/arkadas-tanima-oyunu-akil-ve-zeka-oyunlari-3\/","title":{"rendered":"Arkada\u015f Tan\u0131ma Oyunu &#8211; Ak\u0131l Ve Zeka Oyunlar\u0131 3"},"content":{"rendered":"<p>Ki\u015fili\u011finizi tan\u0131yor musunuz? Ak\u0131l ve Zek\u00e2 Oyunlar\u0131 T\u00fcrkiye \u015eampiyonas\u0131\u2019na haz\u0131rlanan S\u00fcper Beyinler, bu kitapta  kendilerinin ve arkada\u015flar\u0131n\u0131n karakter \u00f6zelliklerini \u00f6\u011freniyor. Siz de S\u00fcper Beyinler gibi kitab\u0131n ba\u015f\u0131ndaki 14 soruluk testi \u00e7\u00f6zd\u00fc\u011f\u00fcn\u00fczde hangi ki\u015filik t\u00fcr\u00fcne girdi\u011finizi \u00f6\u011frenecek, kendinizi ve \u00e7evrenizdeki ki\u015fileri daha iyi tan\u0131yacaks\u0131n\u0131z. Bir yandan \u00f6yk\u00fcn\u00fcn heyecan\u0131na kap\u0131l\u0131rken bir yandan da kahramanlar\u0131m\u0131zdan hangisinin ki\u015fili\u011fine daha yak\u0131n oldu\u011funuzu g\u00f6receksiniz. Ayr\u0131ca bir e\u011fitimci ve bir ebeveyn ise bu kitapta, \u00f6\u011frencisinin veya \u00e7ocu\u011funun ki\u015filik \u00f6zelliklerini \u00f6\u011frenerek nas\u0131l bir ileti\u015fim kurmas\u0131 gerekti\u011finin ipu\u00e7lar\u0131n\u0131 bulacak.<\/p>\n","protected":false},"excerpt":{"rendered":"<p>Ki\u015fili\u011finizi tan\u0131yor musunuz? Ak\u0131l ve Zek\u00e2 Oyunlar\u0131 T\u00fcrkiye \u015eampiyonas\u0131\u2019na haz\u0131rlanan S\u00fcper Beyinler, bu kitapta kendilerinin ve arkada\u015flar\u0131n\u0131n karakter \u00f6zelliklerini \u00f6\u011freniyor. Siz de S\u00fcper Beyinler gibi kitab\u0131n<span class=\"excerpt-hellip\"> [\u2026]<\/span><\/p>\n","protected":false},"featured_media":0,"template":"","meta":{"_monsterinsights_skip_tracking":false,"_monsterinsights_sitenote_active":false,"_monsterinsights_sitenote_note":"","_monsterinsights_sitenote_category":0},"product_brand":[],"product_cat":[12477,12364],"product_tag":[],"class_list":{"0":"post-713617","1":"product","2":"type-product","3":"status-publish","5":"product_cat-eglence-mizah","6":"product_cat-genel-konular","7":"pa_cilt-ciltsiz","8":"pa_tur-kitap","9":"pa_yayinevi-genc-hayat","10":"pa_yazar-oguz-saygin-ekrem-saygin","12":"first","13":"instock","14":"sale","15":"shipping-taxable","16":"purchasable","17":"product-type-simple"},"_links":{"self":[{"href":"https:\/\/roveyayinevi.com.tr\/index.php\/wp-json\/wp\/v2\/product\/713617","targetHints":{"allow":["GET"]}}],"collection":[{"href":"https:\/\/roveyayinevi.com.tr\/index.php\/wp-json\/wp\/v2\/product"}],"about":[{"href":"https:\/\/roveyayinevi.com.tr\/index.php\/wp-json\/wp\/v2\/types\/product"}],"wp:attachment":[{"href":"https:\/\/roveyayinevi.com.tr\/index.php\/wp-json\/wp\/v2\/media?parent=713617"}],"wp:term":[{"taxonomy":"product_brand","embeddable":true,"href":"https:\/\/roveyayinevi.com.tr\/index.php\/wp-json\/wp\/v2\/product_brand?post=713617"},{"taxonomy":"product_cat","embeddable":true,"href":"https:\/\/roveyayinevi.com.tr\/index.php\/wp-json\/wp\/v2\/product_cat?post=713617"},{"taxonomy":"product_tag","embeddable":true,"href":"https:\/\/roveyayinevi.com.tr\/index.php\/wp-json\/wp\/v2\/product_tag?post=713617"}],"curies":[{"name":"wp","href":"https:\/\/api.w.org\/{rel}","templated":true}]}}