{"id":713616,"date":"2025-08-27T17:09:12","date_gmt":"2025-08-27T14:09:12","guid":{"rendered":"https:\/\/roveyayinevi.com.tr\/index.php\/urun\/yapabilirsin-2\/"},"modified":"2025-09-22T11:11:16","modified_gmt":"2025-09-22T08:11:16","slug":"yapabilirsin-2","status":"publish","type":"product","link":"https:\/\/roveyayinevi.com.tr\/index.php\/urun\/yapabilirsin-2\/","title":{"rendered":"Yapabilirsin"},"content":{"rendered":"<p>Oyunculu\u011fu ve y\u00f6netmenli\u011fi yan\u0131nda e\u011fitmenli\u011fiyle ama her \u015feyden \u00f6nce g\u00fcvenilir bir yol g\u00f6sterici kimli\u015fiyle \u00f6ne \u00e7\u0131kan M\u00fcjdat Gezen, \u201cYapam\u0131yorum\u201d dedi\u011fimiz pek \u00e7ok \u015feyi, inan\u00e7 ve azimle \u00fczerine giderek nas\u0131l yapabildi\u015fimizi anlat\u0131yor, anlat\u0131rken de kendi tecr\u00fcbelerini, g\u00f6zlemlerini ve okuduklar\u0131n\u0131 payla\u015f\u0131yor. Gezen\u2019den verimli ve mutlu bir ya\u015fam s\u00fcrmenin yolunu g\u00f6steren keyifli bir motivasyon kitab\u0131. \ufffcTan\u0131t\u0131m Metni<\/p>\n","protected":false},"excerpt":{"rendered":"<p>Oyunculu\u011fu ve y\u00f6netmenli\u011fi yan\u0131nda e\u011fitmenli\u011fiyle ama her \u015feyden \u00f6nce g\u00fcvenilir bir yol g\u00f6sterici kimli\u015fiyle \u00f6ne \u00e7\u0131kan M\u00fcjdat Gezen, \u201cYapam\u0131yorum\u201d dedi\u011fimiz pek \u00e7ok \u015feyi, inan\u00e7 ve azimle<span class=\"excerpt-hellip\"> [\u2026]<\/span><\/p>\n","protected":false},"featured_media":0,"template":"","meta":{"_monsterinsights_skip_tracking":false,"_monsterinsights_sitenote_active":false,"_monsterinsights_sitenote_note":"","_monsterinsights_sitenote_category":0},"product_brand":[],"product_cat":[12364,12376],"product_tag":[],"class_list":{"0":"post-713616","1":"product","2":"type-product","3":"status-publish","5":"product_cat-genel-konular","6":"product_cat-kisisel-gelisim","7":"pa_cilt-ciltsiz","8":"pa_tur-kitap","9":"pa_yayinevi-kirmizi-kedi-yayinevi","10":"pa_yazar-mujdat-gezen","12":"first","13":"instock","14":"sale","15":"shipping-taxable","16":"purchasable","17":"product-type-simple"},"_links":{"self":[{"href":"https:\/\/roveyayinevi.com.tr\/index.php\/wp-json\/wp\/v2\/product\/713616","targetHints":{"allow":["GET"]}}],"collection":[{"href":"https:\/\/roveyayinevi.com.tr\/index.php\/wp-json\/wp\/v2\/product"}],"about":[{"href":"https:\/\/roveyayinevi.com.tr\/index.php\/wp-json\/wp\/v2\/types\/product"}],"wp:attachment":[{"href":"https:\/\/roveyayinevi.com.tr\/index.php\/wp-json\/wp\/v2\/media?parent=713616"}],"wp:term":[{"taxonomy":"product_brand","embeddable":true,"href":"https:\/\/roveyayinevi.com.tr\/index.php\/wp-json\/wp\/v2\/product_brand?post=713616"},{"taxonomy":"product_cat","embeddable":true,"href":"https:\/\/roveyayinevi.com.tr\/index.php\/wp-json\/wp\/v2\/product_cat?post=713616"},{"taxonomy":"product_tag","embeddable":true,"href":"https:\/\/roveyayinevi.com.tr\/index.php\/wp-json\/wp\/v2\/product_tag?post=713616"}],"curies":[{"name":"wp","href":"https:\/\/api.w.org\/{rel}","templated":true}]}}