{"id":713612,"date":"2025-08-27T17:09:09","date_gmt":"2025-08-27T14:09:09","guid":{"rendered":"https:\/\/roveyayinevi.com.tr\/index.php\/urun\/kuyruklu-yildiz-altinda-bir-izdivac-5\/"},"modified":"2026-04-16T02:22:16","modified_gmt":"2026-04-15T23:22:16","slug":"kuyruklu-yildiz-altinda-bir-izdivac-5","status":"publish","type":"product","link":"https:\/\/roveyayinevi.com.tr\/index.php\/urun\/kuyruklu-yildiz-altinda-bir-izdivac-5\/","title":{"rendered":"Kuyruklu Y\u0131ld\u0131z Alt\u0131nda Bir \u0130zdiva\u00e7"},"content":{"rendered":"<p>Halley kuyruklu y\u0131ld\u0131z d\u00fcnyaya yakla\u015f\u0131rken \u0130stanbul&#8217;da insanlar tedirgindir. \u0130lgi duydu\u011fu kad\u0131n taraf\u0131ndan terslenen \u0130rfan Galib i\u00e7in bu tedirginlik, kad\u0131nlardan intikam alabilece\u011fi bir f\u0131rsata d\u00f6n\u00fc\u015f\u00fcr. Oysa ba\u015fka biri, \u0130rfan Galib&#8217;in bu yapt\u0131klar\u0131n\u0131 onun yan\u0131na b\u0131rakmayaca\u011f\u0131na ant i\u00e7mi\u015ftir. T\u00fcrk edebiyat\u0131n\u0131n \u00f6nemli isimlerinden olan H\u00fcseyin Rahmi G\u00fcrp\u0131nar&#8217;\u0131n yine mizahi \u00f6\u011feleri \u00e7ok\u00e7a kulland\u0131\u011f\u0131 Kuyruklu Y\u0131ld\u0131z Alt\u0131nda Bir \u0130zdiva\u00e7 roman\u0131 g\u00fcn\u00fcm\u00fcz T\u00fcrk\u00e7esi g\u00f6z \u00f6n\u00fcne al\u0131narak itinayla haz\u0131rlanm\u0131\u015ft\u0131r. <\/p>\n","protected":false},"excerpt":{"rendered":"<p>Halley kuyruklu y\u0131ld\u0131z d\u00fcnyaya yakla\u015f\u0131rken \u0130stanbul&#8217;da insanlar tedirgindir. \u0130lgi duydu\u011fu kad\u0131n taraf\u0131ndan terslenen \u0130rfan Galib i\u00e7in bu tedirginlik, kad\u0131nlardan intikam alabilece\u011fi bir f\u0131rsata d\u00f6n\u00fc\u015f\u00fcr. Oysa ba\u015fka<span class=\"excerpt-hellip\"> [\u2026]<\/span><\/p>\n","protected":false},"featured_media":0,"template":"","meta":{"_monsterinsights_skip_tracking":false,"_monsterinsights_sitenote_active":false,"_monsterinsights_sitenote_note":"","_monsterinsights_sitenote_category":0},"product_brand":[],"product_cat":[12274,20117],"product_tag":[],"class_list":{"0":"post-713612","1":"product","2":"type-product","3":"status-publish","5":"product_cat-cocuk-ve-genclik-kitaplari","6":"product_cat-turk-klasikleri","7":"pa_cilt-ciltsiz","8":"pa_tur-kitap","9":"pa_yayinevi-antik-kitap","10":"pa_yazar-huseyin-rahmi-gurpinar","12":"first","13":"instock","14":"sale","15":"shipping-taxable","16":"purchasable","17":"product-type-simple"},"_links":{"self":[{"href":"https:\/\/roveyayinevi.com.tr\/index.php\/wp-json\/wp\/v2\/product\/713612","targetHints":{"allow":["GET"]}}],"collection":[{"href":"https:\/\/roveyayinevi.com.tr\/index.php\/wp-json\/wp\/v2\/product"}],"about":[{"href":"https:\/\/roveyayinevi.com.tr\/index.php\/wp-json\/wp\/v2\/types\/product"}],"wp:attachment":[{"href":"https:\/\/roveyayinevi.com.tr\/index.php\/wp-json\/wp\/v2\/media?parent=713612"}],"wp:term":[{"taxonomy":"product_brand","embeddable":true,"href":"https:\/\/roveyayinevi.com.tr\/index.php\/wp-json\/wp\/v2\/product_brand?post=713612"},{"taxonomy":"product_cat","embeddable":true,"href":"https:\/\/roveyayinevi.com.tr\/index.php\/wp-json\/wp\/v2\/product_cat?post=713612"},{"taxonomy":"product_tag","embeddable":true,"href":"https:\/\/roveyayinevi.com.tr\/index.php\/wp-json\/wp\/v2\/product_tag?post=713612"}],"curies":[{"name":"wp","href":"https:\/\/api.w.org\/{rel}","templated":true}]}}