{"id":713608,"date":"2025-08-27T17:09:07","date_gmt":"2025-08-27T14:09:07","guid":{"rendered":"https:\/\/roveyayinevi.com.tr\/index.php\/urun\/anne-haklari-bildirgesi\/"},"modified":"2025-10-30T11:37:00","modified_gmt":"2025-10-30T08:37:00","slug":"anne-haklari-bildirgesi","status":"publish","type":"product","link":"https:\/\/roveyayinevi.com.tr\/index.php\/urun\/anne-haklari-bildirgesi\/","title":{"rendered":"Anne Haklar\u0131 Bildirgesi"},"content":{"rendered":"<p>Annelerin de babalar gibi kusursuz olmama, bisikletleri tamir etme, i\u015flerini sevme, ister tuvalette ister ba\u015fka yerde rahat rahat bir \u015feyler okuyabilme, hayatlar\u0131n\u0131n gidi\u015fat\u0131n\u0131 de\u011fi\u015ftirme ve a\u015fk\u0131 kimle isterlerse onunla, diledikleri gibi ya\u015fama hakk\u0131 vard\u0131r. Uluslararas\u0131 Af \u00d6rg\u00fct\u00fc, kabul g\u00f6rm\u00fc\u015f basmakal\u0131p fikirleri y\u0131k\u0131p ge\u00e7en bu \u201cbildirge\u201dyi destekliyor. \u015eiddetin temelini olu\u015fturan basmakal\u0131p fikirler ve ayr\u0131mc\u0131l\u0131kla k\u00fc\u00e7\u00fck ya\u015flardan itibaren m\u00fccadele edilmesi gerekti\u011fini mizahi bir dille anlatan bu kitap, k\u0131z erkek ay\u0131rmaks\u0131z\u0131n herkes aras\u0131nda e\u015fitli\u011fe sayg\u0131n\u0131n \u00f6nemini hat\u0131rlat\u0131yor. \u00c9lisabeth Brami\u2019den, \u00e7ocuk, gen\u00e7, yeti\u015fkin her bireyi d\u00fc\u015f\u00fcnd\u00fcrecek, e\u011flendirecek ve g\u00fcl\u00fcmsetecek bir kitap daha! <\/p>\n","protected":false},"excerpt":{"rendered":"<p>Annelerin de babalar gibi kusursuz olmama, bisikletleri tamir etme, i\u015flerini sevme, ister tuvalette ister ba\u015fka yerde rahat rahat bir \u015feyler okuyabilme, hayatlar\u0131n\u0131n gidi\u015fat\u0131n\u0131 de\u011fi\u015ftirme ve a\u015fk\u0131<span class=\"excerpt-hellip\"> [\u2026]<\/span><\/p>\n","protected":false},"featured_media":0,"template":"","meta":{"_monsterinsights_skip_tracking":false,"_monsterinsights_sitenote_active":false,"_monsterinsights_sitenote_note":"","_monsterinsights_sitenote_category":0},"product_brand":[],"product_cat":[12275,12274],"product_tag":[],"class_list":{"0":"post-713608","1":"product","2":"type-product","3":"status-publish","5":"product_cat-6-12-yas-kitaplari","6":"product_cat-cocuk-ve-genclik-kitaplari","7":"pa_cilt-ciltsiz","8":"pa_tur-kitap","9":"pa_yayinevi-yapi-kredi-yayinlari","10":"pa_yazar-elisabeth-brami-esttelle-billon-spagnol","12":"first","13":"instock","14":"sale","15":"shipping-taxable","16":"purchasable","17":"product-type-simple"},"_links":{"self":[{"href":"https:\/\/roveyayinevi.com.tr\/index.php\/wp-json\/wp\/v2\/product\/713608","targetHints":{"allow":["GET"]}}],"collection":[{"href":"https:\/\/roveyayinevi.com.tr\/index.php\/wp-json\/wp\/v2\/product"}],"about":[{"href":"https:\/\/roveyayinevi.com.tr\/index.php\/wp-json\/wp\/v2\/types\/product"}],"wp:attachment":[{"href":"https:\/\/roveyayinevi.com.tr\/index.php\/wp-json\/wp\/v2\/media?parent=713608"}],"wp:term":[{"taxonomy":"product_brand","embeddable":true,"href":"https:\/\/roveyayinevi.com.tr\/index.php\/wp-json\/wp\/v2\/product_brand?post=713608"},{"taxonomy":"product_cat","embeddable":true,"href":"https:\/\/roveyayinevi.com.tr\/index.php\/wp-json\/wp\/v2\/product_cat?post=713608"},{"taxonomy":"product_tag","embeddable":true,"href":"https:\/\/roveyayinevi.com.tr\/index.php\/wp-json\/wp\/v2\/product_tag?post=713608"}],"curies":[{"name":"wp","href":"https:\/\/api.w.org\/{rel}","templated":true}]}}