{"id":713606,"date":"2025-08-27T17:09:05","date_gmt":"2025-08-27T14:09:05","guid":{"rendered":"https:\/\/roveyayinevi.com.tr\/index.php\/urun\/harry-potter-sihir-tarihinde-bir-yolculuk\/"},"modified":"2026-04-16T02:22:16","modified_gmt":"2026-04-15T23:22:16","slug":"harry-potter-sihir-tarihinde-bir-yolculuk","status":"publish","type":"product","link":"https:\/\/roveyayinevi.com.tr\/index.php\/urun\/harry-potter-sihir-tarihinde-bir-yolculuk\/","title":{"rendered":"Harry Potter: Sihir Tarihinde Bir Yolculuk"},"content":{"rendered":"<p>Harry Potter ve Felsefe Ta\u015f\u0131\u2019n\u0131n yay\u0131mlan\u0131\u015f\u0131n\u0131n yirminci y\u0131l\u0131 \u015ferefine, okurlar bin seneyi a\u015fk\u0131n sihirli bir tarihi kapsayan bu kitapta Sihirli Yarat\u0131klar\u0131n Bak\u0131m\u0131\u2019ndan Bitkibilim\u2019e, Karanl\u0131k Sanatlara Kar\u015f\u0131 Savunma\u2019dan Astronomi\u2019ye, Kehanet\u2019e ve di\u011ferlerine, Hogwarts ders program\u0131nda b\u00fcy\u00fcleyici bir yolculu\u011fa \u00e7\u0131kar\u0131l\u0131yor. British Library\u2019nin ar\u015fivlerinden \u00e7\u0131kan hayranl\u0131k verici e\u015fyalarla, J.K. Rowling\u2019in daha \u00f6nce hi\u00e7 g\u00f6r\u00fclmemi\u015f eskizleri ve el yazmalar\u0131yla ve \u00e7izer Jim Kay\u2019in inan\u0131lmaz ill\u00fcstrasyonlar\u0131yla hayretten hayrete s\u00fcr\u00fcklenmeye haz\u0131r olun. Felsefe Ta\u015f\u0131\u2019n\u0131n k\u00f6keninin, devasa ejderhalar\u0131n ve ba\u015f belas\u0131 ifritlerin arkas\u0131ndaki ger\u00e7e\u011fi \u00f6\u011frenin; kendi iksirinizi yarat\u0131n; ger\u00e7ek asalar\u0131 ve bir adamotuna neyin \u00e7\u0131\u011fl\u0131k att\u0131rd\u0131\u011f\u0131n\u0131 ortaya \u00e7\u0131kar\u0131n; da Vinci\u2019nin defterinin ola\u011fan\u00fcst\u00fc sayfalar\u0131 aras\u0131nda gezinin ve gece g\u00f6\u011f\u00fcn\u00fcn en kadim atlas\u0131n\u0131 ke\u015ffedin. British Library taraf\u0131ndan itinayla se\u00e7ilmi\u015f olan ve d\u00fcnyan\u0131n d\u00f6rt bir yan\u0131ndan ola\u011fan\u00fcst\u00fc hazinelere yer veren bu unutulmaz yolculuk, Harry Potter hik\u00e2yelerinin kalbindeki sihrin tarihini ele al\u0131yor. \ufffcTan\u0131t\u0131m Metni<\/p>\n","protected":false},"excerpt":{"rendered":"<p>Harry Potter ve Felsefe Ta\u015f\u0131\u2019n\u0131n yay\u0131mlan\u0131\u015f\u0131n\u0131n yirminci y\u0131l\u0131 \u015ferefine, okurlar bin seneyi a\u015fk\u0131n sihirli bir tarihi kapsayan bu kitapta Sihirli Yarat\u0131klar\u0131n Bak\u0131m\u0131\u2019ndan Bitkibilim\u2019e, Karanl\u0131k Sanatlara Kar\u015f\u0131<span class=\"excerpt-hellip\"> [\u2026]<\/span><\/p>\n","protected":false},"featured_media":0,"template":"","meta":{"_monsterinsights_skip_tracking":false,"_monsterinsights_sitenote_active":false,"_monsterinsights_sitenote_note":"","_monsterinsights_sitenote_category":0},"product_brand":[],"product_cat":[12291,14777],"product_tag":[],"class_list":{"0":"post-713606","1":"product","2":"type-product","3":"status-publish","5":"product_cat-edebiyat","6":"product_cat-fantastik","7":"pa_cilt-ciltsiz","8":"pa_tur-kitap","9":"pa_yayinevi-yapi-kredi-yayinlari-kultur","10":"pa_yazar-kollektif","12":"first","13":"instock","14":"sale","15":"shipping-taxable","16":"purchasable","17":"product-type-simple"},"_links":{"self":[{"href":"https:\/\/roveyayinevi.com.tr\/index.php\/wp-json\/wp\/v2\/product\/713606","targetHints":{"allow":["GET"]}}],"collection":[{"href":"https:\/\/roveyayinevi.com.tr\/index.php\/wp-json\/wp\/v2\/product"}],"about":[{"href":"https:\/\/roveyayinevi.com.tr\/index.php\/wp-json\/wp\/v2\/types\/product"}],"wp:attachment":[{"href":"https:\/\/roveyayinevi.com.tr\/index.php\/wp-json\/wp\/v2\/media?parent=713606"}],"wp:term":[{"taxonomy":"product_brand","embeddable":true,"href":"https:\/\/roveyayinevi.com.tr\/index.php\/wp-json\/wp\/v2\/product_brand?post=713606"},{"taxonomy":"product_cat","embeddable":true,"href":"https:\/\/roveyayinevi.com.tr\/index.php\/wp-json\/wp\/v2\/product_cat?post=713606"},{"taxonomy":"product_tag","embeddable":true,"href":"https:\/\/roveyayinevi.com.tr\/index.php\/wp-json\/wp\/v2\/product_tag?post=713606"}],"curies":[{"name":"wp","href":"https:\/\/api.w.org\/{rel}","templated":true}]}}