{"id":713604,"date":"2025-08-27T17:09:04","date_gmt":"2025-08-27T14:09:04","guid":{"rendered":"https:\/\/roveyayinevi.com.tr\/index.php\/urun\/elif-ve-bit-alarmi-ilk-okuma-kitabim\/"},"modified":"2026-04-16T02:22:16","modified_gmt":"2026-04-15T23:22:16","slug":"elif-ve-bit-alarmi-ilk-okuma-kitabim","status":"publish","type":"product","link":"https:\/\/roveyayinevi.com.tr\/index.php\/urun\/elif-ve-bit-alarmi-ilk-okuma-kitabim\/","title":{"rendered":"Elif ve Bit Alarm\u0131 &#8211; \u0130lk Okuma Kitab\u0131m"},"content":{"rendered":"<p>Acil durum! Elif\u2019in anaokulunda bit alarm\u0131 verildi! Elif\u2019in s\u00fcrekli kafas\u0131n\u0131 ka\u015f\u0131mas\u0131 \u00f6\u011fretmeninin g\u00f6z\u00fcnden ka\u00e7mad\u0131. \u00dcstelik baz\u0131 arkada\u015flar\u0131 da ayn\u0131 durumdayd\u0131. \u00d6\u011fretmen hemen velilere haber vererek neler yap\u0131lmas\u0131 gerekti\u011fini anlatan bir mektup g\u00f6nderdi. \u00c7ok ge\u00e7meden bit av\u0131 ba\u015far\u0131yla sonu\u00e7land\u0131. Ancak tehlike devam edebilirdi! \ufffcTan\u0131t\u0131m Metni<\/p>\n","protected":false},"excerpt":{"rendered":"<p>Acil durum! Elif\u2019in anaokulunda bit alarm\u0131 verildi! Elif\u2019in s\u00fcrekli kafas\u0131n\u0131 ka\u015f\u0131mas\u0131 \u00f6\u011fretmeninin g\u00f6z\u00fcnden ka\u00e7mad\u0131. \u00dcstelik baz\u0131 arkada\u015flar\u0131 da ayn\u0131 durumdayd\u0131. \u00d6\u011fretmen hemen velilere haber vererek neler<span class=\"excerpt-hellip\"> [\u2026]<\/span><\/p>\n","protected":false},"featured_media":0,"template":"","meta":{"_monsterinsights_skip_tracking":false,"_monsterinsights_sitenote_active":false,"_monsterinsights_sitenote_note":"","_monsterinsights_sitenote_category":0},"product_brand":[],"product_cat":[12274,12518],"product_tag":[],"class_list":{"0":"post-713604","1":"product","2":"type-product","3":"status-publish","5":"product_cat-cocuk-ve-genclik-kitaplari","6":"product_cat-okul-oncesi-kitaplar","7":"pa_cilt-ciltsiz","8":"pa_tur-kitap","9":"pa_yayinevi-is-bankasi-kultur-yayinlari","10":"pa_yazar-liane-schneider","12":"first","13":"instock","14":"sale","15":"shipping-taxable","16":"purchasable","17":"product-type-simple"},"_links":{"self":[{"href":"https:\/\/roveyayinevi.com.tr\/index.php\/wp-json\/wp\/v2\/product\/713604","targetHints":{"allow":["GET"]}}],"collection":[{"href":"https:\/\/roveyayinevi.com.tr\/index.php\/wp-json\/wp\/v2\/product"}],"about":[{"href":"https:\/\/roveyayinevi.com.tr\/index.php\/wp-json\/wp\/v2\/types\/product"}],"wp:attachment":[{"href":"https:\/\/roveyayinevi.com.tr\/index.php\/wp-json\/wp\/v2\/media?parent=713604"}],"wp:term":[{"taxonomy":"product_brand","embeddable":true,"href":"https:\/\/roveyayinevi.com.tr\/index.php\/wp-json\/wp\/v2\/product_brand?post=713604"},{"taxonomy":"product_cat","embeddable":true,"href":"https:\/\/roveyayinevi.com.tr\/index.php\/wp-json\/wp\/v2\/product_cat?post=713604"},{"taxonomy":"product_tag","embeddable":true,"href":"https:\/\/roveyayinevi.com.tr\/index.php\/wp-json\/wp\/v2\/product_tag?post=713604"}],"curies":[{"name":"wp","href":"https:\/\/api.w.org\/{rel}","templated":true}]}}