{"id":713603,"date":"2025-08-27T17:09:04","date_gmt":"2025-08-27T14:09:04","guid":{"rendered":"https:\/\/roveyayinevi.com.tr\/index.php\/urun\/balkan-harbinde-osmanli-ordusunun-ulastirma-faaliyetleri-1912-1913\/"},"modified":"2026-04-16T02:22:16","modified_gmt":"2026-04-15T23:22:16","slug":"balkan-harbinde-osmanli-ordusunun-ulastirma-faaliyetleri-1912-1913","status":"publish","type":"product","link":"https:\/\/roveyayinevi.com.tr\/index.php\/urun\/balkan-harbinde-osmanli-ordusunun-ulastirma-faaliyetleri-1912-1913\/","title":{"rendered":"Balkan Harbi&#8217;nde Osmanl\u0131 Ordusu&#8217;nun Ula\u015ft\u0131rma Faaliyetleri 1912-1913"},"content":{"rendered":"<p>Balkan Harbi sebepleri, cereyan edi\u015fi ve sonu\u00e7lar\u0131 bak\u0131m\u0131ndanincelenmesi gereken siyasi, diplomatik, ekonomik ve askeri a\u00e7\u0131lardan sonderece karma\u015f\u0131k bir yap\u0131ya sahiptir. Osmanl\u0131 \u0130mparatorlu\u011fu\u2019nun BalkanHarbi\u2019nde ma\u011flubiyete u\u011framas\u0131 askeri a\u00e7\u0131dan da strateji, taktik, idarisorunlar ile e\u011fitim, disiplin, ate\u015f g\u00fcc\u00fc gibi pek \u00e7ok alt ba\u015fl\u0131kla ili\u015fkilidir. Ula\u015ft\u0131rma faaliyetleri ise bu ba\u015fl\u0131klar aras\u0131nda en can al\u0131c\u0131 olan\u0131d\u0131r.Balkan Harbi\u2019nde Osmanl\u0131 Ordusu\u2019nun Ula\u015ft\u0131rma Faaliyetleri,y\u0131\u011f\u0131naklanmadan harek\u00e2t alan\u0131ndaki idameyi sa\u011flayan lojisti\u011fe kadart\u00fcm safhalardaki ula\u015ft\u0131rma hizmetlerini inceliyor. Ordunun harek\u00e2talan\u0131na ula\u015f\u0131ncaya kadar ne t\u00fcr zorluklarla kar\u015f\u0131la\u015ft\u0131\u011f\u0131, yiyecek-i\u00e7ecek vem\u00fchimmat gibi ikmal maddelerinin buralara nas\u0131l ula\u015ft\u0131r\u0131lmaya \u00e7al\u0131\u015f\u0131ld\u0131\u011f\u0131askeri belgelere dayanarak ayr\u0131nt\u0131l\u0131\u015fekilde ele al\u0131n\u0131yor. <\/p>\n","protected":false},"excerpt":{"rendered":"<p>Balkan Harbi sebepleri, cereyan edi\u015fi ve sonu\u00e7lar\u0131 bak\u0131m\u0131ndanincelenmesi gereken siyasi, diplomatik, ekonomik ve askeri a\u00e7\u0131lardan sonderece karma\u015f\u0131k bir yap\u0131ya sahiptir. Osmanl\u0131 \u0130mparatorlu\u011fu\u2019nun BalkanHarbi\u2019nde ma\u011flubiyete u\u011framas\u0131 askeri<span class=\"excerpt-hellip\"> [\u2026]<\/span><\/p>\n","protected":false},"featured_media":0,"template":"","meta":{"_monsterinsights_skip_tracking":false,"_monsterinsights_sitenote_active":false,"_monsterinsights_sitenote_note":"","_monsterinsights_sitenote_category":0},"product_brand":[],"product_cat":[12370,12304],"product_tag":[],"class_list":{"0":"post-713603","1":"product","2":"type-product","3":"status-publish","5":"product_cat-arastirma-inceleme","6":"product_cat-tarih","7":"pa_cilt-ciltsiz","8":"pa_tur-kitap","9":"pa_yayinevi-is-bankasi-kultur-yayinlari","10":"pa_yazar-bulent-durgun","12":"first","13":"instock","14":"sale","15":"shipping-taxable","16":"purchasable","17":"product-type-simple"},"_links":{"self":[{"href":"https:\/\/roveyayinevi.com.tr\/index.php\/wp-json\/wp\/v2\/product\/713603","targetHints":{"allow":["GET"]}}],"collection":[{"href":"https:\/\/roveyayinevi.com.tr\/index.php\/wp-json\/wp\/v2\/product"}],"about":[{"href":"https:\/\/roveyayinevi.com.tr\/index.php\/wp-json\/wp\/v2\/types\/product"}],"wp:attachment":[{"href":"https:\/\/roveyayinevi.com.tr\/index.php\/wp-json\/wp\/v2\/media?parent=713603"}],"wp:term":[{"taxonomy":"product_brand","embeddable":true,"href":"https:\/\/roveyayinevi.com.tr\/index.php\/wp-json\/wp\/v2\/product_brand?post=713603"},{"taxonomy":"product_cat","embeddable":true,"href":"https:\/\/roveyayinevi.com.tr\/index.php\/wp-json\/wp\/v2\/product_cat?post=713603"},{"taxonomy":"product_tag","embeddable":true,"href":"https:\/\/roveyayinevi.com.tr\/index.php\/wp-json\/wp\/v2\/product_tag?post=713603"}],"curies":[{"name":"wp","href":"https:\/\/api.w.org\/{rel}","templated":true}]}}