{"id":713602,"date":"2025-08-27T17:09:03","date_gmt":"2025-08-27T14:09:03","guid":{"rendered":"https:\/\/roveyayinevi.com.tr\/index.php\/urun\/bestulumdan-zirkoye-bir-kibris-cocuklugu-ve-ilkgencligi-1940-1963\/"},"modified":"2026-04-16T02:22:16","modified_gmt":"2026-04-15T23:22:16","slug":"bestulumdan-zirkoye-bir-kibris-cocuklugu-ve-ilkgencligi-1940-1963","status":"publish","type":"product","link":"https:\/\/roveyayinevi.com.tr\/index.php\/urun\/bestulumdan-zirkoye-bir-kibris-cocuklugu-ve-ilkgencligi-1940-1963\/","title":{"rendered":"Be\u015ftulum&#8217;dan Zirk\u00f6y&#8217;e &#8211; Bir K\u0131br\u0131s \u00c7ocuklu\u011fu ve \u0130lkgen\u00e7li\u011fi 1940-1963"},"content":{"rendered":"<p>\u0130smail Bozkurt, direni\u015f ve m\u00fccahitlik y\u0131llar\u0131n\u0131(1955-1968) kaleme ald\u0131\u011f\u0131 ve bu dizidenyay\u0131mlanan Zirk\u00f6y\u2019den Mermertepe\u2019ye kitab\u0131n\u0131nard\u0131ndan an\u0131lar\u0131n\u0131n bu cildinde \u00e7ocukluk ve ilkgen\u00e7lik y\u0131llar\u0131n\u0131 anlat\u0131yor. \u00c7ocuklu\u011fu T\u00fcrkler ile Rumlar\u0131n yan yanaya\u015fad\u0131\u011f\u0131 G\u00fcney K\u0131br\u0131s\u2019\u0131n L\u00e2rnaka il\u00e7esine ba\u011fl\u0131 Bo\u011fazi\u00e7i\/Aytotro k\u00f6y\u00fcnde ge\u00e7en Bozkurt, buy\u0131llar\u0131 geni\u015f bir perspektiften ele al\u0131yor. K\u00f6y\u00fcn\u00fcninsanlar\u0131ndan Rum kom\u015fular\u0131na; bayramlardand\u00fc\u011f\u00fcnlere; geleneksel yemeklerden ge\u00e7imkaynaklar\u0131na kadar ayr\u0131nt\u0131lar\u0131yla anlatt\u0131\u011f\u0131an\u0131lar\u0131nda K\u0131br\u0131sl\u0131 T\u00fcrkler\u2019in ya\u015famlar\u0131na tan\u0131kl\u0131k ediyor. <\/p>\n","protected":false},"excerpt":{"rendered":"<p>\u0130smail Bozkurt, direni\u015f ve m\u00fccahitlik y\u0131llar\u0131n\u0131(1955-1968) kaleme ald\u0131\u011f\u0131 ve bu dizidenyay\u0131mlanan Zirk\u00f6y\u2019den Mermertepe\u2019ye kitab\u0131n\u0131nard\u0131ndan an\u0131lar\u0131n\u0131n bu cildinde \u00e7ocukluk ve ilkgen\u00e7lik y\u0131llar\u0131n\u0131 anlat\u0131yor. \u00c7ocuklu\u011fu T\u00fcrkler ile Rumlar\u0131n<span class=\"excerpt-hellip\"> [\u2026]<\/span><\/p>\n","protected":false},"featured_media":0,"template":"","meta":{"_monsterinsights_skip_tracking":false,"_monsterinsights_sitenote_active":false,"_monsterinsights_sitenote_note":"","_monsterinsights_sitenote_category":0},"product_brand":[],"product_cat":[13701,12291],"product_tag":[],"class_list":{"0":"post-713602","1":"product","2":"type-product","3":"status-publish","5":"product_cat-ani-mektup-gunluk","6":"product_cat-edebiyat","7":"pa_cilt-ciltsiz","8":"pa_tur-kitap","9":"pa_yayinevi-is-bankasi-kultur-yayinlari","10":"pa_yazar-ismail-bozkurt","12":"first","13":"instock","14":"sale","15":"shipping-taxable","16":"purchasable","17":"product-type-simple"},"_links":{"self":[{"href":"https:\/\/roveyayinevi.com.tr\/index.php\/wp-json\/wp\/v2\/product\/713602","targetHints":{"allow":["GET"]}}],"collection":[{"href":"https:\/\/roveyayinevi.com.tr\/index.php\/wp-json\/wp\/v2\/product"}],"about":[{"href":"https:\/\/roveyayinevi.com.tr\/index.php\/wp-json\/wp\/v2\/types\/product"}],"wp:attachment":[{"href":"https:\/\/roveyayinevi.com.tr\/index.php\/wp-json\/wp\/v2\/media?parent=713602"}],"wp:term":[{"taxonomy":"product_brand","embeddable":true,"href":"https:\/\/roveyayinevi.com.tr\/index.php\/wp-json\/wp\/v2\/product_brand?post=713602"},{"taxonomy":"product_cat","embeddable":true,"href":"https:\/\/roveyayinevi.com.tr\/index.php\/wp-json\/wp\/v2\/product_cat?post=713602"},{"taxonomy":"product_tag","embeddable":true,"href":"https:\/\/roveyayinevi.com.tr\/index.php\/wp-json\/wp\/v2\/product_tag?post=713602"}],"curies":[{"name":"wp","href":"https:\/\/api.w.org\/{rel}","templated":true}]}}