{"id":713599,"date":"2025-08-27T17:09:01","date_gmt":"2025-08-27T14:09:01","guid":{"rendered":"https:\/\/roveyayinevi.com.tr\/index.php\/urun\/intibah-6\/"},"modified":"2026-04-16T02:22:16","modified_gmt":"2026-04-15T23:22:16","slug":"intibah-6","status":"publish","type":"product","link":"https:\/\/roveyayinevi.com.tr\/index.php\/urun\/intibah-6\/","title":{"rendered":"\u0130ntibah"},"content":{"rendered":"<p>\u201c\u0130nsan vicdan\u0131ndaki s\u0131rlar\u0131, kalbin en gizli k\u00f6\u015felerine ula\u015fmad\u0131k\u00e7a bulmak imk\u00e2ns\u0131zd\u0131r\u2026\u201d Arka fonunu Osmanl\u0131 sosyal ya\u015fam\u0131n\u0131n olu\u015fturdu\u011fu \u0130ntibah, \u0130stanbul\u2019un \u00c7aml\u0131ca ve mesire yerlerinde ge\u00e7er. Kalbur\u00fcst\u00fc bir ailede, iyi bir e\u011fitim ve terbiyeyle yeti\u015fen Ali Bey\u2019in hayat\u0131 Mehpeyker adl\u0131 hafifme\u015frep bir kad\u0131na \u00e2\u015f\u0131k olmas\u0131yla de\u011fi\u015fir. Maddi manevi y\u0131k\u0131ma s\u00fcr\u00fcklenen bu gen\u00e7 adam\u0131n i\u00e7 d\u00fcnyas\u0131n\u0131 Nam\u0131k Kemal, eski edebiyat\u0131m\u0131zla yeni edebiyat aras\u0131nda k\u00f6pr\u00fc kurarak tahlil ediyor. Edebiyat\u0131m\u0131z\u0131n ilk edebi roman\u0131 kabul edilen \u0130ntibah\u2019\u0131, Nam\u0131k Kemal\u2019in bilinmeyen \u00d6ns\u00f6z\u2019\u00fcyle birlikte sunuyoruz.<\/p>\n","protected":false},"excerpt":{"rendered":"<p>\u201c\u0130nsan vicdan\u0131ndaki s\u0131rlar\u0131, kalbin en gizli k\u00f6\u015felerine ula\u015fmad\u0131k\u00e7a bulmak imk\u00e2ns\u0131zd\u0131r\u2026\u201d Arka fonunu Osmanl\u0131 sosyal ya\u015fam\u0131n\u0131n olu\u015fturdu\u011fu \u0130ntibah, \u0130stanbul\u2019un \u00c7aml\u0131ca ve mesire yerlerinde ge\u00e7er. Kalbur\u00fcst\u00fc bir ailede,<span class=\"excerpt-hellip\"> [\u2026]<\/span><\/p>\n","protected":false},"featured_media":0,"template":"","meta":{"_monsterinsights_skip_tracking":false,"_monsterinsights_sitenote_active":false,"_monsterinsights_sitenote_note":"","_monsterinsights_sitenote_category":0},"product_brand":[],"product_cat":[12274,20117],"product_tag":[],"class_list":{"0":"post-713599","1":"product","2":"type-product","3":"status-publish","5":"product_cat-cocuk-ve-genclik-kitaplari","6":"product_cat-turk-klasikleri","7":"pa_cilt-ciltsiz","8":"pa_tur-kitap","9":"pa_yayinevi-is-bankasi-kultur-yayinlari","10":"pa_yazar-namik-kemal","12":"first","13":"instock","14":"sale","15":"shipping-taxable","16":"purchasable","17":"product-type-simple"},"_links":{"self":[{"href":"https:\/\/roveyayinevi.com.tr\/index.php\/wp-json\/wp\/v2\/product\/713599","targetHints":{"allow":["GET"]}}],"collection":[{"href":"https:\/\/roveyayinevi.com.tr\/index.php\/wp-json\/wp\/v2\/product"}],"about":[{"href":"https:\/\/roveyayinevi.com.tr\/index.php\/wp-json\/wp\/v2\/types\/product"}],"wp:attachment":[{"href":"https:\/\/roveyayinevi.com.tr\/index.php\/wp-json\/wp\/v2\/media?parent=713599"}],"wp:term":[{"taxonomy":"product_brand","embeddable":true,"href":"https:\/\/roveyayinevi.com.tr\/index.php\/wp-json\/wp\/v2\/product_brand?post=713599"},{"taxonomy":"product_cat","embeddable":true,"href":"https:\/\/roveyayinevi.com.tr\/index.php\/wp-json\/wp\/v2\/product_cat?post=713599"},{"taxonomy":"product_tag","embeddable":true,"href":"https:\/\/roveyayinevi.com.tr\/index.php\/wp-json\/wp\/v2\/product_tag?post=713599"}],"curies":[{"name":"wp","href":"https:\/\/api.w.org\/{rel}","templated":true}]}}