{"id":713598,"date":"2025-08-27T17:09:01","date_gmt":"2025-08-27T14:09:01","guid":{"rendered":"https:\/\/roveyayinevi.com.tr\/index.php\/urun\/efsuncu-baba\/"},"modified":"2026-04-16T02:22:16","modified_gmt":"2026-04-15T23:22:16","slug":"efsuncu-baba","status":"publish","type":"product","link":"https:\/\/roveyayinevi.com.tr\/index.php\/urun\/efsuncu-baba\/","title":{"rendered":"Efsuncu Baba"},"content":{"rendered":"<p>Efsuncu Baba b\u00fcy\u00fcyle, simyayla, t\u0131ls\u0131mla u\u011fra\u015fan; define aramak, madeni alt\u0131na \u00e7evirmek, y\u0131ld\u0131znamelerden \u00e2lemin s\u0131rr\u0131n\u0131 \u00e7\u00f6zmek gibi heveslere kap\u0131lm\u0131\u015f bir zat-\u0131 muhteremdir. Onun d\u00fcnyas\u0131n\u0131 bat\u0131l inan\u00e7lar\u0131 \u015fekillendirir,her ad\u0131m\u0131n\u0131 bu hurafelere g\u00f6re atar. Eline yeni bir kitap ge\u00e7er, \u0130stanbul\u2019un b\u00fct\u00fcn defineleri \u015fifreli halde bildirilmi\u015ftir bu kitapta. Defineye ula\u015fmak i\u00e7in t\u0131ls\u0131m\u0131 kald\u0131rmas\u0131 gerekir, bu da Binbirdirek\u2019teki anahtar\u0131 ve kendisine yard\u0131mc\u0131olacak insan suretinde iki mele\u011fi bulmas\u0131na ba\u011fl\u0131d\u0131r. B\u00f6ylece Kirkor ve Agop\u2019la tan\u0131\u015f\u0131r\u0131z. Kar\u0131n toklu\u011funa \u00e7al\u0131\u015fan, ortaoyunundan f\u0131rlama bu iki komik tip Efsuncu Baba\u2019n\u0131n kar\u0131s\u0131 ve k\u0131z\u0131yla ya\u015fad\u0131\u011f\u0131 kona\u011fa ta\u015f\u0131n\u0131r. Entrika giderek t\u00fcm aileyi sarar. H\u00fcseyin Rahmi sofu g\u00f6r\u00fcn\u00fcml\u00fc budala karakterlerinden birini daha insanl\u0131\u011f\u0131n en b\u00fcy\u00fck derdi olarak, g\u00fclmeceyle s\u00fcsl\u00fc ser\u00fcvenli bir dille canland\u0131r\u0131yor.<\/p>\n","protected":false},"excerpt":{"rendered":"<p>Efsuncu Baba b\u00fcy\u00fcyle, simyayla, t\u0131ls\u0131mla u\u011fra\u015fan; define aramak, madeni alt\u0131na \u00e7evirmek, y\u0131ld\u0131znamelerden \u00e2lemin s\u0131rr\u0131n\u0131 \u00e7\u00f6zmek gibi heveslere kap\u0131lm\u0131\u015f bir zat-\u0131 muhteremdir. Onun d\u00fcnyas\u0131n\u0131 bat\u0131l inan\u00e7lar\u0131 \u015fekillendirir,her<span class=\"excerpt-hellip\"> [\u2026]<\/span><\/p>\n","protected":false},"featured_media":0,"template":"","meta":{"_monsterinsights_skip_tracking":false,"_monsterinsights_sitenote_active":false,"_monsterinsights_sitenote_note":"","_monsterinsights_sitenote_category":0},"product_brand":[],"product_cat":[12274,20117],"product_tag":[],"class_list":{"0":"post-713598","1":"product","2":"type-product","3":"status-publish","5":"product_cat-cocuk-ve-genclik-kitaplari","6":"product_cat-turk-klasikleri","7":"pa_cilt-ciltsiz","8":"pa_tur-kitap","9":"pa_yayinevi-is-bankasi-kultur-yayinlari","10":"pa_yazar-huseyin-rahmi-gurpinar","12":"first","13":"instock","14":"sale","15":"shipping-taxable","16":"purchasable","17":"product-type-simple"},"_links":{"self":[{"href":"https:\/\/roveyayinevi.com.tr\/index.php\/wp-json\/wp\/v2\/product\/713598","targetHints":{"allow":["GET"]}}],"collection":[{"href":"https:\/\/roveyayinevi.com.tr\/index.php\/wp-json\/wp\/v2\/product"}],"about":[{"href":"https:\/\/roveyayinevi.com.tr\/index.php\/wp-json\/wp\/v2\/types\/product"}],"wp:attachment":[{"href":"https:\/\/roveyayinevi.com.tr\/index.php\/wp-json\/wp\/v2\/media?parent=713598"}],"wp:term":[{"taxonomy":"product_brand","embeddable":true,"href":"https:\/\/roveyayinevi.com.tr\/index.php\/wp-json\/wp\/v2\/product_brand?post=713598"},{"taxonomy":"product_cat","embeddable":true,"href":"https:\/\/roveyayinevi.com.tr\/index.php\/wp-json\/wp\/v2\/product_cat?post=713598"},{"taxonomy":"product_tag","embeddable":true,"href":"https:\/\/roveyayinevi.com.tr\/index.php\/wp-json\/wp\/v2\/product_tag?post=713598"}],"curies":[{"name":"wp","href":"https:\/\/api.w.org\/{rel}","templated":true}]}}