{"id":713596,"date":"2025-08-27T17:09:00","date_gmt":"2025-08-27T14:09:00","guid":{"rendered":"https:\/\/roveyayinevi.com.tr\/index.php\/urun\/varliktan-baska-levinasin-metafizigine-giris\/"},"modified":"2026-04-16T02:22:16","modified_gmt":"2026-04-15T23:22:16","slug":"varliktan-baska-levinasin-metafizigine-giris","status":"publish","type":"product","link":"https:\/\/roveyayinevi.com.tr\/index.php\/urun\/varliktan-baska-levinasin-metafizigine-giris\/","title":{"rendered":"Varl\u0131ktan Ba\u015fka Levinas&#8217;\u0131n Metafizi\u011fine Giri\u015f"},"content":{"rendered":"<p>Levinas\u2019a g\u00f6re etik yoluylad\u0131r ki \u00f6zne, kendini \u2018kendine \u00e7ak\u0131l\u0131\u2019 olarak buldu\u011fu varl\u0131\u011f\u0131n kesif anlams\u0131zl\u0131\u011f\u0131ndan ve bo\u011fucu atmosferinden kurtulur. Etik, ba\u015fkas\u0131 ile nam-\u0131 di\u011fer \u00f6teki ile dolays\u0131z ve asimetrik \u00e7\u0131kar g\u00f6zetmez ili\u015fkidir tam olarak. Etik terimlerde ifadesini bulan \u00f6tekiyle kar\u015f\u0131la\u015fma, varl\u0131\u011f\u0131 a\u015fman\u0131n, dolay\u0131s\u0131yla a\u015fk\u0131nl\u0131\u011f\u0131n bir, hatta biricik imkan\u0131d\u0131r. Etikte ve etik yoluyla varl\u0131\u011f\u0131n i\u00e7kin ve \u00e7\u0131kar-esasl\u0131 d\u00fczeni \u00e7atlar ki insan haddizat\u0131nda varl\u0131ktaki bu \u00e7atlakt\u0131r.Levinas\u00e7\u0131 metafizi\u011fin yani ilk felsefe olarak eti\u011fin belli ba\u015fl\u0131 nirengi noktalar\u0131n\u0131 ele almay\u0131 ama\u00e7layan bu kitaptaki analizler, birbiriyle s\u0131k\u0131 s\u0131k\u0131ya ili\u015fkili d\u00f6rt merkezi mefhum etraf\u0131nda d\u00f6nmektedir: ba\u015fkal\u0131k anlam duyarl\u0131k \u00f6znelik. Etik tasavvurunu temelde bu mefhumlar \u00fczerinden geli\u015ftiren filozof, s\u00f6z konusu mefhumlar\u0131n ve onlarla ba\u011flant\u0131l\u0131 di\u011ferlerinin trans-ontolojik, dolay\u0131s\u0131yla trans fenomenal anlamlar\u0131n\u0131 a\u00e7\u0131kl\u0131\u011fa kavu\u015fturmaya ve bu yolla da eti\u011fi \u2018her \u015fey\u2019in temeli olarak ortaya koymaya \u00e7al\u0131\u015f\u0131r. Yine, onun ontolojiye, b\u00fct\u00fcnl\u00fck fikrine, idealizme ve\/veya entelekt\u00fcalizme y\u00f6nelik k\u00f6kten ele\u015ftirilerinde bu mefhumlar ve ili\u015fkili olduklar\u0131 meseleler a\u011f\u0131rl\u0131kl\u0131 bir rol oynar.Levinas\u2019\u0131n felsefi d\u00fc\u015f\u00fcncesini geli\u015fimi itibar\u0131yla ortaya koymaya \u00e7al\u0131\u015fan bu kitap, onun ilk felsefe olarak eti\u011fine yani metafizi\u011fine bir giri\u015f, bir \u00f6l\u00e7\u00fcde ele\u015ftirel de olan bir giri\u015f olma niteli\u011finde. Varl\u0131ktan Ba\u015fka, Levinas\u2019\u0131n felsefesi \u00fczerine T\u00fcrk\u00e7e telif edilmi\u015f kitapl\u0131k \u00e7apta ilk \u00e7al\u0131\u015fma. <\/p>\n","protected":false},"excerpt":{"rendered":"<p>Levinas\u2019a g\u00f6re etik yoluylad\u0131r ki \u00f6zne, kendini \u2018kendine \u00e7ak\u0131l\u0131\u2019 olarak buldu\u011fu varl\u0131\u011f\u0131n kesif anlams\u0131zl\u0131\u011f\u0131ndan ve bo\u011fucu atmosferinden kurtulur. Etik, ba\u015fkas\u0131 ile nam-\u0131 di\u011fer \u00f6teki ile dolays\u0131z<span class=\"excerpt-hellip\"> [\u2026]<\/span><\/p>\n","protected":false},"featured_media":0,"template":"","meta":{"_monsterinsights_skip_tracking":false,"_monsterinsights_sitenote_active":false,"_monsterinsights_sitenote_note":"","_monsterinsights_sitenote_category":0},"product_brand":[],"product_cat":[16038,12388],"product_tag":[],"class_list":{"0":"post-713596","1":"product","2":"type-product","3":"status-publish","5":"product_cat-arastirma-inceleme-referans-felsefe","6":"product_cat-felsefe","7":"pa_cilt-ciltsiz","8":"pa_tur-kitap","9":"pa_yayinevi-ketebe-yayinlari","10":"pa_yazar-ozkan-gozel","12":"first","13":"instock","14":"sale","15":"shipping-taxable","16":"purchasable","17":"product-type-simple"},"_links":{"self":[{"href":"https:\/\/roveyayinevi.com.tr\/index.php\/wp-json\/wp\/v2\/product\/713596","targetHints":{"allow":["GET"]}}],"collection":[{"href":"https:\/\/roveyayinevi.com.tr\/index.php\/wp-json\/wp\/v2\/product"}],"about":[{"href":"https:\/\/roveyayinevi.com.tr\/index.php\/wp-json\/wp\/v2\/types\/product"}],"wp:attachment":[{"href":"https:\/\/roveyayinevi.com.tr\/index.php\/wp-json\/wp\/v2\/media?parent=713596"}],"wp:term":[{"taxonomy":"product_brand","embeddable":true,"href":"https:\/\/roveyayinevi.com.tr\/index.php\/wp-json\/wp\/v2\/product_brand?post=713596"},{"taxonomy":"product_cat","embeddable":true,"href":"https:\/\/roveyayinevi.com.tr\/index.php\/wp-json\/wp\/v2\/product_cat?post=713596"},{"taxonomy":"product_tag","embeddable":true,"href":"https:\/\/roveyayinevi.com.tr\/index.php\/wp-json\/wp\/v2\/product_tag?post=713596"}],"curies":[{"name":"wp","href":"https:\/\/api.w.org\/{rel}","templated":true}]}}