{"id":713594,"date":"2025-08-27T17:08:59","date_gmt":"2025-08-27T14:08:59","guid":{"rendered":"https:\/\/roveyayinevi.com.tr\/index.php\/urun\/iznikli-buyuk-bilge-esrefoglu-rumi\/"},"modified":"2026-04-16T02:22:16","modified_gmt":"2026-04-15T23:22:16","slug":"iznikli-buyuk-bilge-esrefoglu-rumi","status":"publish","type":"product","link":"https:\/\/roveyayinevi.com.tr\/index.php\/urun\/iznikli-buyuk-bilge-esrefoglu-rumi\/","title":{"rendered":"\u0130znikli B\u00fcy\u00fck Bilge E\u015frefo\u011flu Rumi"},"content":{"rendered":"<p>Mazimiz inan\u00e7, k\u00fclt\u00fcr, gelenek, sanat ve ilim; insan ve toplum tiplerini i\u00e7ine alan bir b\u00fct\u00fcn halinde bizimle birlikte var olmaya devam etmektedir. O maziyi bizde canl\u0131 k\u0131lan en temel etken, o \u00e7a\u011f\u0131n de\u011ferlerinin bize \u201ckurucu \u015fahsiyetler\u201d taraf\u0131ndan miras b\u0131rak\u0131lm\u0131\u015f olmas\u0131d\u0131r.E\u015frefo\u011flu Rum\u00ee bir co\u011frafyan\u0131n ve zaman\u0131n olu\u015fturdu\u011fu, kemale erince de zaman\u0131 yeniden olu\u015fturan bir kurucu ve kurtar\u0131c\u0131 \u015fahsiyettir. E\u015frefo\u011flu gibi se\u00e7kin insanlar\u0131n bize emanet ettikleri en \u00f6nemli miras, duru T\u00fcrk\u00e7e ve onda gizli g\u00fczelliklerle dolu bize ait d\u00fcnyad\u0131r. Bu kurucu \u015fahsiyet, t\u00fcm zamanlar\u0131n ihtiya\u00e7 duydu\u011fu ruh ve dil kuvvetini topra\u011f\u0131m\u0131za serpmi\u015f ve nice g\u00fcr ve b\u0131\u00e7k\u0131n g\u00f6n\u00fclleri g\u00f6\u011fe do\u011fru y\u00fcceltmi\u015ftir. <\/p>\n","protected":false},"excerpt":{"rendered":"<p>Mazimiz inan\u00e7, k\u00fclt\u00fcr, gelenek, sanat ve ilim; insan ve toplum tiplerini i\u00e7ine alan bir b\u00fct\u00fcn halinde bizimle birlikte var olmaya devam etmektedir. O maziyi bizde canl\u0131<span class=\"excerpt-hellip\"> [\u2026]<\/span><\/p>\n","protected":false},"featured_media":0,"template":"","meta":{"_monsterinsights_skip_tracking":false,"_monsterinsights_sitenote_active":false,"_monsterinsights_sitenote_note":"","_monsterinsights_sitenote_category":0},"product_brand":[],"product_cat":[13072,12291],"product_tag":[],"class_list":{"0":"post-713594","1":"product","2":"type-product","3":"status-publish","5":"product_cat-arastirma-inceleme-referans","6":"product_cat-edebiyat","7":"pa_cilt-ciltsiz","8":"pa_tur-kitap","9":"pa_yayinevi-ketebe-yayinlari","10":"pa_yazar-ali-cancelik","12":"first","13":"instock","14":"sale","15":"shipping-taxable","16":"purchasable","17":"product-type-simple"},"_links":{"self":[{"href":"https:\/\/roveyayinevi.com.tr\/index.php\/wp-json\/wp\/v2\/product\/713594","targetHints":{"allow":["GET"]}}],"collection":[{"href":"https:\/\/roveyayinevi.com.tr\/index.php\/wp-json\/wp\/v2\/product"}],"about":[{"href":"https:\/\/roveyayinevi.com.tr\/index.php\/wp-json\/wp\/v2\/types\/product"}],"wp:attachment":[{"href":"https:\/\/roveyayinevi.com.tr\/index.php\/wp-json\/wp\/v2\/media?parent=713594"}],"wp:term":[{"taxonomy":"product_brand","embeddable":true,"href":"https:\/\/roveyayinevi.com.tr\/index.php\/wp-json\/wp\/v2\/product_brand?post=713594"},{"taxonomy":"product_cat","embeddable":true,"href":"https:\/\/roveyayinevi.com.tr\/index.php\/wp-json\/wp\/v2\/product_cat?post=713594"},{"taxonomy":"product_tag","embeddable":true,"href":"https:\/\/roveyayinevi.com.tr\/index.php\/wp-json\/wp\/v2\/product_tag?post=713594"}],"curies":[{"name":"wp","href":"https:\/\/api.w.org\/{rel}","templated":true}]}}