{"id":713593,"date":"2025-08-27T17:08:58","date_gmt":"2025-08-27T14:08:58","guid":{"rendered":"https:\/\/roveyayinevi.com.tr\/index.php\/urun\/dusunsene-hizir-bendim\/"},"modified":"2026-04-13T02:27:34","modified_gmt":"2026-04-12T23:27:34","slug":"dusunsene-hizir-bendim","status":"publish","type":"product","link":"https:\/\/roveyayinevi.com.tr\/index.php\/urun\/dusunsene-hizir-bendim\/","title":{"rendered":"D\u00fc\u015f\u00fcnsene H\u0131z\u0131r Bendim"},"content":{"rendered":"<p>\u00d6yk\u00fclerin merkezinde aile ve mahalle var. \u015eehirli, mazbut aile diyebiliriz. Kaybeden karakterler de nostaljik karakterler de ne\u015feli h\u0131nz\u0131r karakterler de mevcut. Eksiksiz bir aile foto\u011fraf\u0131 bu sebeple.G\u00fczel (nostaljik) bir aile foto\u011fraf\u0131 ya da bir ka\u00e7 foto\u011fraftan olu\u015fan bir kapak d\u00fc\u015f\u00fcn\u00fclebilir. Ev i\u00e7i ve ayna da (ama evlere has eski belki kenarlar\u0131 k\u00fcflenmi\u015f bir ayna) kitab\u0131n ruhunu ifade eden imajlar.) <\/p>\n","protected":false},"excerpt":{"rendered":"<p>\u00d6yk\u00fclerin merkezinde aile ve mahalle var. \u015eehirli, mazbut aile diyebiliriz. Kaybeden karakterler de nostaljik karakterler de ne\u015feli h\u0131nz\u0131r karakterler de mevcut. Eksiksiz bir aile foto\u011fraf\u0131 bu<span class=\"excerpt-hellip\"> [\u2026]<\/span><\/p>\n","protected":false},"featured_media":0,"template":"","meta":{"_monsterinsights_skip_tracking":false,"_monsterinsights_sitenote_active":false,"_monsterinsights_sitenote_note":"","_monsterinsights_sitenote_category":0},"product_brand":[],"product_cat":[12291,12711],"product_tag":[],"class_list":{"0":"post-713593","1":"product","2":"type-product","3":"status-publish","5":"product_cat-edebiyat","6":"product_cat-roman-oyku","7":"pa_cilt-ciltsiz","8":"pa_tur-kitap","9":"pa_yayinevi-ketebe-yayinlari","10":"pa_yazar-elif-genc","12":"first","13":"instock","14":"sale","15":"shipping-taxable","16":"purchasable","17":"product-type-simple"},"_links":{"self":[{"href":"https:\/\/roveyayinevi.com.tr\/index.php\/wp-json\/wp\/v2\/product\/713593","targetHints":{"allow":["GET"]}}],"collection":[{"href":"https:\/\/roveyayinevi.com.tr\/index.php\/wp-json\/wp\/v2\/product"}],"about":[{"href":"https:\/\/roveyayinevi.com.tr\/index.php\/wp-json\/wp\/v2\/types\/product"}],"wp:attachment":[{"href":"https:\/\/roveyayinevi.com.tr\/index.php\/wp-json\/wp\/v2\/media?parent=713593"}],"wp:term":[{"taxonomy":"product_brand","embeddable":true,"href":"https:\/\/roveyayinevi.com.tr\/index.php\/wp-json\/wp\/v2\/product_brand?post=713593"},{"taxonomy":"product_cat","embeddable":true,"href":"https:\/\/roveyayinevi.com.tr\/index.php\/wp-json\/wp\/v2\/product_cat?post=713593"},{"taxonomy":"product_tag","embeddable":true,"href":"https:\/\/roveyayinevi.com.tr\/index.php\/wp-json\/wp\/v2\/product_tag?post=713593"}],"curies":[{"name":"wp","href":"https:\/\/api.w.org\/{rel}","templated":true}]}}