{"id":713591,"date":"2025-08-27T17:08:57","date_gmt":"2025-08-27T14:08:57","guid":{"rendered":"https:\/\/roveyayinevi.com.tr\/index.php\/urun\/delilleriyle-ehl-i-beyte-meveddet\/"},"modified":"2026-04-16T02:22:16","modified_gmt":"2026-04-15T23:22:16","slug":"delilleriyle-ehl-i-beyte-meveddet","status":"publish","type":"product","link":"https:\/\/roveyayinevi.com.tr\/index.php\/urun\/delilleriyle-ehl-i-beyte-meveddet\/","title":{"rendered":"Delilleriyle Ehl-i Beyt&#8217;e Meveddet"},"content":{"rendered":"<p>Elinizdeki kitap; Yen\u00e2b\u00eeu\u2019l-mevedde, mezheben Hanef\u020b, me\u015freben Nak\u015f\u00ee-Mel\u00e2m\u00ee Seyyid S\u00fcleyman Belh\u00ee taraf\u0131ndan kaleme al\u0131nm\u0131\u015ft\u0131r.\u201cDe ki: Ben buna mukabil sizden akrabama meveddet beslemek d\u0131\u015f\u0131nda bir kar\u015f\u0131l\u0131k istemiyorum\u201d \u00e2yeti gere\u011fince, Efendimiz\u2019in Ehl-i Beyti\u2019ne muhabbet; \u00dcmmet-i Muhammed\u2019in g\u00f6n\u00fcllerinde ma\u2019kes bulmu\u015f ve bulmaya da devam etmektedir. Hz. Peygamber\u2019in taht-\u0131 terbiyesinde yeti\u015fen ve iltifat\u0131na mazhar olan Hamse-i \u00c2l-i Ab\u00e2 ve onlar\u0131n neslinden gelen im\u00e2mlar, m\u00fc\u2019minler i\u00e7in sadece g\u00f6n\u00fcl ayd\u0131nl\u0131\u011f\u0131 de\u011fildir. Efendimiz\u2019in onlar\u0131n ilim, ahl\u00e2k ve irf\u00e2nlar\u0131na d\u00e2ir bey\u00e2nlar\u0131, Ehl-i Beyt-i Mustaf\u00e2\u2019n\u0131n d\u00een\u00ee hayat\u0131n b\u00fct\u00fcn vechelerinde num\u00fbne-i imtis\u00e2l olduklar\u0131n\u0131 ortaya koymaktad\u0131r. Ancak tarih i\u00e7inde \u00fcmmetin i\u00e7ine d\u00fc\u015ft\u00fc\u011f\u00fc siy\u00e2s\u00ee karga\u015fa beraberinde zuhura gelen itik\u00e2d\u00ee tart\u0131\u015fmalar, Kur\u2019\u00e2n ve S\u00fcnnet ile tey\u00eed edilmi\u015f bu hakikatin \u00fczerine bir sis perdesi \u00e7ekmi\u015ftir. \u0130frad ve tefrid noktas\u0131nda hareket eden yakla\u015f\u0131mlar neticesinde ise Ehl-i Beyt\u2019in tefsir, hadis, tasavvuf ve hatta f\u0131k\u0131h gibi ilimlere kaynakl\u0131\u011f\u0131 da yeterince tetk\u00eek edilememi\u015ftir.\u015eeyh Belh\u00ee ise, Ehl-i Beyt\u2019e meveddeti ve bunun gere\u011fini ilm\u00ee usullerle ara\u015ft\u0131rmaya dayal\u0131 olarak tesbit etmeyi hedeflemi\u015f; Ehl-i Beyt\u2019in  fazilet ve menk\u0131belerini, Ehl-i s\u00fcnnet ve\u2019l-cemaatin itimat etti\u011fi kaynaklardan derleyerek bir eser telif etmi\u015ftir.M\u00fcellifin y\u00f6ntem ve \u00fcsl\u00fbbu, Ehl-i Beyt\u2019e meveddet ve onlara t\u00e2b\u00eeli\u011fin, b\u00fct\u00fcn m\u00fcsl\u00fcmanlar\u0131n m\u00fc\u015fterek bulu\u015fma noktas\u0131 oldu\u011funu bir kez daha g\u00f6zler \u00f6n\u00fcne sermektedir. Bu inan\u00e7la; Yen\u00e2b\u00eeu\u2019l-mevedde adl\u0131 bu \u00f6nemli eserin, Delilleriyle Ehl-i Beyt\u2019e Meveddet ba\u015fl\u0131\u011f\u0131 alt\u0131nda Arap\u00e7a\u2019dan T\u00fcrk\u00e7e\u2019ye terc\u00fcme edilerek okuyucumuzla bulu\u015fmas\u0131 hedeflenmi\u015ftir. Sevenlerini ate\u015ften h\u0131fz eden F\u00e2t\u0131mat\u00fc\u2019z-Zehr\u00e2\u2019ya; m\u00fc\u2019min ile m\u00fcn\u00e2f\u0131\u011f\u0131 tefr\u00eek eden Aliyy\u00fc\u2019l-Murtaz\u00e2\u2019ya; iki f\u0131rkay\u0131 sulh eden Hasan\u00fc\u2019l-M\u00fccteb\u00e2\u2019ya; hak\u00eekat yoluna can fed\u00e2 eden H\u00fcseyin-i \u015eeh\u00eed-i Kerbel\u00e2\u2019ya sal\u00e2t \u00fc sel\u00e2m olsun. <\/p>\n","protected":false},"excerpt":{"rendered":"<p>Elinizdeki kitap; Yen\u00e2b\u00eeu\u2019l-mevedde, mezheben Hanef\u020b, me\u015freben Nak\u015f\u00ee-Mel\u00e2m\u00ee Seyyid S\u00fcleyman Belh\u00ee taraf\u0131ndan kaleme al\u0131nm\u0131\u015ft\u0131r.\u201cDe ki: Ben buna mukabil sizden akrabama meveddet beslemek d\u0131\u015f\u0131nda bir kar\u015f\u0131l\u0131k istemiyorum\u201d \u00e2yeti<span class=\"excerpt-hellip\"> [\u2026]<\/span><\/p>\n","protected":false},"featured_media":0,"template":"","meta":{"_monsterinsights_skip_tracking":false,"_monsterinsights_sitenote_active":false,"_monsterinsights_sitenote_note":"","_monsterinsights_sitenote_category":0},"product_brand":[],"product_cat":[12718,12719,15238],"product_tag":[],"class_list":{"0":"post-713591","1":"product","2":"type-product","3":"status-publish","5":"product_cat-din","6":"product_cat-islam","7":"product_cat-tasavvuf","8":"pa_cilt-ciltsiz","9":"pa_tur-kitap","10":"pa_yayinevi-sufi-kitap","11":"pa_yazar-suleyman-belhi","13":"first","14":"instock","15":"sale","16":"shipping-taxable","17":"purchasable","18":"product-type-simple"},"_links":{"self":[{"href":"https:\/\/roveyayinevi.com.tr\/index.php\/wp-json\/wp\/v2\/product\/713591","targetHints":{"allow":["GET"]}}],"collection":[{"href":"https:\/\/roveyayinevi.com.tr\/index.php\/wp-json\/wp\/v2\/product"}],"about":[{"href":"https:\/\/roveyayinevi.com.tr\/index.php\/wp-json\/wp\/v2\/types\/product"}],"wp:attachment":[{"href":"https:\/\/roveyayinevi.com.tr\/index.php\/wp-json\/wp\/v2\/media?parent=713591"}],"wp:term":[{"taxonomy":"product_brand","embeddable":true,"href":"https:\/\/roveyayinevi.com.tr\/index.php\/wp-json\/wp\/v2\/product_brand?post=713591"},{"taxonomy":"product_cat","embeddable":true,"href":"https:\/\/roveyayinevi.com.tr\/index.php\/wp-json\/wp\/v2\/product_cat?post=713591"},{"taxonomy":"product_tag","embeddable":true,"href":"https:\/\/roveyayinevi.com.tr\/index.php\/wp-json\/wp\/v2\/product_tag?post=713591"}],"curies":[{"name":"wp","href":"https:\/\/api.w.org\/{rel}","templated":true}]}}