{"id":713586,"date":"2025-08-27T17:08:54","date_gmt":"2025-08-27T14:08:54","guid":{"rendered":"https:\/\/roveyayinevi.com.tr\/index.php\/urun\/zirvedekiler-1-lionel-messi\/"},"modified":"2026-04-07T02:29:33","modified_gmt":"2026-04-06T23:29:33","slug":"zirvedekiler-1-lionel-messi","status":"publish","type":"product","link":"https:\/\/roveyayinevi.com.tr\/index.php\/urun\/zirvedekiler-1-lionel-messi\/","title":{"rendered":"Zirvedekiler 1 &#8211; Lionel Messi"},"content":{"rendered":"<p>K\u0131r\u0131lgan fizi\u011fi y\u00fcz\u00fcnden \u201cfutbol oynayamaz\u201d denildi, ama o y\u0131lmad\u0131; \u00e7al\u0131\u015ft\u0131, \u00e7abalad\u0131, tedavilere ve zorluklara g\u00f6\u011f\u00fcs gererek defalarca d\u00fcnyan\u0131n en iyi futbolcusu se\u00e7ildi. K\u0131r\u0131lmad\u0131k rekor, \u00e7\u0131k\u0131lmad\u0131k zirve b\u0131rakmad\u0131. O, \u015fimdi Barcelona\u2019n\u0131n, Arjantin Milli Tak\u0131m\u0131\u2019n\u0131n ve \u015eampiyonlar Ligi\u2019nin gelmi\u015f ge\u00e7mi\u015f en golc\u00fc oyuncusu, t\u00fcm \u00e7ocuklar\u0131n ve gen\u00e7lerin idol\u00fc. O, tek bir kul\u00fcple kariyerini tamamlamaya ant i\u00e7en bir simge, bir ba\u015far\u0131 abidesi. O, kimilerine g\u00f6re \u201cUzayl\u0131\u201d, kimilerine g\u00f6re ise bir efsane; i\u015fte kar\u015f\u0131n\u0131zda, tarihin en b\u00fcy\u00fck futbolcular\u0131ndan birinin hik\u00e2yesi: Lionel \u201cLeo\u201d Messi! <\/p>\n","protected":false},"excerpt":{"rendered":"<p>K\u0131r\u0131lgan fizi\u011fi y\u00fcz\u00fcnden \u201cfutbol oynayamaz\u201d denildi, ama o y\u0131lmad\u0131; \u00e7al\u0131\u015ft\u0131, \u00e7abalad\u0131, tedavilere ve zorluklara g\u00f6\u011f\u00fcs gererek defalarca d\u00fcnyan\u0131n en iyi futbolcusu se\u00e7ildi. K\u0131r\u0131lmad\u0131k rekor, \u00e7\u0131k\u0131lmad\u0131k zirve<span class=\"excerpt-hellip\"> [\u2026]<\/span><\/p>\n","protected":false},"featured_media":0,"template":"","meta":{"_monsterinsights_skip_tracking":false,"_monsterinsights_sitenote_active":false,"_monsterinsights_sitenote_note":"","_monsterinsights_sitenote_category":0},"product_brand":[],"product_cat":[12567,12566],"product_tag":[],"class_list":{"0":"post-713586","1":"product","2":"type-product","3":"status-publish","5":"product_cat-diger-egitim","6":"product_cat-egitim","7":"pa_cilt-ciltsiz","8":"pa_tur-kitap","9":"pa_yayinevi-profil-kitap","10":"pa_yazar-orhan-efe-ozenc","12":"first","13":"instock","14":"sale","15":"shipping-taxable","16":"purchasable","17":"product-type-simple"},"_links":{"self":[{"href":"https:\/\/roveyayinevi.com.tr\/index.php\/wp-json\/wp\/v2\/product\/713586","targetHints":{"allow":["GET"]}}],"collection":[{"href":"https:\/\/roveyayinevi.com.tr\/index.php\/wp-json\/wp\/v2\/product"}],"about":[{"href":"https:\/\/roveyayinevi.com.tr\/index.php\/wp-json\/wp\/v2\/types\/product"}],"wp:attachment":[{"href":"https:\/\/roveyayinevi.com.tr\/index.php\/wp-json\/wp\/v2\/media?parent=713586"}],"wp:term":[{"taxonomy":"product_brand","embeddable":true,"href":"https:\/\/roveyayinevi.com.tr\/index.php\/wp-json\/wp\/v2\/product_brand?post=713586"},{"taxonomy":"product_cat","embeddable":true,"href":"https:\/\/roveyayinevi.com.tr\/index.php\/wp-json\/wp\/v2\/product_cat?post=713586"},{"taxonomy":"product_tag","embeddable":true,"href":"https:\/\/roveyayinevi.com.tr\/index.php\/wp-json\/wp\/v2\/product_tag?post=713586"}],"curies":[{"name":"wp","href":"https:\/\/api.w.org\/{rel}","templated":true}]}}