{"id":713585,"date":"2025-08-27T17:08:54","date_gmt":"2025-08-27T14:08:54","guid":{"rendered":"https:\/\/roveyayinevi.com.tr\/index.php\/urun\/dunya-kupasi-tarihi\/"},"modified":"2026-04-16T02:22:16","modified_gmt":"2026-04-15T23:22:16","slug":"dunya-kupasi-tarihi","status":"publish","type":"product","link":"https:\/\/roveyayinevi.com.tr\/index.php\/urun\/dunya-kupasi-tarihi\/","title":{"rendered":"D\u00fcnya Kupas\u0131 Tarihi"},"content":{"rendered":"<p>\u00b7         \u00dclkesinin D\u00fcnya Kupas\u0131\u2019na gidecek milli tak\u0131m kadrosunu tek tek se\u00e7ip belirleyen diktat\u00f6r kim? \u00b7         Hangi futbolcu D\u00fcnya Kupas\u0131\u2019nda dopingli \u00e7\u0131kt\u0131\u011f\u0131 i\u00e7in federasyon yetkilileri taraf\u0131ndan d\u00f6v\u00fclerek evine g\u00f6nderildi? \u00b7         \u0130ki farkl\u0131 milli tak\u0131m\u0131n formas\u0131yla D\u00fcnya Kupas\u0131 finali oynayan futbolcu kim? \u00b7         Hangi futbolcu kendi kalesine gol att\u0131\u011f\u0131 i\u00e7in \u00fclkesinde kur\u015funlar\u0131n hedefi oldu? \u00b7         Hangi \u00fclke bir futbolcusunun bir ba\u015fka \u00fclkeye transferini engellemek i\u00e7in onu \u201cDevlet M\u00fclk\u00fc\u201d olarak ilan etti? \u00b7         Muhalifleri taraf\u0131ndan bir komploya kurban edildi\u011fi i\u00e7in, D\u00fcnya Kupalar\u0131 yerine y\u0131llarca esir kamplar\u0131nda ve hapishanelerde boy g\u00f6stermek zorunda kalan \u00fcnl\u00fc futbolcu kim? \u00b7         Dev\u015firme futbolcu ak\u0131m\u0131n\u0131 kimler, neden ve nas\u0131l ba\u015flatt\u0131? \u00b7         Hangi futbolcu \u00fclkesinin asimilasyon politikas\u0131 kapsam\u0131nda D\u00fcnya Kupalar\u0131\u2019nda ba\u015fka bir isim ile yer ald\u0131? \u00b7         Hangi D\u00fcnya Kupas\u0131\u2019n\u0131n Gol Kral\u0131, k\u00fc\u00e7\u00fck bir \u00e7ocu\u011fun IQ seviyesine sahip? \u00b7         \u00dclkesinin i\u015fgalini protesto etmek i\u00e7in i\u015fgalcilerin kurdu\u011fu milli tak\u0131mla D\u00fcnya Kupas\u0131\u2019na gelmeyi can\u0131 pahas\u0131na reddeden y\u0131ld\u0131z kim? \u00b7         D\u00fcnyaca \u00fcnl\u00fc hangi \u015fanss\u0131z y\u0131ld\u0131zlar, yanl\u0131\u015f d\u00f6nemde yanl\u0131\u015f milli tak\u0131mda olduklar\u0131 i\u00e7in kariyerlerini bir D\u00fcnya Kupas\u0131\u2019nda oynayamadan noktalad\u0131? \u00b7         \u0130svi\u00e7re \u0130kinci D\u00fcnya Sava\u015f\u0131\u2019na kat\u0131lmad\u0131\u011f\u0131 halde, Bern Meydan Muharebesi niye \u00e7\u0131kt\u0131? \u00b7         Hem oyuncu hem de teknik direkt\u00f6r olarak D\u00fcnya Kupas\u0131\u2019n\u0131 kazanan isimler kimler? \u00b7         Hangi teknik direkt\u00f6r, be\u015f ayr\u0131 tak\u0131m\u0131 D\u00fcnya Kupas\u0131\u2019na g\u00f6t\u00fcrmeyi ba\u015fard\u0131? T\u00fcm bu sorular\u0131n ve hatta \u00e7ok daha fazlas\u0131n\u0131n cevab\u0131, elinizde tuttu\u011funuz bu kitapta yer al\u0131yor. Spor k\u00fclt\u00fcr\u00fcn\u00fcn deneyimli ve usta ismi Mert Ayd\u0131n\u2019\u0131n e\u015fsiz bilgi da\u011farc\u0131\u011f\u0131ndan sizlerle bulu\u015fan D\u00fcnya Kupas\u0131 Tarihi, sadece bir ba\u015fucu kitab\u0131 de\u011fil, ayn\u0131 zamanda her futbolsever i\u00e7in de ba\u015fl\u0131 ba\u015f\u0131na bir referans kayna\u011f\u0131. <\/p>\n","protected":false},"excerpt":{"rendered":"<p>\u00b7 \u00dclkesinin D\u00fcnya Kupas\u0131\u2019na gidecek milli tak\u0131m kadrosunu tek tek se\u00e7ip belirleyen diktat\u00f6r kim? \u00b7 Hangi futbolcu D\u00fcnya Kupas\u0131\u2019nda dopingli \u00e7\u0131kt\u0131\u011f\u0131 i\u00e7in federasyon yetkilileri taraf\u0131ndan d\u00f6v\u00fclerek<span class=\"excerpt-hellip\"> [\u2026]<\/span><\/p>\n","protected":false},"featured_media":0,"template":"","meta":{"_monsterinsights_skip_tracking":false,"_monsterinsights_sitenote_active":false,"_monsterinsights_sitenote_note":"","_monsterinsights_sitenote_category":0},"product_brand":[],"product_cat":[15563,15564],"product_tag":[],"class_list":{"0":"post-713585","1":"product","2":"type-product","3":"status-publish","5":"product_cat-hobi","6":"product_cat-spor","7":"pa_cilt-ciltsiz","8":"pa_tur-kitap","9":"pa_yayinevi-profil-kitap","10":"pa_yazar-mert-aydin","12":"first","13":"instock","14":"sale","15":"shipping-taxable","16":"purchasable","17":"product-type-simple"},"_links":{"self":[{"href":"https:\/\/roveyayinevi.com.tr\/index.php\/wp-json\/wp\/v2\/product\/713585","targetHints":{"allow":["GET"]}}],"collection":[{"href":"https:\/\/roveyayinevi.com.tr\/index.php\/wp-json\/wp\/v2\/product"}],"about":[{"href":"https:\/\/roveyayinevi.com.tr\/index.php\/wp-json\/wp\/v2\/types\/product"}],"wp:attachment":[{"href":"https:\/\/roveyayinevi.com.tr\/index.php\/wp-json\/wp\/v2\/media?parent=713585"}],"wp:term":[{"taxonomy":"product_brand","embeddable":true,"href":"https:\/\/roveyayinevi.com.tr\/index.php\/wp-json\/wp\/v2\/product_brand?post=713585"},{"taxonomy":"product_cat","embeddable":true,"href":"https:\/\/roveyayinevi.com.tr\/index.php\/wp-json\/wp\/v2\/product_cat?post=713585"},{"taxonomy":"product_tag","embeddable":true,"href":"https:\/\/roveyayinevi.com.tr\/index.php\/wp-json\/wp\/v2\/product_tag?post=713585"}],"curies":[{"name":"wp","href":"https:\/\/api.w.org\/{rel}","templated":true}]}}