{"id":713583,"date":"2025-08-27T17:08:53","date_gmt":"2025-08-27T14:08:53","guid":{"rendered":"https:\/\/roveyayinevi.com.tr\/index.php\/urun\/gozlerindeki-sir\/"},"modified":"2026-04-16T02:22:16","modified_gmt":"2026-04-15T23:22:16","slug":"gozlerindeki-sir","status":"publish","type":"product","link":"https:\/\/roveyayinevi.com.tr\/index.php\/urun\/gozlerindeki-sir\/","title":{"rendered":"G\u00f6zlerindeki S\u0131r"},"content":{"rendered":"<p>Buenos Aires\u2019in en \u00f6nemli mahkemelerinden birinde y\u0131llarca g\u00f6rev yapm\u0131\u015f Benjamin Chaparro art\u0131k emekliye ayr\u0131lm\u0131\u015ft\u0131r. Onu bekleyen bu geni\u015f zaman\u0131, g\u00f6rev yapt\u0131\u011f\u0131 s\u00fcre boyunca bir hayli etkilendi\u011fi bir vakay\u0131 kaleme al\u0131p bir zamanlar hayalini kurdu\u011fu \u201cyazarc\u0131l\u0131\u011f\u0131 oynayarak\u201d de\u011ferlendirmek ister. Yakla\u015f\u0131k 30 y\u0131l \u00f6nce masas\u0131na konulan bir dava: gen\u00e7 bir kad\u0131n evinde tecav\u00fcze u\u011fram\u0131\u015f ve bo\u011fularak \u00f6ld\u00fcr\u00fclm\u00fc\u015f&#8230; \u0130lk g\u00fcnden itibaren Benjamin Chaparro\u2019yu derinden etkileyen bu olay\u0131n faili Chaparro\u2019nun g\u00f6zlem yetene\u011fi sayesinde bir s\u00fcre sonra belirlenir; fakat 1960&#8217;lar\u0131n Arjantin\u2019i adaletin yozla\u015fm\u0131\u015f oldu\u011fu bir yerdir. Adaletin ger\u00e7ekte ne anlama geldi\u011fi ve \u00fcstelik kimin elinde oldu\u011fu bilinmemektedir.Chaparro g\u00fcvendi\u011fi iki arkada\u015f\u0131yla beraber bu davayla ki\u015fisel olarak ilgilenmeye ba\u015flar. Sonraki geli\u015fmeler ise herkesin hayat\u0131n\u0131 geri al\u0131namayacak bir \u015fekilde de\u011fi\u015ftirecektir\u2026\u201cHik\u00e2yenin bir ba\u015f\u0131 var elbette, sorun d\u00f6rt be\u015f farkl\u0131 ba\u015flang\u0131c\u0131 olmas\u0131. \u0130\u015fe gitmeden \u00f6nce koridorda kar\u0131s\u0131n\u0131 \u00f6pen bir gen\u00e7. Masada uyuklarken \u00e7alan telefonun tiz sesiyle irkilen iki ki\u015fi. \u00d6\u011fretmenlik b\u00f6l\u00fcm\u00fcnden yeni mezun olmu\u015f bir k\u0131z\u0131n \u00e7ektirdi\u011fi grup foto\u011fraf\u0131. Beklenmedik birinden mektup alan bir adliye memuru, yani ben.\u201d Bir de sen sevgili okuyucu, bu gizemli hik\u00e2yeyi takip etmek i\u00e7in kitaba ba\u015flarsan e\u011fer\u2026 <\/p>\n","protected":false},"excerpt":{"rendered":"<p>Buenos Aires\u2019in en \u00f6nemli mahkemelerinden birinde y\u0131llarca g\u00f6rev yapm\u0131\u015f Benjamin Chaparro art\u0131k emekliye ayr\u0131lm\u0131\u015ft\u0131r. Onu bekleyen bu geni\u015f zaman\u0131, g\u00f6rev yapt\u0131\u011f\u0131 s\u00fcre boyunca bir hayli etkilendi\u011fi<span class=\"excerpt-hellip\"> [\u2026]<\/span><\/p>\n","protected":false},"featured_media":0,"template":"","meta":{"_monsterinsights_skip_tracking":false,"_monsterinsights_sitenote_active":false,"_monsterinsights_sitenote_note":"","_monsterinsights_sitenote_category":0},"product_brand":[],"product_cat":[12291,12711],"product_tag":[],"class_list":{"0":"post-713583","1":"product","2":"type-product","3":"status-publish","5":"product_cat-edebiyat","6":"product_cat-roman-oyku","7":"pa_cilt-ciltsiz","8":"pa_tur-kitap","9":"pa_yayinevi-profil-kitap","10":"pa_yazar-eduardo-sacheri","12":"first","13":"instock","14":"sale","15":"shipping-taxable","16":"purchasable","17":"product-type-simple"},"_links":{"self":[{"href":"https:\/\/roveyayinevi.com.tr\/index.php\/wp-json\/wp\/v2\/product\/713583","targetHints":{"allow":["GET"]}}],"collection":[{"href":"https:\/\/roveyayinevi.com.tr\/index.php\/wp-json\/wp\/v2\/product"}],"about":[{"href":"https:\/\/roveyayinevi.com.tr\/index.php\/wp-json\/wp\/v2\/types\/product"}],"wp:attachment":[{"href":"https:\/\/roveyayinevi.com.tr\/index.php\/wp-json\/wp\/v2\/media?parent=713583"}],"wp:term":[{"taxonomy":"product_brand","embeddable":true,"href":"https:\/\/roveyayinevi.com.tr\/index.php\/wp-json\/wp\/v2\/product_brand?post=713583"},{"taxonomy":"product_cat","embeddable":true,"href":"https:\/\/roveyayinevi.com.tr\/index.php\/wp-json\/wp\/v2\/product_cat?post=713583"},{"taxonomy":"product_tag","embeddable":true,"href":"https:\/\/roveyayinevi.com.tr\/index.php\/wp-json\/wp\/v2\/product_tag?post=713583"}],"curies":[{"name":"wp","href":"https:\/\/api.w.org\/{rel}","templated":true}]}}