{"id":713582,"date":"2025-08-27T17:08:52","date_gmt":"2025-08-27T14:08:52","guid":{"rendered":"https:\/\/roveyayinevi.com.tr\/index.php\/urun\/osmanlida-yenilenme-ve-turkiyenin-sorunlari\/"},"modified":"2026-04-16T02:22:15","modified_gmt":"2026-04-15T23:22:15","slug":"osmanlida-yenilenme-ve-turkiyenin-sorunlari","status":"publish","type":"product","link":"https:\/\/roveyayinevi.com.tr\/index.php\/urun\/osmanlida-yenilenme-ve-turkiyenin-sorunlari\/","title":{"rendered":"Osmanl\u0131&#8217;da Yenilenme Ve T\u00fcrkiye&#8217;nin Sorunlar\u0131"},"content":{"rendered":"<p>\u00dcnl\u00fc yazar Paul Imbert 1909 y\u0131l\u0131nda yazd\u0131\u011f\u0131 bu eserinde Osmanl\u0131&#8217;n\u0131n son d\u00f6nemlerinin panoramik bir g\u00f6r\u00fcnt\u00fcs\u00fcn\u00fc sergiliyor. Bat\u0131n\u0131n Osmanl\u0131 ve T\u00fcrklere kay\u0131ts\u0131z kalmad\u0131\u011f\u0131n\u0131, hele mesele ki\u015fisel \u00e7\u0131karlar\u0131ysa sanki bize yard\u0131m etmek istiyorlarm\u0131\u015f gibi g\u00f6r\u00fcn\u00fcp hemen sorunlar\u0131m\u0131za el att\u0131klar\u0131n\u0131 \u00e7arp\u0131c\u0131 bir \u015fekilde dile getiriyor. Yazar demiryollar\u0131 politikam\u0131z\u0131, \u0130ngiltere, Almanya ve Fransa&#8217;n\u0131n bu politikalarda nas\u0131l etkin oldu\u011funu, Osmanl\u0131&#8217;n\u0131n z\u00fcmr\u00fcd\u00fcanka ku\u015fu gibi k\u00fcllerinden savrulup yeniden varolma sava\u015f\u0131n\u0131 b\u00fcy\u00fck \u00f6l\u00e7\u00fcde tarafs\u0131z ve estetik bir dille anlat\u0131yor. Yak\u0131n tarihimizle ilgili &#8220;Osmanl\u0131&#8217;da Yenilenme ve T\u00fcrkiye&#8217;nin Sorunlar\u0131&#8221; mutlaka okunmas\u0131 gereken, adeta g\u00fcn\u00fcm\u00fcz\u00fcn fotokopisi niteli\u011finde \u00f6nemli bir eser. <\/p>\n","protected":false},"excerpt":{"rendered":"<p>\u00dcnl\u00fc yazar Paul Imbert 1909 y\u0131l\u0131nda yazd\u0131\u011f\u0131 bu eserinde Osmanl\u0131&#8217;n\u0131n son d\u00f6nemlerinin panoramik bir g\u00f6r\u00fcnt\u00fcs\u00fcn\u00fc sergiliyor. Bat\u0131n\u0131n Osmanl\u0131 ve T\u00fcrklere kay\u0131ts\u0131z kalmad\u0131\u011f\u0131n\u0131, hele mesele ki\u015fisel \u00e7\u0131karlar\u0131ysa<span class=\"excerpt-hellip\"> [\u2026]<\/span><\/p>\n","protected":false},"featured_media":0,"template":"","meta":{"_monsterinsights_skip_tracking":false,"_monsterinsights_sitenote_active":false,"_monsterinsights_sitenote_note":"","_monsterinsights_sitenote_category":0},"product_brand":[],"product_cat":[13517,12304],"product_tag":[],"class_list":{"0":"post-713582","1":"product","2":"type-product","3":"status-publish","5":"product_cat-osmanli-tarihi","6":"product_cat-tarih","7":"pa_cilt-ciltsiz","8":"pa_tur-kitap","9":"pa_yayinevi-profil-kitap","10":"pa_yazar-paul-imbert","12":"first","13":"instock","14":"sale","15":"shipping-taxable","16":"purchasable","17":"product-type-simple"},"_links":{"self":[{"href":"https:\/\/roveyayinevi.com.tr\/index.php\/wp-json\/wp\/v2\/product\/713582","targetHints":{"allow":["GET"]}}],"collection":[{"href":"https:\/\/roveyayinevi.com.tr\/index.php\/wp-json\/wp\/v2\/product"}],"about":[{"href":"https:\/\/roveyayinevi.com.tr\/index.php\/wp-json\/wp\/v2\/types\/product"}],"wp:attachment":[{"href":"https:\/\/roveyayinevi.com.tr\/index.php\/wp-json\/wp\/v2\/media?parent=713582"}],"wp:term":[{"taxonomy":"product_brand","embeddable":true,"href":"https:\/\/roveyayinevi.com.tr\/index.php\/wp-json\/wp\/v2\/product_brand?post=713582"},{"taxonomy":"product_cat","embeddable":true,"href":"https:\/\/roveyayinevi.com.tr\/index.php\/wp-json\/wp\/v2\/product_cat?post=713582"},{"taxonomy":"product_tag","embeddable":true,"href":"https:\/\/roveyayinevi.com.tr\/index.php\/wp-json\/wp\/v2\/product_tag?post=713582"}],"curies":[{"name":"wp","href":"https:\/\/api.w.org\/{rel}","templated":true}]}}