{"id":713581,"date":"2025-08-27T17:08:52","date_gmt":"2025-08-27T14:08:52","guid":{"rendered":"https:\/\/roveyayinevi.com.tr\/index.php\/urun\/koca-adam\/"},"modified":"2026-04-16T02:22:15","modified_gmt":"2026-04-15T23:22:15","slug":"koca-adam","status":"publish","type":"product","link":"https:\/\/roveyayinevi.com.tr\/index.php\/urun\/koca-adam\/","title":{"rendered":"Koca Adam"},"content":{"rendered":"<p>Hayat\u0131m\u0131n hemen her d\u00f6neminde ma\u011flubiyetin ac\u0131 y\u00fcz\u00fcyle hemhal olmu\u015f, kafes haricinde ba\u015far\u0131ya ve galibiyete hasret kalm\u0131\u015f bir d\u00f6v\u00fc\u015f\u00e7\u00fcn\u00fcn yakaland\u0131\u011f\u0131 Demans hastal\u0131\u011f\u0131na ve bu hastal\u0131\u011f\u0131n pen\u00e7esinden kurtulma \u00e7abas\u0131na \u015fahit olacaks\u0131n\u0131z.Koca Adam, sizi yitip giden bir insan\u0131n hikayesine ortak edecek&#8230; <\/p>\n","protected":false},"excerpt":{"rendered":"<p>Hayat\u0131m\u0131n hemen her d\u00f6neminde ma\u011flubiyetin ac\u0131 y\u00fcz\u00fcyle hemhal olmu\u015f, kafes haricinde ba\u015far\u0131ya ve galibiyete hasret kalm\u0131\u015f bir d\u00f6v\u00fc\u015f\u00e7\u00fcn\u00fcn yakaland\u0131\u011f\u0131 Demans hastal\u0131\u011f\u0131na ve bu hastal\u0131\u011f\u0131n pen\u00e7esinden kurtulma<span class=\"excerpt-hellip\"> [\u2026]<\/span><\/p>\n","protected":false},"featured_media":0,"template":"","meta":{"_monsterinsights_skip_tracking":false,"_monsterinsights_sitenote_active":false,"_monsterinsights_sitenote_note":"","_monsterinsights_sitenote_category":0},"product_brand":[],"product_cat":[12291,12711],"product_tag":[],"class_list":{"0":"post-713581","1":"product","2":"type-product","3":"status-publish","5":"product_cat-edebiyat","6":"product_cat-roman-oyku","7":"pa_cilt-ciltsiz","8":"pa_tur-kitap","9":"pa_yayinevi-net-kitaplik-yayincilik","10":"pa_yazar-hakki-suat-yilmazer","12":"first","13":"instock","14":"sale","15":"shipping-taxable","16":"purchasable","17":"product-type-simple"},"_links":{"self":[{"href":"https:\/\/roveyayinevi.com.tr\/index.php\/wp-json\/wp\/v2\/product\/713581","targetHints":{"allow":["GET"]}}],"collection":[{"href":"https:\/\/roveyayinevi.com.tr\/index.php\/wp-json\/wp\/v2\/product"}],"about":[{"href":"https:\/\/roveyayinevi.com.tr\/index.php\/wp-json\/wp\/v2\/types\/product"}],"wp:attachment":[{"href":"https:\/\/roveyayinevi.com.tr\/index.php\/wp-json\/wp\/v2\/media?parent=713581"}],"wp:term":[{"taxonomy":"product_brand","embeddable":true,"href":"https:\/\/roveyayinevi.com.tr\/index.php\/wp-json\/wp\/v2\/product_brand?post=713581"},{"taxonomy":"product_cat","embeddable":true,"href":"https:\/\/roveyayinevi.com.tr\/index.php\/wp-json\/wp\/v2\/product_cat?post=713581"},{"taxonomy":"product_tag","embeddable":true,"href":"https:\/\/roveyayinevi.com.tr\/index.php\/wp-json\/wp\/v2\/product_tag?post=713581"}],"curies":[{"name":"wp","href":"https:\/\/api.w.org\/{rel}","templated":true}]}}