{"id":713580,"date":"2025-08-27T17:08:51","date_gmt":"2025-08-27T14:08:51","guid":{"rendered":"https:\/\/roveyayinevi.com.tr\/index.php\/urun\/calismazsam-okuyamam\/"},"modified":"2026-04-16T02:22:15","modified_gmt":"2026-04-15T23:22:15","slug":"calismazsam-okuyamam","status":"publish","type":"product","link":"https:\/\/roveyayinevi.com.tr\/index.php\/urun\/calismazsam-okuyamam\/","title":{"rendered":"\u00c7al\u0131\u015fmazsam Okuyamam"},"content":{"rendered":"<p>G\u00fcn\u00fcm\u00fczde aile \u015fekli ve aile i\u00e7i g\u00f6rev da\u011f\u0131l\u0131m\u0131, dolay\u0131s\u0131 ile de ailenin fonksiyonlar\u0131 \u00f6nemli bir de\u011fi\u015fime u\u011frad\u0131. Bu de\u011fi\u015fim sonucunda, \u00f6zellikle b\u00fcy\u00fck \u015fehirlerin gecekondu b\u00f6lgelerinde oturan ve ge\u00e7im s\u0131k\u0131nt\u0131s\u0131 \u00e7eken aileler, \u00e7ocuklar\u0131n\u0131 k\u00fc\u00e7\u00fck ya\u015ftan itibaren \u00e7al\u0131\u015ft\u0131rmak zorunda kalabiliyor. Bilindi\u011fi gibi \u00e7ocuklar\u0131n erken ya\u015fta \u00e7al\u0131\u015ft\u0131r\u0131lmaya ba\u015flanmas\u0131, onlar\u0131n fiziki, sosyal, k\u00fclt\u00fcrel geli\u015fmelerini engelledi\u011fi gibi e\u011fitimlerini de son derece olumsuz y\u00f6nde etkilemekte.   B\u00f6yle istenmeyen durumlar ortaya \u00e7\u0131kt\u0131\u011f\u0131nda, acil bir \u015fekilde \u00e7\u00f6z\u00fcmlerin de \u00fcretilmesi gerekiyor. Ailelere \u00e7ocuklar\u0131n\u0131 \u015fehrin ac\u0131mas\u0131z sokaklar\u0131nda, hi\u00e7bir savunma ve koruma olmadan tek ba\u015f\u0131na b\u0131rak\u0131p, ak\u015fam eve para getirmelerini istemenin sak\u0131ncalar\u0131n\u0131 anlat\u0131p, sokakta \u00e7al\u0131\u015fan \u00e7ocuklar\u0131 m\u00fcmk\u00fcn oldu\u011fu kadar koruyup destek sa\u011flamak ve sokaklarda \u00e7al\u0131\u015fmaya devam etseler de e\u011fitimlerini s\u00fcrd\u00fcrmelerinin gereklili\u011fini kavrat\u0131p, e\u011fitimleri s\u0131ras\u0131nda kar\u015f\u0131la\u015fabilecekleri problemlere \u00e7\u00f6z\u00fcmler \u00fcretebilecek merkezlerin kurulmas\u0131, problemin \u00e7\u00f6z\u00fcm\u00fcnde son derece \u00f6nemli bir fonksiyon \u00fcstlenmektedir.   Bu \u00e7al\u0131\u015fmada, b\u00f6yle bir fonksiyonu \u00fcstlenen ve h\u00e2len pilot uygulama mahiyetinde olan Ankara Sokaklar\u0131nda \u00c7al\u0131\u015fan \u00c7ocuklar Merkezi\u2019ne kay\u0131tl\u0131 olan, hem sokaklarda \u00e7al\u0131\u015fan hem de e\u011fitimlerine devam eden \u00e7ocuklar\u0131n, sosyo-ekonomik durumlar\u0131, e\u011fitimleri ve e\u011fitimlerinde Merkez\u2019in etkisi \u00f6l\u00e7\u00fclmeye \u00e7al\u0131\u015f\u0131ld\u0131. Gerek \u00e7ocuklarla ve yetkililerle olan g\u00f6r\u00fc\u015fmelerde gerekse de \u00e7ocuklara uygulanm\u0131\u015f olan anket sonu\u00e7lar\u0131ndan elde edilen bilgiler, Merkez\u2019in \u00e7ocuklar\u0131n fiziki, psiko-sosyal geli\u015fimleri, \u00f6zellikle de e\u011fitimleri \u00fczerinde son derece olumlu oldu\u011funu ortaya \u00e7\u0131kard\u0131. Pilot uygulama olarak ba\u015flat\u0131lan bu \u00e7al\u0131\u015fman\u0131n \u00f6nemini ve fonksiyonlar\u0131n\u0131 g\u00f6rd\u00fckten sonra, bu t\u00fcr merkezlerin say\u0131s\u0131n\u0131n m\u00fcmk\u00fcn oldu\u011fu kadar yurt genelinde, \u00f6zellikle de b\u00fcy\u00fck \u015fehirlerde artt\u0131r\u0131lmas\u0131n\u0131n gereklili\u011fi ortaya \u00e7\u0131km\u0131\u015f oldu. Yetkililerin bu t\u00fcr merkezlerin say\u0131s\u0131n\u0131n artt\u0131r\u0131lmas\u0131n\u0131n gereklili\u011fini fark ettiklerinde yeni merkezlerin a\u00e7\u0131lmas\u0131nda ve fonksiyonlar\u0131n\u0131 daha kal\u0131c\u0131 h\u00e2le getirmelerinde etkili olmalar\u0131 beklenmektedir. <\/p>\n","protected":false},"excerpt":{"rendered":"<p>G\u00fcn\u00fcm\u00fczde aile \u015fekli ve aile i\u00e7i g\u00f6rev da\u011f\u0131l\u0131m\u0131, dolay\u0131s\u0131 ile de ailenin fonksiyonlar\u0131 \u00f6nemli bir de\u011fi\u015fime u\u011frad\u0131. Bu de\u011fi\u015fim sonucunda, \u00f6zellikle b\u00fcy\u00fck \u015fehirlerin gecekondu b\u00f6lgelerinde oturan<span class=\"excerpt-hellip\"> [\u2026]<\/span><\/p>\n","protected":false},"featured_media":0,"template":"","meta":{"_monsterinsights_skip_tracking":false,"_monsterinsights_sitenote_active":false,"_monsterinsights_sitenote_note":"","_monsterinsights_sitenote_category":0},"product_brand":[],"product_cat":[17996,12364],"product_tag":[],"class_list":{"0":"post-713580","1":"product","2":"type-product","3":"status-publish","5":"product_cat-ebeveyn-kitaplari","6":"product_cat-genel-konular","7":"pa_cilt-ciltsiz","8":"pa_tur-kitap","9":"pa_yayinevi-net-kitaplik-yayincilik","10":"pa_yazar-dolunay-senol","12":"first","13":"instock","14":"sale","15":"shipping-taxable","16":"purchasable","17":"product-type-simple"},"_links":{"self":[{"href":"https:\/\/roveyayinevi.com.tr\/index.php\/wp-json\/wp\/v2\/product\/713580","targetHints":{"allow":["GET"]}}],"collection":[{"href":"https:\/\/roveyayinevi.com.tr\/index.php\/wp-json\/wp\/v2\/product"}],"about":[{"href":"https:\/\/roveyayinevi.com.tr\/index.php\/wp-json\/wp\/v2\/types\/product"}],"wp:attachment":[{"href":"https:\/\/roveyayinevi.com.tr\/index.php\/wp-json\/wp\/v2\/media?parent=713580"}],"wp:term":[{"taxonomy":"product_brand","embeddable":true,"href":"https:\/\/roveyayinevi.com.tr\/index.php\/wp-json\/wp\/v2\/product_brand?post=713580"},{"taxonomy":"product_cat","embeddable":true,"href":"https:\/\/roveyayinevi.com.tr\/index.php\/wp-json\/wp\/v2\/product_cat?post=713580"},{"taxonomy":"product_tag","embeddable":true,"href":"https:\/\/roveyayinevi.com.tr\/index.php\/wp-json\/wp\/v2\/product_tag?post=713580"}],"curies":[{"name":"wp","href":"https:\/\/api.w.org\/{rel}","templated":true}]}}