{"id":713579,"date":"2025-08-27T17:08:51","date_gmt":"2025-08-27T14:08:51","guid":{"rendered":"https:\/\/roveyayinevi.com.tr\/index.php\/urun\/cocuk-egitiminde-her-gune-bir-tavsiye\/"},"modified":"2026-04-16T02:22:15","modified_gmt":"2026-04-15T23:22:15","slug":"cocuk-egitiminde-her-gune-bir-tavsiye","status":"publish","type":"product","link":"https:\/\/roveyayinevi.com.tr\/index.php\/urun\/cocuk-egitiminde-her-gune-bir-tavsiye\/","title":{"rendered":"\u00c7ocuk E\u011fitiminde Her G\u00fcne Bir Tavsiye"},"content":{"rendered":"<p>Modern hayatla birlikte de\u011fi\u015fen al\u0131\u015fkanl\u0131klar, payla\u015f\u0131lan zaman, g\u00f6z ard\u0131 edilen k\u00fc\u00e7\u00fck f\u0131rsatlar ve h\u0131zl\u0131 ya\u015fam aile kavram\u0131n\u0131 da d\u00f6n\u00fc\u015ft\u00fcrd\u00fc. Anne-babalar\u0131n \u00e7ocuklar\u0131yla ya\u015fad\u0131\u011f\u0131 \u00e7at\u0131\u015fmalara yenileri eklendi, televizyonun yan\u0131nda tablet ve telefonla harcanan zaman, teknolojinin k\u00f6t\u00fcye kullan\u0131m\u0131, bilgi kirlili\u011fi gibi tehlikeler de art\u0131k \u00e7ocuklar\u0131m\u0131z\u0131n hayat\u0131nda. Ki\u015fili\u011fin b\u00fcy\u00fck oranda belirlendi\u011fi 0-6 ya\u015f aral\u0131\u011f\u0131ndan ba\u015flayarak ergenli\u011fe ve gen\u00e7 yeti\u015fkinli\u011fe uzanan kapsaml\u0131 bir zaman diliminde ailede kar\u015f\u0131la\u015f\u0131lan sorunlar\u0131 ele alan bu kitap \u00e7ocukla kurulacak ileti\u015fimde adeta kurtar\u0131c\u0131 bir rehber niteli\u011finde. Uzman Klinik Psikolog Zehra Binici Tekin\u2019in sade ve sonu\u00e7 odakl\u0131 \u00f6nerileri, anne-babalar\u0131n her zaman el alt\u0131nda tutmak isteyecekleri bir acil durum butonu. Yazar\u0131n taze ve kucaklay\u0131c\u0131 bak\u0131\u015f\u0131yla kaleme ald\u0131\u011f\u0131 \u00c7ocuk E\u011fitiminde Her G\u00fcne Bir Tavsiye kitab\u0131nda \u00e7\u00f6z\u00fcm \u00f6nerileri sunulan sorulardan yaln\u0131zca birka\u00e7\u0131 \u015f\u00f6yle: \u00b7         \u00c7ocuklar\u0131n\u0131zla ba\u015fkalar\u0131na anlatmaktan \u00e7ekindi\u011finiz sorunlar m\u0131 ya\u015f\u0131yorsunuz? \u00b7         \u00c7ok mu \u015f\u0131mar\u0131klar? \u00c7ok mu sinirliler? \u00c7ok mu a\u011fl\u0131yorlar? \u00b7         \u00c7ocu\u011fa okuma al\u0131\u015fkanl\u0131\u011f\u0131 kazand\u0131ram\u0131yor musunuz? \u00b7         Yemek saatlerini krize mi \u00e7eviriyorlar? \u00b7        \u00c7ocu\u011funuz televizyon ve sanal oyunlarla \u00e7ok mu vakit ge\u00e7iriyor? <\/p>\n","protected":false},"excerpt":{"rendered":"<p>Modern hayatla birlikte de\u011fi\u015fen al\u0131\u015fkanl\u0131klar, payla\u015f\u0131lan zaman, g\u00f6z ard\u0131 edilen k\u00fc\u00e7\u00fck f\u0131rsatlar ve h\u0131zl\u0131 ya\u015fam aile kavram\u0131n\u0131 da d\u00f6n\u00fc\u015ft\u00fcrd\u00fc. Anne-babalar\u0131n \u00e7ocuklar\u0131yla ya\u015fad\u0131\u011f\u0131 \u00e7at\u0131\u015fmalara yenileri eklendi, televizyonun<span class=\"excerpt-hellip\"> [\u2026]<\/span><\/p>\n","protected":false},"featured_media":0,"template":"","meta":{"_monsterinsights_skip_tracking":false,"_monsterinsights_sitenote_active":false,"_monsterinsights_sitenote_note":"","_monsterinsights_sitenote_category":0},"product_brand":[],"product_cat":[17996,12364],"product_tag":[],"class_list":{"0":"post-713579","1":"product","2":"type-product","3":"status-publish","5":"product_cat-ebeveyn-kitaplari","6":"product_cat-genel-konular","7":"pa_cilt-ciltsiz","8":"pa_tur-kitap","9":"pa_yayinevi-hayykitap","10":"pa_yazar-zehra-binici-tekin","12":"first","13":"instock","14":"sale","15":"shipping-taxable","16":"purchasable","17":"product-type-simple"},"_links":{"self":[{"href":"https:\/\/roveyayinevi.com.tr\/index.php\/wp-json\/wp\/v2\/product\/713579","targetHints":{"allow":["GET"]}}],"collection":[{"href":"https:\/\/roveyayinevi.com.tr\/index.php\/wp-json\/wp\/v2\/product"}],"about":[{"href":"https:\/\/roveyayinevi.com.tr\/index.php\/wp-json\/wp\/v2\/types\/product"}],"wp:attachment":[{"href":"https:\/\/roveyayinevi.com.tr\/index.php\/wp-json\/wp\/v2\/media?parent=713579"}],"wp:term":[{"taxonomy":"product_brand","embeddable":true,"href":"https:\/\/roveyayinevi.com.tr\/index.php\/wp-json\/wp\/v2\/product_brand?post=713579"},{"taxonomy":"product_cat","embeddable":true,"href":"https:\/\/roveyayinevi.com.tr\/index.php\/wp-json\/wp\/v2\/product_cat?post=713579"},{"taxonomy":"product_tag","embeddable":true,"href":"https:\/\/roveyayinevi.com.tr\/index.php\/wp-json\/wp\/v2\/product_tag?post=713579"}],"curies":[{"name":"wp","href":"https:\/\/api.w.org\/{rel}","templated":true}]}}