{"id":713578,"date":"2025-08-27T17:08:50","date_gmt":"2025-08-27T14:08:50","guid":{"rendered":"https:\/\/roveyayinevi.com.tr\/index.php\/urun\/acaibul-mahlukat\/"},"modified":"2025-09-11T10:43:44","modified_gmt":"2025-09-11T07:43:44","slug":"acaibul-mahlukat","status":"publish","type":"product","link":"https:\/\/roveyayinevi.com.tr\/index.php\/urun\/acaibul-mahlukat\/","title":{"rendered":"Acaib\u00fc&#8217;l Mahlukat"},"content":{"rendered":"<p>Oca\u011f\u0131n etraf\u0131nda topla\u015f\u0131p ninesinin sesinden masallar dinleyenler d\u00fcnyadaki g\u00fcnlerini s\u00fcrd\u00fcler. Bizse az gittik uz gittik, dere tepe d\u00fcz gittik, bu g\u00fcnlere eri\u015ftik. \u00d6yk\u00fc durur mu o da gitti, pek badireler atlatt\u0131, pek vadiler a\u015ft\u0131. Arada bir \u00e7\u0131\u011f\u0131r a\u00e7\u0131ld\u0131\u011f\u0131 olduysa da, masallar\u0131n o eskimeyen sesi d\u00f6n\u00fc\u015ferek \u00f6yk\u00fclerde kendine yer edinmeyi daima ba\u015fard\u0131. Epi\u011fin g\u00fc\u00e7l\u00fc k\u00f6kleri s\u00fcz\u00fcle s\u00fcz\u00fcle ince ve zarif yapraklara d\u00f6n\u00fc\u015ft\u00fcler.Mitler ve masallardaki kahramanlar don de\u011fi\u015ftirip \u00fczerlerine zaman\u0131m\u0131z\u0131n k\u0131yafetlerini ge\u00e7irdiler. Kahramanlar de\u011fi\u015fir de yarat\u0131klar durur mu? Devler, umac\u0131lar, ejderhalar, alageyikler, peri k\u0131zlar\u0131, gulyabaniler tebdil-i k\u0131yafet eylediler. Dememiz o ki, \u00f6len hayvan imi\u015f, arketipler \u00f6lesi de\u011fil!Elbette oturup masallar\u0131 yeniden yazacak de\u011fildik. Yine de, masal yarat\u0131klar\u0131n\u0131 kullanarak bug\u00fcn nas\u0131l \u00f6yk\u00fcler yaz\u0131l\u0131r merak ediyorduk, heyecanlan\u0131yorduk. Heyecan\u0131m\u0131z\u0131 payla\u015fanlarla birlikte kendimize bir ocak bulup anlatmaya ba\u015flad\u0131k. Geriye ve ileriye do\u011fru ama sonsuz bir \u201c\u015fimdi\u201dnin i\u00e7inde yeniden az gittik uz gittik, dere tepe d\u00fcz gittik\u2026 \u0130\u015fte bu kitap odur! <\/p>\n","protected":false},"excerpt":{"rendered":"<p>Oca\u011f\u0131n etraf\u0131nda topla\u015f\u0131p ninesinin sesinden masallar dinleyenler d\u00fcnyadaki g\u00fcnlerini s\u00fcrd\u00fcler. Bizse az gittik uz gittik, dere tepe d\u00fcz gittik, bu g\u00fcnlere eri\u015ftik. \u00d6yk\u00fc durur mu o<span class=\"excerpt-hellip\"> [\u2026]<\/span><\/p>\n","protected":false},"featured_media":0,"template":"","meta":{"_monsterinsights_skip_tracking":false,"_monsterinsights_sitenote_active":false,"_monsterinsights_sitenote_note":"","_monsterinsights_sitenote_category":0},"product_brand":[],"product_cat":[12291,12711],"product_tag":[],"class_list":{"0":"post-713578","1":"product","2":"type-product","3":"status-publish","5":"product_cat-edebiyat","6":"product_cat-roman-oyku","7":"pa_cilt-ciltsiz","8":"pa_tur-kitap","9":"pa_yayinevi-ketebe-yayinlari","10":"pa_yazar-aykut-ertugrul","12":"first","13":"instock","14":"sale","15":"shipping-taxable","16":"purchasable","17":"product-type-simple"},"_links":{"self":[{"href":"https:\/\/roveyayinevi.com.tr\/index.php\/wp-json\/wp\/v2\/product\/713578","targetHints":{"allow":["GET"]}}],"collection":[{"href":"https:\/\/roveyayinevi.com.tr\/index.php\/wp-json\/wp\/v2\/product"}],"about":[{"href":"https:\/\/roveyayinevi.com.tr\/index.php\/wp-json\/wp\/v2\/types\/product"}],"wp:attachment":[{"href":"https:\/\/roveyayinevi.com.tr\/index.php\/wp-json\/wp\/v2\/media?parent=713578"}],"wp:term":[{"taxonomy":"product_brand","embeddable":true,"href":"https:\/\/roveyayinevi.com.tr\/index.php\/wp-json\/wp\/v2\/product_brand?post=713578"},{"taxonomy":"product_cat","embeddable":true,"href":"https:\/\/roveyayinevi.com.tr\/index.php\/wp-json\/wp\/v2\/product_cat?post=713578"},{"taxonomy":"product_tag","embeddable":true,"href":"https:\/\/roveyayinevi.com.tr\/index.php\/wp-json\/wp\/v2\/product_tag?post=713578"}],"curies":[{"name":"wp","href":"https:\/\/api.w.org\/{rel}","templated":true}]}}