{"id":713577,"date":"2025-08-27T17:08:49","date_gmt":"2025-08-27T14:08:49","guid":{"rendered":"https:\/\/roveyayinevi.com.tr\/index.php\/urun\/milyon-sesli-mizika\/"},"modified":"2026-04-16T02:22:15","modified_gmt":"2026-04-15T23:22:15","slug":"milyon-sesli-mizika","status":"publish","type":"product","link":"https:\/\/roveyayinevi.com.tr\/index.php\/urun\/milyon-sesli-mizika\/","title":{"rendered":"Milyon Sesli M\u0131z\u0131ka"},"content":{"rendered":"<p>\u201c\u0130\u015fte bu vakit kolu kanad\u0131 k\u0131r\u0131l\u0131yor g\u00fcn\u00fcn bir halk, \u015fark\u0131s\u0131n\u0131 g\u00f6merken topra\u011fa. \u00c7\u0131rp\u0131n\u0131yor avucumun i\u00e7inde g\u00f6\u011fs\u00fcn\u00fc y\u0131rt\u0131p arz\u0131n o milyon sesli m\u0131z\u0131kas\u0131. K\u0131yamet gibi hep \u00f6l\u00fc \u00e7ocuklarla tan\u0131\u015fmaktan korkuyor o\u011flum g\u00f6zlerini kapat\u0131p. Ki duruyor her yerde reng\u00e2renk, c\u0131v\u0131l c\u0131v\u0131l eliyle koymu\u015f gibi bir \u00f6l\u00fcm atlas\u0131.\u201d <\/p>\n","protected":false},"excerpt":{"rendered":"<p>\u201c\u0130\u015fte bu vakit kolu kanad\u0131 k\u0131r\u0131l\u0131yor g\u00fcn\u00fcn bir halk, \u015fark\u0131s\u0131n\u0131 g\u00f6merken topra\u011fa. \u00c7\u0131rp\u0131n\u0131yor avucumun i\u00e7inde g\u00f6\u011fs\u00fcn\u00fc y\u0131rt\u0131p arz\u0131n o milyon sesli m\u0131z\u0131kas\u0131. K\u0131yamet gibi hep \u00f6l\u00fc<span class=\"excerpt-hellip\"> [\u2026]<\/span><\/p>\n","protected":false},"featured_media":0,"template":"","meta":{"_monsterinsights_skip_tracking":false,"_monsterinsights_sitenote_active":false,"_monsterinsights_sitenote_note":"","_monsterinsights_sitenote_category":0},"product_brand":[],"product_cat":[12291,12509],"product_tag":[],"class_list":{"0":"post-713577","1":"product","2":"type-product","3":"status-publish","5":"product_cat-edebiyat","6":"product_cat-siir","7":"pa_cilt-ciltsiz","8":"pa_tur-kitap","9":"pa_yayinevi-ketebe-yayinlari","10":"pa_yazar-ali-emre","12":"first","13":"instock","14":"sale","15":"shipping-taxable","16":"purchasable","17":"product-type-simple"},"_links":{"self":[{"href":"https:\/\/roveyayinevi.com.tr\/index.php\/wp-json\/wp\/v2\/product\/713577","targetHints":{"allow":["GET"]}}],"collection":[{"href":"https:\/\/roveyayinevi.com.tr\/index.php\/wp-json\/wp\/v2\/product"}],"about":[{"href":"https:\/\/roveyayinevi.com.tr\/index.php\/wp-json\/wp\/v2\/types\/product"}],"wp:attachment":[{"href":"https:\/\/roveyayinevi.com.tr\/index.php\/wp-json\/wp\/v2\/media?parent=713577"}],"wp:term":[{"taxonomy":"product_brand","embeddable":true,"href":"https:\/\/roveyayinevi.com.tr\/index.php\/wp-json\/wp\/v2\/product_brand?post=713577"},{"taxonomy":"product_cat","embeddable":true,"href":"https:\/\/roveyayinevi.com.tr\/index.php\/wp-json\/wp\/v2\/product_cat?post=713577"},{"taxonomy":"product_tag","embeddable":true,"href":"https:\/\/roveyayinevi.com.tr\/index.php\/wp-json\/wp\/v2\/product_tag?post=713577"}],"curies":[{"name":"wp","href":"https:\/\/api.w.org\/{rel}","templated":true}]}}