{"id":713576,"date":"2025-08-27T17:08:49","date_gmt":"2025-08-27T14:08:49","guid":{"rendered":"https:\/\/roveyayinevi.com.tr\/index.php\/urun\/asik-veysel\/"},"modified":"2026-04-16T02:22:15","modified_gmt":"2026-04-15T23:22:15","slug":"asik-veysel","status":"publish","type":"product","link":"https:\/\/roveyayinevi.com.tr\/index.php\/urun\/asik-veysel\/","title":{"rendered":"A\u015f\u0131k Veysel"},"content":{"rendered":"<p>Gelenek bir kaynakt\u0131r ki K\u00f6ro\u011flular, Emrahlar, Ruhsat\u00eeler e\u015felemi\u015f \u00e7\u0131karm\u0131\u015ft\u0131r topraktan o saf suyu. O suyun \u00e7a\u011flad\u0131\u011f\u0131 co\u011frafyada yeti\u015fen a\u015f\u0131klar ve ozanlar da suyun ark\u0131n\u0131 koruyan, da\u011f\u0131l\u0131p kaybolmas\u0131n\u0131 \u00f6nlemek i\u00e7in bent olanlard\u0131r. \u00c2\u015f\u0131k Veysel de nice bir \u00e2\u015f\u0131kt\u0131r ki, do\u011fdu\u011fu co\u011frafyan\u0131n ark\u0131n\u0131 \u201c\u0131rmak\u201d eylemi\u015ftir.A\u015f\u0131k Veysel, i\u00e7inde ya\u015fad\u0131\u011f\u0131m\u0131z \u00e7a\u011fda, a\u015fkla s\u00f6yledi\u011fi \u015fiirlerle \u015fiir dilimizi adeta yenilemi\u015ftir. Bu yenilenme, usta \u00e7\u0131rak ili\u015fkisiyle yeti\u015fen, gelene\u011fe ba\u011fl\u0131 \u00e2\u015f\u0131\u011f\u0131n cehdine i\u015faret eder. Dolay\u0131s\u0131yla onun s\u00f6yledi\u011fi her bir \u015fiir, hem K\u00f6ro\u011flu\u2019ndan, Emrah\u2019tan, Ruhs\u00e2t\u00ee\u2019den esintiler getirir hem de kendine has bir \u00fcslup ortaya koyar. Veysel\u2019in heybesinde gam ile k\u00e2m; na\u00e7arl\u0131k ile \u00fcmit; hasret ile vuslat karde\u015f olur. <\/p>\n","protected":false},"excerpt":{"rendered":"<p>Gelenek bir kaynakt\u0131r ki K\u00f6ro\u011flular, Emrahlar, Ruhsat\u00eeler e\u015felemi\u015f \u00e7\u0131karm\u0131\u015ft\u0131r topraktan o saf suyu. O suyun \u00e7a\u011flad\u0131\u011f\u0131 co\u011frafyada yeti\u015fen a\u015f\u0131klar ve ozanlar da suyun ark\u0131n\u0131 koruyan, da\u011f\u0131l\u0131p<span class=\"excerpt-hellip\"> [\u2026]<\/span><\/p>\n","protected":false},"featured_media":0,"template":"","meta":{"_monsterinsights_skip_tracking":false,"_monsterinsights_sitenote_active":false,"_monsterinsights_sitenote_note":"","_monsterinsights_sitenote_category":0},"product_brand":[],"product_cat":[13072,12291],"product_tag":[],"class_list":{"0":"post-713576","1":"product","2":"type-product","3":"status-publish","5":"product_cat-arastirma-inceleme-referans","6":"product_cat-edebiyat","7":"pa_cilt-ciltsiz","8":"pa_tur-kitap","9":"pa_yayinevi-ketebe-yayinlari","10":"pa_yazar-alim-yildiz","12":"first","13":"instock","14":"sale","15":"shipping-taxable","16":"purchasable","17":"product-type-simple"},"_links":{"self":[{"href":"https:\/\/roveyayinevi.com.tr\/index.php\/wp-json\/wp\/v2\/product\/713576","targetHints":{"allow":["GET"]}}],"collection":[{"href":"https:\/\/roveyayinevi.com.tr\/index.php\/wp-json\/wp\/v2\/product"}],"about":[{"href":"https:\/\/roveyayinevi.com.tr\/index.php\/wp-json\/wp\/v2\/types\/product"}],"wp:attachment":[{"href":"https:\/\/roveyayinevi.com.tr\/index.php\/wp-json\/wp\/v2\/media?parent=713576"}],"wp:term":[{"taxonomy":"product_brand","embeddable":true,"href":"https:\/\/roveyayinevi.com.tr\/index.php\/wp-json\/wp\/v2\/product_brand?post=713576"},{"taxonomy":"product_cat","embeddable":true,"href":"https:\/\/roveyayinevi.com.tr\/index.php\/wp-json\/wp\/v2\/product_cat?post=713576"},{"taxonomy":"product_tag","embeddable":true,"href":"https:\/\/roveyayinevi.com.tr\/index.php\/wp-json\/wp\/v2\/product_tag?post=713576"}],"curies":[{"name":"wp","href":"https:\/\/api.w.org\/{rel}","templated":true}]}}