{"id":713575,"date":"2025-08-27T17:08:48","date_gmt":"2025-08-27T14:08:48","guid":{"rendered":"https:\/\/roveyayinevi.com.tr\/index.php\/urun\/allah-aski-uzerine-duzensiz-dusunceler\/"},"modified":"2026-04-16T02:22:15","modified_gmt":"2026-04-15T23:22:15","slug":"allah-aski-uzerine-duzensiz-dusunceler","status":"publish","type":"product","link":"https:\/\/roveyayinevi.com.tr\/index.php\/urun\/allah-aski-uzerine-duzensiz-dusunceler\/","title":{"rendered":"Allah A\u015fk\u0131 \u00dczerine D\u00fczensiz D\u00fc\u015f\u00fcnceler"},"content":{"rendered":"<p>\u201cZaman\u0131m\u0131z\u0131n en b\u00fcy\u00fck ruhu\u201d &#8211; Albert Camus\u201cBir azizin sahip oldu\u011fu t\u00fcrden deha sahibi bir kad\u0131n\u201d &#8211; T.S.EliotD\u00fcnya \u00fcst\u00fcnde, \u00e7e\u015fitli k\u0131l\u0131klar i\u00e7erisinde g\u00f6rd\u00fc\u011f\u00fcm\u00fcz k\u00f6t\u00fcl\u00fck, Allah&#8217;dan uzak olu\u015fumuzun bir i\u015faretidir. Lakin mesafenin kendisi a\u015fkt\u0131r ve a\u015fka a\u015f\u0131k olunmal\u0131d\u0131r. K\u00f6t\u00fcl\u00fc\u011fe a\u015f\u0131k olamay\u0131z ama Allah i\u015fte bu k\u00f6t\u00fcl\u00fckler aras\u0131ndan ge\u00e7ilerek sevilir. <\/p>\n","protected":false},"excerpt":{"rendered":"<p>\u201cZaman\u0131m\u0131z\u0131n en b\u00fcy\u00fck ruhu\u201d &#8211; Albert Camus\u201cBir azizin sahip oldu\u011fu t\u00fcrden deha sahibi bir kad\u0131n\u201d &#8211; T.S.EliotD\u00fcnya \u00fcst\u00fcnde, \u00e7e\u015fitli k\u0131l\u0131klar i\u00e7erisinde g\u00f6rd\u00fc\u011f\u00fcm\u00fcz k\u00f6t\u00fcl\u00fck, Allah&#8217;dan uzak olu\u015fumuzun<span class=\"excerpt-hellip\"> [\u2026]<\/span><\/p>\n","protected":false},"featured_media":0,"template":"","meta":{"_monsterinsights_skip_tracking":false,"_monsterinsights_sitenote_active":false,"_monsterinsights_sitenote_note":"","_monsterinsights_sitenote_category":0},"product_brand":[],"product_cat":[20351,12388],"product_tag":[],"class_list":{"0":"post-713575","1":"product","2":"type-product","3":"status-publish","5":"product_cat-dusunce","6":"product_cat-felsefe","7":"pa_cilt-ciltsiz","8":"pa_tur-kitap","9":"pa_yayinevi-ketebe-yayinlari","10":"pa_yazar-simone-weil","12":"first","13":"instock","14":"sale","15":"shipping-taxable","16":"purchasable","17":"product-type-simple"},"_links":{"self":[{"href":"https:\/\/roveyayinevi.com.tr\/index.php\/wp-json\/wp\/v2\/product\/713575","targetHints":{"allow":["GET"]}}],"collection":[{"href":"https:\/\/roveyayinevi.com.tr\/index.php\/wp-json\/wp\/v2\/product"}],"about":[{"href":"https:\/\/roveyayinevi.com.tr\/index.php\/wp-json\/wp\/v2\/types\/product"}],"wp:attachment":[{"href":"https:\/\/roveyayinevi.com.tr\/index.php\/wp-json\/wp\/v2\/media?parent=713575"}],"wp:term":[{"taxonomy":"product_brand","embeddable":true,"href":"https:\/\/roveyayinevi.com.tr\/index.php\/wp-json\/wp\/v2\/product_brand?post=713575"},{"taxonomy":"product_cat","embeddable":true,"href":"https:\/\/roveyayinevi.com.tr\/index.php\/wp-json\/wp\/v2\/product_cat?post=713575"},{"taxonomy":"product_tag","embeddable":true,"href":"https:\/\/roveyayinevi.com.tr\/index.php\/wp-json\/wp\/v2\/product_tag?post=713575"}],"curies":[{"name":"wp","href":"https:\/\/api.w.org\/{rel}","templated":true}]}}