{"id":713574,"date":"2025-08-27T17:08:48","date_gmt":"2025-08-27T14:08:48","guid":{"rendered":"https:\/\/roveyayinevi.com.tr\/index.php\/urun\/kuloglu-mustafa\/"},"modified":"2026-04-16T02:22:15","modified_gmt":"2026-04-15T23:22:15","slug":"kuloglu-mustafa","status":"publish","type":"product","link":"https:\/\/roveyayinevi.com.tr\/index.php\/urun\/kuloglu-mustafa\/","title":{"rendered":"Kulo\u011flu Mustafa"},"content":{"rendered":"<p>T\u00fcrk milleti, \u0130slam\u2019\u0131 yi\u011fitlik ve kahramanl\u0131kla mezcederek kendine has bir dini ya\u015fama anlay\u0131\u015f\u0131 ortaya koymu\u015ftur. Bu anlay\u0131\u015fla beraber halk\u0131n mefk\u00fbresinden bir \u201cgazi alperen\u201d tipi do\u011fmu\u015f ve bu tip T\u00fcrk Halk Edebiyat\u0131 \u00e7er\u00e7evesinde \u00fcretilen eserlerde, \u00f6zellikle ko\u00e7aklama t\u00fcr\u00fcnde yo\u011funlukla i\u015flenen bir tema olmu\u015ftur. Kulo\u011flu Mustafa da \u015fiirleriyle i\u00e7inde ya\u015fad\u0131\u011f\u0131 milletin de\u011ferlerini en iyi \u015fekilde yans\u0131tan halk ozanlar\u0131ndan birisi olarak, ko\u00e7aklamalar\u0131nda bu \u201cgazi alperen\u201d tipini ustaca i\u015flemi\u015ftir.Onun \u015fiirlerinin en belirgin \u00f6zellikleri levend\u00e2ne s\u00f6yleyi\u015fe, g\u00f6z\u00fc pek bir edaya ve irfan\u00ee bir aray\u0131\u015fa sahip olmas\u0131d\u0131r. Kulo\u011flu Mustafa\u2019n\u0131n \u015fiirlerinde T\u00fcrk milletinin \u0130slam\u00ee ve insan\u00ee de\u011ferleri t\u00fcm \u015feffafl\u0131\u011f\u0131yla g\u00f6r\u00fclmektedir. Sevgiden nefrete; cengaverlikten yakar\u0131\u015fa kayna\u011f\u0131n\u0131 halktan alan her t\u00fcr duygu ve durum onun ko\u015fmalar\u0131nda en samimi \u015fekliyle yer almaktad\u0131r. <\/p>\n","protected":false},"excerpt":{"rendered":"<p>T\u00fcrk milleti, \u0130slam\u2019\u0131 yi\u011fitlik ve kahramanl\u0131kla mezcederek kendine has bir dini ya\u015fama anlay\u0131\u015f\u0131 ortaya koymu\u015ftur. Bu anlay\u0131\u015fla beraber halk\u0131n mefk\u00fbresinden bir \u201cgazi alperen\u201d tipi do\u011fmu\u015f ve<span class=\"excerpt-hellip\"> [\u2026]<\/span><\/p>\n","protected":false},"featured_media":0,"template":"","meta":{"_monsterinsights_skip_tracking":false,"_monsterinsights_sitenote_active":false,"_monsterinsights_sitenote_note":"","_monsterinsights_sitenote_category":0},"product_brand":[],"product_cat":[20234,12291],"product_tag":[],"class_list":{"0":"post-713574","1":"product","2":"type-product","3":"status-publish","5":"product_cat-divan-edebiyati-halk-edebiyati","6":"product_cat-edebiyat","7":"pa_cilt-ciltsiz","8":"pa_tur-kitap","9":"pa_yayinevi-ketebe-yayinlari","10":"pa_yazar-necdet-sengun","12":"first","13":"instock","14":"sale","15":"shipping-taxable","16":"purchasable","17":"product-type-simple"},"_links":{"self":[{"href":"https:\/\/roveyayinevi.com.tr\/index.php\/wp-json\/wp\/v2\/product\/713574","targetHints":{"allow":["GET"]}}],"collection":[{"href":"https:\/\/roveyayinevi.com.tr\/index.php\/wp-json\/wp\/v2\/product"}],"about":[{"href":"https:\/\/roveyayinevi.com.tr\/index.php\/wp-json\/wp\/v2\/types\/product"}],"wp:attachment":[{"href":"https:\/\/roveyayinevi.com.tr\/index.php\/wp-json\/wp\/v2\/media?parent=713574"}],"wp:term":[{"taxonomy":"product_brand","embeddable":true,"href":"https:\/\/roveyayinevi.com.tr\/index.php\/wp-json\/wp\/v2\/product_brand?post=713574"},{"taxonomy":"product_cat","embeddable":true,"href":"https:\/\/roveyayinevi.com.tr\/index.php\/wp-json\/wp\/v2\/product_cat?post=713574"},{"taxonomy":"product_tag","embeddable":true,"href":"https:\/\/roveyayinevi.com.tr\/index.php\/wp-json\/wp\/v2\/product_tag?post=713574"}],"curies":[{"name":"wp","href":"https:\/\/api.w.org\/{rel}","templated":true}]}}