{"id":713573,"date":"2025-08-27T17:08:47","date_gmt":"2025-08-27T14:08:47","guid":{"rendered":"https:\/\/roveyayinevi.com.tr\/index.php\/urun\/mercier-ile-camier\/"},"modified":"2026-04-16T02:22:15","modified_gmt":"2026-04-15T23:22:15","slug":"mercier-ile-camier","status":"publish","type":"product","link":"https:\/\/roveyayinevi.com.tr\/index.php\/urun\/mercier-ile-camier\/","title":{"rendered":"Mercier ile Camier"},"content":{"rendered":"<p>Beckett\u2019in en anla\u015f\u0131l\u0131r, en eri\u015filir, hatta en e\u011flenceli eserlerinden biri, denir. Yazar\u0131n ilk Frans\u0131zca uzun d\u00fczyaz\u0131 denemesidir, denir. 1946\u2019da yaz\u0131ld\u0131 ama son anda vazge\u00e7ti de ancak 1970\u2019te bas\u0131labildi, denir. \u0130ngilizceye de yine kendisi \u00e7evirdi, denir. Didi ile Gogo\u2019nun ruh ikizleridir desek yanl\u0131\u015f olmaz, da denir. <\/p>\n","protected":false},"excerpt":{"rendered":"<p>Beckett\u2019in en anla\u015f\u0131l\u0131r, en eri\u015filir, hatta en e\u011flenceli eserlerinden biri, denir. Yazar\u0131n ilk Frans\u0131zca uzun d\u00fczyaz\u0131 denemesidir, denir. 1946\u2019da yaz\u0131ld\u0131 ama son anda vazge\u00e7ti de ancak<span class=\"excerpt-hellip\"> [\u2026]<\/span><\/p>\n","protected":false},"featured_media":0,"template":"","meta":{"_monsterinsights_skip_tracking":false,"_monsterinsights_sitenote_active":false,"_monsterinsights_sitenote_note":"","_monsterinsights_sitenote_category":0},"product_brand":[],"product_cat":[12291,12711],"product_tag":[],"class_list":{"0":"post-713573","1":"product","2":"type-product","3":"status-publish","5":"product_cat-edebiyat","6":"product_cat-roman-oyku","7":"pa_cilt-ciltsiz","8":"pa_tur-kitap","9":"pa_yayinevi-kirmizi-kedi-yayinevi","10":"pa_yazar-samuel-beckett","12":"first","13":"instock","14":"sale","15":"shipping-taxable","16":"purchasable","17":"product-type-simple"},"_links":{"self":[{"href":"https:\/\/roveyayinevi.com.tr\/index.php\/wp-json\/wp\/v2\/product\/713573","targetHints":{"allow":["GET"]}}],"collection":[{"href":"https:\/\/roveyayinevi.com.tr\/index.php\/wp-json\/wp\/v2\/product"}],"about":[{"href":"https:\/\/roveyayinevi.com.tr\/index.php\/wp-json\/wp\/v2\/types\/product"}],"wp:attachment":[{"href":"https:\/\/roveyayinevi.com.tr\/index.php\/wp-json\/wp\/v2\/media?parent=713573"}],"wp:term":[{"taxonomy":"product_brand","embeddable":true,"href":"https:\/\/roveyayinevi.com.tr\/index.php\/wp-json\/wp\/v2\/product_brand?post=713573"},{"taxonomy":"product_cat","embeddable":true,"href":"https:\/\/roveyayinevi.com.tr\/index.php\/wp-json\/wp\/v2\/product_cat?post=713573"},{"taxonomy":"product_tag","embeddable":true,"href":"https:\/\/roveyayinevi.com.tr\/index.php\/wp-json\/wp\/v2\/product_tag?post=713573"}],"curies":[{"name":"wp","href":"https:\/\/api.w.org\/{rel}","templated":true}]}}