{"id":713571,"date":"2025-08-27T17:08:46","date_gmt":"2025-08-27T14:08:46","guid":{"rendered":"https:\/\/roveyayinevi.com.tr\/index.php\/urun\/balino\/"},"modified":"2026-04-16T02:22:15","modified_gmt":"2026-04-15T23:22:15","slug":"balino","status":"publish","type":"product","link":"https:\/\/roveyayinevi.com.tr\/index.php\/urun\/balino\/","title":{"rendered":"Balino"},"content":{"rendered":"<p>\u201cKendi hayallerini ger\u00e7ekle\u015ftirecek yolu ancak sen se\u00e7ebilirsin!\u201dLino, annesinin anlatt\u0131\u011f\u0131 hik\u00e2yelerle her gece bir yolculu\u011fa \u00e7\u0131k\u0131yor hayal d\u00fcnyas\u0131nda. Hayal g\u00fcc\u00fc o kadar geni\u015f, o kadar merakl\u0131 ki Lino, &#8220;Balinalar Denizi&#8221;ne ula\u015f\u0131p bir balinan\u0131n karn\u0131nda olman\u0131n hayaline kapt\u0131r\u0131yor kendini.Sonra bir gece&#8230; Maceras\u0131 ba\u015fl\u0131yor!Balino, hayalinin pe\u015finden ko\u015fan t\u00fcm \u00e7ocuklar i\u00e7in, s\u0131ms\u0131cak bir dostluk hik\u00e2yesi. <\/p>\n","protected":false},"excerpt":{"rendered":"<p>\u201cKendi hayallerini ger\u00e7ekle\u015ftirecek yolu ancak sen se\u00e7ebilirsin!\u201dLino, annesinin anlatt\u0131\u011f\u0131 hik\u00e2yelerle her gece bir yolculu\u011fa \u00e7\u0131k\u0131yor hayal d\u00fcnyas\u0131nda. Hayal g\u00fcc\u00fc o kadar geni\u015f, o kadar merakl\u0131 ki<span class=\"excerpt-hellip\"> [\u2026]<\/span><\/p>\n","protected":false},"featured_media":0,"template":"","meta":{"_monsterinsights_skip_tracking":false,"_monsterinsights_sitenote_active":false,"_monsterinsights_sitenote_note":"","_monsterinsights_sitenote_category":0},"product_brand":[],"product_cat":[12274,12284],"product_tag":[],"class_list":{"0":"post-713571","1":"product","2":"type-product","3":"status-publish","5":"product_cat-cocuk-ve-genclik-kitaplari","6":"product_cat-hikayeler","7":"pa_cilt-ciltsiz","8":"pa_tur-kitap","9":"pa_yayinevi-timas-cocuk","10":"pa_yazar-anil-basili","12":"first","13":"instock","14":"sale","15":"shipping-taxable","16":"purchasable","17":"product-type-simple"},"_links":{"self":[{"href":"https:\/\/roveyayinevi.com.tr\/index.php\/wp-json\/wp\/v2\/product\/713571","targetHints":{"allow":["GET"]}}],"collection":[{"href":"https:\/\/roveyayinevi.com.tr\/index.php\/wp-json\/wp\/v2\/product"}],"about":[{"href":"https:\/\/roveyayinevi.com.tr\/index.php\/wp-json\/wp\/v2\/types\/product"}],"wp:attachment":[{"href":"https:\/\/roveyayinevi.com.tr\/index.php\/wp-json\/wp\/v2\/media?parent=713571"}],"wp:term":[{"taxonomy":"product_brand","embeddable":true,"href":"https:\/\/roveyayinevi.com.tr\/index.php\/wp-json\/wp\/v2\/product_brand?post=713571"},{"taxonomy":"product_cat","embeddable":true,"href":"https:\/\/roveyayinevi.com.tr\/index.php\/wp-json\/wp\/v2\/product_cat?post=713571"},{"taxonomy":"product_tag","embeddable":true,"href":"https:\/\/roveyayinevi.com.tr\/index.php\/wp-json\/wp\/v2\/product_tag?post=713571"}],"curies":[{"name":"wp","href":"https:\/\/api.w.org\/{rel}","templated":true}]}}