{"id":713568,"date":"2025-08-27T17:08:44","date_gmt":"2025-08-27T14:08:44","guid":{"rendered":"https:\/\/roveyayinevi.com.tr\/index.php\/urun\/olimpiyat-cikmazi-guclu-halter-geliyor\/"},"modified":"2026-04-08T02:29:03","modified_gmt":"2026-04-07T23:29:03","slug":"olimpiyat-cikmazi-guclu-halter-geliyor","status":"publish","type":"product","link":"https:\/\/roveyayinevi.com.tr\/index.php\/urun\/olimpiyat-cikmazi-guclu-halter-geliyor\/","title":{"rendered":"Olimpiyat \u00c7\u0131kmaz\u0131 &#8211; G\u00fc\u00e7l\u00fc Halter Geliyor"},"content":{"rendered":"<p>Nuri, yine bir icat pe\u015finde: E\u011fer bir kul\u00fcbe yapabilirse, arkada\u015flar\u0131 ile spor kul\u00fcpleri i\u00e7in ilk ad\u0131m\u0131 atm\u0131\u015f olacaklar. Tabii k\u00f6pekleri \u00c7\u0131rak uslu durmay\u0131 ba\u015farabilirse\u2026Fakat bir de ak\u0131llarda \u015fu soru var: Kim bu \u201cG\u00fc\u00e7l\u00fc Halter\u201d?Futbol ma\u00e7lar\u0131, bisiklet yar\u0131\u015flar\u0131, birbirinden de\u011fi\u015fik icatlar, geri d\u00f6n\u00fc\u015f\u00fcm g\u00fcnleri, yetimhanedeki arkada\u015flar, &#8220;\u00dc\u00e7 Numara&#8221; toplant\u0131lar\u0131, komik k\u00f6pek \u00c7\u0131rak ve daha neler neler!E\u011flence, komedi, macera, spor, dayan\u0131\u015fma ve arkada\u015fl\u0131k\u2026Hepsi bu kitaplarda, bu adreste: Olimpiyat \u00c7\u0131kmaz\u0131&#8217;nda! <\/p>\n","protected":false},"excerpt":{"rendered":"<p>Nuri, yine bir icat pe\u015finde: E\u011fer bir kul\u00fcbe yapabilirse, arkada\u015flar\u0131 ile spor kul\u00fcpleri i\u00e7in ilk ad\u0131m\u0131 atm\u0131\u015f olacaklar. Tabii k\u00f6pekleri \u00c7\u0131rak uslu durmay\u0131 ba\u015farabilirse\u2026Fakat bir de<span class=\"excerpt-hellip\"> [\u2026]<\/span><\/p>\n","protected":false},"featured_media":0,"template":"","meta":{"_monsterinsights_skip_tracking":false,"_monsterinsights_sitenote_active":false,"_monsterinsights_sitenote_note":"","_monsterinsights_sitenote_category":0},"product_brand":[],"product_cat":[12275,12274],"product_tag":[],"class_list":{"0":"post-713568","1":"product","2":"type-product","3":"status-publish","5":"product_cat-6-12-yas-kitaplari","6":"product_cat-cocuk-ve-genclik-kitaplari","7":"pa_cilt-ciltsiz","8":"pa_tur-kitap","9":"pa_yayinevi-timas-cocuk","10":"pa_yazar-mehmet-salih-sirmacekic","12":"first","13":"instock","14":"sale","15":"shipping-taxable","16":"purchasable","17":"product-type-simple"},"_links":{"self":[{"href":"https:\/\/roveyayinevi.com.tr\/index.php\/wp-json\/wp\/v2\/product\/713568","targetHints":{"allow":["GET"]}}],"collection":[{"href":"https:\/\/roveyayinevi.com.tr\/index.php\/wp-json\/wp\/v2\/product"}],"about":[{"href":"https:\/\/roveyayinevi.com.tr\/index.php\/wp-json\/wp\/v2\/types\/product"}],"wp:attachment":[{"href":"https:\/\/roveyayinevi.com.tr\/index.php\/wp-json\/wp\/v2\/media?parent=713568"}],"wp:term":[{"taxonomy":"product_brand","embeddable":true,"href":"https:\/\/roveyayinevi.com.tr\/index.php\/wp-json\/wp\/v2\/product_brand?post=713568"},{"taxonomy":"product_cat","embeddable":true,"href":"https:\/\/roveyayinevi.com.tr\/index.php\/wp-json\/wp\/v2\/product_cat?post=713568"},{"taxonomy":"product_tag","embeddable":true,"href":"https:\/\/roveyayinevi.com.tr\/index.php\/wp-json\/wp\/v2\/product_tag?post=713568"}],"curies":[{"name":"wp","href":"https:\/\/api.w.org\/{rel}","templated":true}]}}