{"id":713567,"date":"2025-08-27T17:08:44","date_gmt":"2025-08-27T14:08:44","guid":{"rendered":"https:\/\/roveyayinevi.com.tr\/index.php\/urun\/olimpiyat-cikmazi-dugun-mu-mac-mi\/"},"modified":"2026-04-08T02:29:03","modified_gmt":"2026-04-07T23:29:03","slug":"olimpiyat-cikmazi-dugun-mu-mac-mi","status":"publish","type":"product","link":"https:\/\/roveyayinevi.com.tr\/index.php\/urun\/olimpiyat-cikmazi-dugun-mu-mac-mi\/","title":{"rendered":"Olimpiyat \u00c7\u0131kmaz\u0131 &#8211; D\u00fc\u011f\u00fcn m\u00fc Ma\u00e7 m\u0131?"},"content":{"rendered":"<p>Mahallede d\u00fc\u011f\u00fcn var. Nuri ve arkada\u015flar\u0131 olmadan d\u00fc\u011f\u00fcn olur mu hi\u00e7? Ama bir de b\u00fcy\u00fck ma\u00e7 var\u2026 Ma\u00e7\u0131 kazan\u0131p spor kul\u00fcbesine kavu\u015fmalar\u0131 \u015fart!Ak\u0131llarda deli sorular: D\u00fc\u011f\u00fcn m\u00fc yoksa ma\u00e7 m\u0131?Futbol ma\u00e7lar\u0131, bisiklet yar\u0131\u015flar\u0131, birbirinden de\u011fi\u015fik icatlar, geri d\u00f6n\u00fc\u015f\u00fcm g\u00fcnleri, yetimhanedeki arkada\u015flar, &#8220;\u00dc\u00e7 Numara&#8221; toplant\u0131lar\u0131, komik k\u00f6pek \u00c7\u0131rak ve daha neler neler!E\u011flence, komedi, macera, spor, dayan\u0131\u015fma ve arkada\u015fl\u0131k\u2026Hepsi bu kitaplarda, bu adreste: Olimpiyat \u00c7\u0131kmaz\u0131&#8217;nda! <\/p>\n","protected":false},"excerpt":{"rendered":"<p>Mahallede d\u00fc\u011f\u00fcn var. Nuri ve arkada\u015flar\u0131 olmadan d\u00fc\u011f\u00fcn olur mu hi\u00e7? Ama bir de b\u00fcy\u00fck ma\u00e7 var\u2026 Ma\u00e7\u0131 kazan\u0131p spor kul\u00fcbesine kavu\u015fmalar\u0131 \u015fart!Ak\u0131llarda deli sorular: D\u00fc\u011f\u00fcn<span class=\"excerpt-hellip\"> [\u2026]<\/span><\/p>\n","protected":false},"featured_media":0,"template":"","meta":{"_monsterinsights_skip_tracking":false,"_monsterinsights_sitenote_active":false,"_monsterinsights_sitenote_note":"","_monsterinsights_sitenote_category":0},"product_brand":[],"product_cat":[12275,12274],"product_tag":[],"class_list":{"0":"post-713567","1":"product","2":"type-product","3":"status-publish","5":"product_cat-6-12-yas-kitaplari","6":"product_cat-cocuk-ve-genclik-kitaplari","7":"pa_cilt-ciltsiz","8":"pa_tur-kitap","9":"pa_yayinevi-timas-cocuk","10":"pa_yazar-mehmet-salih-sirmacekic","12":"first","13":"instock","14":"sale","15":"shipping-taxable","16":"purchasable","17":"product-type-simple"},"_links":{"self":[{"href":"https:\/\/roveyayinevi.com.tr\/index.php\/wp-json\/wp\/v2\/product\/713567","targetHints":{"allow":["GET"]}}],"collection":[{"href":"https:\/\/roveyayinevi.com.tr\/index.php\/wp-json\/wp\/v2\/product"}],"about":[{"href":"https:\/\/roveyayinevi.com.tr\/index.php\/wp-json\/wp\/v2\/types\/product"}],"wp:attachment":[{"href":"https:\/\/roveyayinevi.com.tr\/index.php\/wp-json\/wp\/v2\/media?parent=713567"}],"wp:term":[{"taxonomy":"product_brand","embeddable":true,"href":"https:\/\/roveyayinevi.com.tr\/index.php\/wp-json\/wp\/v2\/product_brand?post=713567"},{"taxonomy":"product_cat","embeddable":true,"href":"https:\/\/roveyayinevi.com.tr\/index.php\/wp-json\/wp\/v2\/product_cat?post=713567"},{"taxonomy":"product_tag","embeddable":true,"href":"https:\/\/roveyayinevi.com.tr\/index.php\/wp-json\/wp\/v2\/product_tag?post=713567"}],"curies":[{"name":"wp","href":"https:\/\/api.w.org\/{rel}","templated":true}]}}