{"id":713565,"date":"2025-08-27T17:08:42","date_gmt":"2025-08-27T14:08:42","guid":{"rendered":"https:\/\/roveyayinevi.com.tr\/index.php\/urun\/olimpiyat-cikmazi-bisiklet-yarislamasi\/"},"modified":"2026-04-08T02:29:03","modified_gmt":"2026-04-07T23:29:03","slug":"olimpiyat-cikmazi-bisiklet-yarislamasi","status":"publish","type":"product","link":"https:\/\/roveyayinevi.com.tr\/index.php\/urun\/olimpiyat-cikmazi-bisiklet-yarislamasi\/","title":{"rendered":"Olimpiyat \u00c7\u0131kmaz\u0131 &#8211; Bisiklet Yar\u0131\u015flamas\u0131"},"content":{"rendered":"<p>G\u00fc\u00e7l\u00fc Halter ekibi ile yetimhanedeki arkada\u015flar\u0131, b\u00fcy\u00fck bisiklet yar\u0131\u015f\u0131na haz\u0131rlan\u0131yor. \u00d6ncesinde ise Niyaz Bey ile b\u00fcy\u00fck bulu\u015fma ger\u00e7ekle\u015fecek!Bu b\u00fcy\u00fck yar\u0131\u015f\u0131n galibi kim olacak peki?Futbol ma\u00e7lar\u0131, bisiklet yar\u0131\u015flar\u0131, birbirinden de\u011fi\u015fik icatlar, geri d\u00f6n\u00fc\u015f\u00fcm g\u00fcnleri, yetimhanedeki arkada\u015flar, &#8220;\u00dc\u00e7 Numara&#8221; toplant\u0131lar\u0131, komik k\u00f6pek \u00c7\u0131rak ve daha neler neler!E\u011flence, komedi, macera, spor, dayan\u0131\u015fma ve arkada\u015fl\u0131k\u2026Hepsi bu kitaplarda, bu adreste: Olimpiyat \u00c7\u0131kmaz\u0131&#8217;nda! <\/p>\n","protected":false},"excerpt":{"rendered":"<p>G\u00fc\u00e7l\u00fc Halter ekibi ile yetimhanedeki arkada\u015flar\u0131, b\u00fcy\u00fck bisiklet yar\u0131\u015f\u0131na haz\u0131rlan\u0131yor. \u00d6ncesinde ise Niyaz Bey ile b\u00fcy\u00fck bulu\u015fma ger\u00e7ekle\u015fecek!Bu b\u00fcy\u00fck yar\u0131\u015f\u0131n galibi kim olacak peki?Futbol ma\u00e7lar\u0131, bisiklet<span class=\"excerpt-hellip\"> [\u2026]<\/span><\/p>\n","protected":false},"featured_media":0,"template":"","meta":{"_monsterinsights_skip_tracking":false,"_monsterinsights_sitenote_active":false,"_monsterinsights_sitenote_note":"","_monsterinsights_sitenote_category":0},"product_brand":[],"product_cat":[12275,12274],"product_tag":[],"class_list":{"0":"post-713565","1":"product","2":"type-product","3":"status-publish","5":"product_cat-6-12-yas-kitaplari","6":"product_cat-cocuk-ve-genclik-kitaplari","7":"pa_cilt-ciltsiz","8":"pa_tur-kitap","9":"pa_yayinevi-timas-cocuk","10":"pa_yazar-mehmet-salih-sirmacekic","12":"first","13":"instock","14":"sale","15":"shipping-taxable","16":"purchasable","17":"product-type-simple"},"_links":{"self":[{"href":"https:\/\/roveyayinevi.com.tr\/index.php\/wp-json\/wp\/v2\/product\/713565","targetHints":{"allow":["GET"]}}],"collection":[{"href":"https:\/\/roveyayinevi.com.tr\/index.php\/wp-json\/wp\/v2\/product"}],"about":[{"href":"https:\/\/roveyayinevi.com.tr\/index.php\/wp-json\/wp\/v2\/types\/product"}],"wp:attachment":[{"href":"https:\/\/roveyayinevi.com.tr\/index.php\/wp-json\/wp\/v2\/media?parent=713565"}],"wp:term":[{"taxonomy":"product_brand","embeddable":true,"href":"https:\/\/roveyayinevi.com.tr\/index.php\/wp-json\/wp\/v2\/product_brand?post=713565"},{"taxonomy":"product_cat","embeddable":true,"href":"https:\/\/roveyayinevi.com.tr\/index.php\/wp-json\/wp\/v2\/product_cat?post=713565"},{"taxonomy":"product_tag","embeddable":true,"href":"https:\/\/roveyayinevi.com.tr\/index.php\/wp-json\/wp\/v2\/product_tag?post=713565"}],"curies":[{"name":"wp","href":"https:\/\/api.w.org\/{rel}","templated":true}]}}