{"id":713562,"date":"2025-08-27T17:08:41","date_gmt":"2025-08-27T14:08:41","guid":{"rendered":"https:\/\/roveyayinevi.com.tr\/index.php\/urun\/osmanli-dunyasinda-uretmek-pazarlamak-yasamak\/"},"modified":"2026-04-16T02:22:15","modified_gmt":"2026-04-15T23:22:15","slug":"osmanli-dunyasinda-uretmek-pazarlamak-yasamak","status":"publish","type":"product","link":"https:\/\/roveyayinevi.com.tr\/index.php\/urun\/osmanli-dunyasinda-uretmek-pazarlamak-yasamak\/","title":{"rendered":"Osmanl\u0131 D\u00fcnyas\u0131nda \u00dcretmek, Pazarlamak, Ya\u015famak"},"content":{"rendered":"<p>Sureiya Faroqhi, Osmanl\u0131 tarih\u00e7ili\u011finin temellerini atan \u00d6mer L\u00fctfi Barkan ekol\u00fcn\u00fcn g\u00fcn\u00fcm\u00fczdeki en yetkin temsilcisi. Kitapta Faroqhi\u2019nin \u201cTicaret Ba\u011flant\u0131lar\u0131\u201d, \u201cBursa\u2019da \u00dcretmek ve Ya\u015famak\u201d, \u201cOsmanl\u0131 D\u00fcnyas\u0131nda Kad\u0131n Olmak\u201d ile \u201cMe\u015frula\u015ft\u0131rma Davalar\u0131\u201d ba\u015fl\u0131kl\u0131 d\u00f6rt b\u00f6l\u00fcmde toplad\u0131\u011f\u0131 on d\u00f6rt makalesi yer al\u0131yor. Bu makalelerde 15-18. y\u00fczy\u0131l aras\u0131 zaman dilimindeki Osmanl\u0131 toplumsal tarihinin de\u011fi\u015fik cephelerine bak\u0131\u015f yer al\u0131yor. \ufffcTan\u0131t\u0131m Metni<\/p>\n","protected":false},"excerpt":{"rendered":"<p>Sureiya Faroqhi, Osmanl\u0131 tarih\u00e7ili\u011finin temellerini atan \u00d6mer L\u00fctfi Barkan ekol\u00fcn\u00fcn g\u00fcn\u00fcm\u00fczdeki en yetkin temsilcisi. Kitapta Faroqhi\u2019nin \u201cTicaret Ba\u011flant\u0131lar\u0131\u201d, \u201cBursa\u2019da \u00dcretmek ve Ya\u015famak\u201d, \u201cOsmanl\u0131 D\u00fcnyas\u0131nda Kad\u0131n Olmak\u201d<span class=\"excerpt-hellip\"> [\u2026]<\/span><\/p>\n","protected":false},"featured_media":0,"template":"","meta":{"_monsterinsights_skip_tracking":false,"_monsterinsights_sitenote_active":false,"_monsterinsights_sitenote_note":"","_monsterinsights_sitenote_category":0},"product_brand":[],"product_cat":[13517,12304],"product_tag":[],"class_list":{"0":"post-713562","1":"product","2":"type-product","3":"status-publish","5":"product_cat-osmanli-tarihi","6":"product_cat-tarih","7":"pa_cilt-ciltsiz","8":"pa_tur-kitap","9":"pa_yayinevi-yapi-kredi-yayinlari","10":"pa_yazar-suraiya-faroqhi","12":"first","13":"instock","14":"sale","15":"shipping-taxable","16":"purchasable","17":"product-type-simple"},"_links":{"self":[{"href":"https:\/\/roveyayinevi.com.tr\/index.php\/wp-json\/wp\/v2\/product\/713562","targetHints":{"allow":["GET"]}}],"collection":[{"href":"https:\/\/roveyayinevi.com.tr\/index.php\/wp-json\/wp\/v2\/product"}],"about":[{"href":"https:\/\/roveyayinevi.com.tr\/index.php\/wp-json\/wp\/v2\/types\/product"}],"wp:attachment":[{"href":"https:\/\/roveyayinevi.com.tr\/index.php\/wp-json\/wp\/v2\/media?parent=713562"}],"wp:term":[{"taxonomy":"product_brand","embeddable":true,"href":"https:\/\/roveyayinevi.com.tr\/index.php\/wp-json\/wp\/v2\/product_brand?post=713562"},{"taxonomy":"product_cat","embeddable":true,"href":"https:\/\/roveyayinevi.com.tr\/index.php\/wp-json\/wp\/v2\/product_cat?post=713562"},{"taxonomy":"product_tag","embeddable":true,"href":"https:\/\/roveyayinevi.com.tr\/index.php\/wp-json\/wp\/v2\/product_tag?post=713562"}],"curies":[{"name":"wp","href":"https:\/\/api.w.org\/{rel}","templated":true}]}}