{"id":713561,"date":"2025-08-27T17:08:40","date_gmt":"2025-08-27T14:08:40","guid":{"rendered":"https:\/\/roveyayinevi.com.tr\/index.php\/urun\/denemeler-konusmalar\/"},"modified":"2026-02-03T02:35:36","modified_gmt":"2026-02-02T23:35:36","slug":"denemeler-konusmalar","status":"publish","type":"product","link":"https:\/\/roveyayinevi.com.tr\/index.php\/urun\/denemeler-konusmalar\/","title":{"rendered":"Denemeler, Konu\u015fmalar"},"content":{"rendered":"<p>\u015eair, \u00f6yk\u00fcc\u00fc ve oyun yazar\u0131 Sabahattin Kudret Aksal, yay\u0131mlanan ilk \u015fiir ve \u00f6yk\u00fcs\u00fcnden, oynanan ilk oyunundan \u00f6l\u00fcm\u00fcne dek, \u015fiir, tiyatro ve edebiyat \u00fczerine d\u00fc\u015f\u00fcnmeyi ve yazmay\u0131 da s\u00fcrd\u00fcrd\u00fc. \u015eiirlerindeki, oyun ve \u00f6yk\u00fclerindeki gibi denemelerinde de, yal\u0131n ve ayd\u0131nl\u0131kt\u0131. Yaz\u0131lar\u0131nda, felsefeci yan\u0131n\u0131n getirdi\u011fi ak\u0131l, mant\u0131k ve bilin\u00e7li aray\u0131\u015flarla sanat\u00e7\u0131 yan\u0131n\u0131n getirdi\u011fi k\u0131vam\u0131nda bir duygululu\u011fu tam dozunda harmanlayan bir yazar oldu hep. enemeler, Konu\u015fmalar&#8217;da, Aksal&#8217;\u0131n Ge\u00e7mi\u015fle Gelecek ba\u015fl\u0131kl\u0131 kitab\u0131ndaki yaz\u0131lar\u0131n tamam\u0131 ile bu kitab\u0131n iki bask\u0131s\u0131na da girmemi\u015f kimi yaz\u0131, konu\u015fma, bildiri ve soru\u015fturma yan\u0131tlar\u0131 yer al\u0131yor. Bunlar aras\u0131nda 1986 D\u00fcnya Tiyatrolar G\u00fcn\u00fc T\u00fcrkiye bildirisi ile 1991 Poesium bildirisi de bulunuyor. Bir s\u00f6z ve susku ustas\u0131ndan, \u015fiir, edebiyat ve tiyatronun \u0131\u015f\u0131\u011f\u0131nda, \u015fiire, edebiyata, tiyatroya bak\u0131\u015flar&#8230; <\/p>\n","protected":false},"excerpt":{"rendered":"<p>\u015eair, \u00f6yk\u00fcc\u00fc ve oyun yazar\u0131 Sabahattin Kudret Aksal, yay\u0131mlanan ilk \u015fiir ve \u00f6yk\u00fcs\u00fcnden, oynanan ilk oyunundan \u00f6l\u00fcm\u00fcne dek, \u015fiir, tiyatro ve edebiyat \u00fczerine d\u00fc\u015f\u00fcnmeyi ve yazmay\u0131<span class=\"excerpt-hellip\"> [\u2026]<\/span><\/p>\n","protected":false},"featured_media":0,"template":"","meta":{"_monsterinsights_skip_tracking":false,"_monsterinsights_sitenote_active":false,"_monsterinsights_sitenote_note":"","_monsterinsights_sitenote_category":0},"product_brand":[],"product_cat":[12777,12291],"product_tag":[],"class_list":{"0":"post-713561","1":"product","2":"type-product","3":"status-publish","5":"product_cat-deneme","6":"product_cat-edebiyat","7":"pa_cilt-ciltsiz","8":"pa_tur-kitap","9":"pa_yayinevi-yapi-kredi-yayinlari","10":"pa_yazar-sabahattin-kudret-aksal","12":"first","13":"instock","14":"sale","15":"shipping-taxable","16":"purchasable","17":"product-type-simple"},"_links":{"self":[{"href":"https:\/\/roveyayinevi.com.tr\/index.php\/wp-json\/wp\/v2\/product\/713561","targetHints":{"allow":["GET"]}}],"collection":[{"href":"https:\/\/roveyayinevi.com.tr\/index.php\/wp-json\/wp\/v2\/product"}],"about":[{"href":"https:\/\/roveyayinevi.com.tr\/index.php\/wp-json\/wp\/v2\/types\/product"}],"wp:attachment":[{"href":"https:\/\/roveyayinevi.com.tr\/index.php\/wp-json\/wp\/v2\/media?parent=713561"}],"wp:term":[{"taxonomy":"product_brand","embeddable":true,"href":"https:\/\/roveyayinevi.com.tr\/index.php\/wp-json\/wp\/v2\/product_brand?post=713561"},{"taxonomy":"product_cat","embeddable":true,"href":"https:\/\/roveyayinevi.com.tr\/index.php\/wp-json\/wp\/v2\/product_cat?post=713561"},{"taxonomy":"product_tag","embeddable":true,"href":"https:\/\/roveyayinevi.com.tr\/index.php\/wp-json\/wp\/v2\/product_tag?post=713561"}],"curies":[{"name":"wp","href":"https:\/\/api.w.org\/{rel}","templated":true}]}}