{"id":713560,"date":"2025-08-27T17:08:40","date_gmt":"2025-08-27T14:08:40","guid":{"rendered":"https:\/\/roveyayinevi.com.tr\/index.php\/urun\/video-aktivizmde-kavramlar-sorunlar-uygulamalar\/"},"modified":"2026-04-16T02:22:15","modified_gmt":"2026-04-15T23:22:15","slug":"video-aktivizmde-kavramlar-sorunlar-uygulamalar","status":"publish","type":"product","link":"https:\/\/roveyayinevi.com.tr\/index.php\/urun\/video-aktivizmde-kavramlar-sorunlar-uygulamalar\/","title":{"rendered":"Video Aktivizmde Kavramlar Sorunlar Uygulamalar"},"content":{"rendered":"<p>G\u00fcn\u00fcm\u00fczde end\u00fcstriyel ana ak\u0131m medyan\u0131n sembolik \u00fcretim yap\u0131s\u0131 nedeniyle, bir yandan medya i\u00e7erikleri k\u0131s\u0131rla\u015f\u0131rken di\u011fer yandan \u00fcretilen haberler g\u00fcvenilmez hale gelmi\u015ftir. Ana ak\u0131m medyan\u0131n kamu ad\u0131na, yurtta\u015f demokrasisinin gelece\u011fi i\u00e7in g\u00f6zlemcilik g\u00f6revini yapamaz hale geldi\u011fi giderek daha \u00e7ok netle\u015fmektedir. Bu nedenle gazetecilik mesle\u011fini tan\u0131mlayan kriterler, normlar ve misyonlar da yeniden tan\u0131mlanmak zorunda kalmaktad\u0131r. Teknolojik geli\u015fmeler, \u00f6zellikle de ileti\u015fim ve kay\u0131t teknolojileri, bir yandan devlet ve istihbarat \u00f6rg\u00fctlerine s\u0131radan yurtta\u015flar\u0131 g\u00f6zetleme olanaklar\u0131 sa\u011flarken, di\u011fer yandan da yine s\u0131radan yurtta\u015f\u0131n tan\u0131kl\u0131\u011f\u0131n\u0131 ve bu tan\u0131kl\u0131\u011fa dayal\u0131 kamuoyu yaratma g\u00fcc\u00fcn\u00fc artt\u0131rmaktad\u0131r. Bu geli\u015fmeler hem gazetecilik pratiklerine hem de toplumsal aktivizme yeni boyutlar kazand\u0131rmaktad\u0131r. Bu derleme, teknolojik geli\u015fmelerle ortaya \u00e7\u0131kan ancak yeni ileti\u015fim teknolojileriyle daha da geli\u015fen video aktivizmin kuramsal, hukuksal, etik ve teknik boyutlar\u0131n\u0131 tart\u0131\u015fmaya a\u00e7\u0131yor. Bir tan\u0131ma g\u00f6re, video aktivizm, toplumsal ve siyasi de\u011fi\u015fim, insan haklar\u0131 ad\u0131na m\u00fccadele etmek i\u00e7in olaylar\u0131n haberlerini kaydeden ve dola\u015f\u0131ma sokan ba\u011f\u0131ms\u0131z medya ile video hareketidir. Video aktivizm, g\u00f6rmekten, g\u00f6stermeye do\u011fru giden etik bir ad\u0131m olarak da tan\u0131mlanmaktad\u0131r. Ancak bu basit bir g\u00f6zetleme ve kaydetme etkinli\u011fi de\u011fil hem kay\u0131t alt\u0131na al\u0131nana hem de kaydedilen olay\u0131n kendisine kar\u015f\u0131 sorumluluk duymay\u0131 bar\u0131nd\u0131rmaktad\u0131r kendi i\u00e7inde. Video aktivizmin politik, toplumsal ve etik sorumluluklar\u0131na dair pratik tart\u0131\u015fmalar ve \u00f6rnekler de bu derlemenin i\u00e7inde yer almaktad\u0131r. <\/p>\n","protected":false},"excerpt":{"rendered":"<p>G\u00fcn\u00fcm\u00fczde end\u00fcstriyel ana ak\u0131m medyan\u0131n sembolik \u00fcretim yap\u0131s\u0131 nedeniyle, bir yandan medya i\u00e7erikleri k\u0131s\u0131rla\u015f\u0131rken di\u011fer yandan \u00fcretilen haberler g\u00fcvenilmez hale gelmi\u015ftir. Ana ak\u0131m medyan\u0131n kamu ad\u0131na,<span class=\"excerpt-hellip\"> [\u2026]<\/span><\/p>\n","protected":false},"featured_media":0,"template":"","meta":{"_monsterinsights_skip_tracking":false,"_monsterinsights_sitenote_active":false,"_monsterinsights_sitenote_note":"","_monsterinsights_sitenote_category":0},"product_brand":[],"product_cat":[15983,13488],"product_tag":[],"class_list":{"0":"post-713560","1":"product","2":"type-product","3":"status-publish","5":"product_cat-iletisim-ve-medya","6":"product_cat-toplum-ve-insan","7":"pa_cilt-ciltsiz","8":"pa_tur-kitap","9":"pa_yayinevi-umag-yayinevi","10":"pa_yazar-nihan-gider-isikman-gulum-sener","12":"first","13":"instock","14":"sale","15":"shipping-taxable","16":"purchasable","17":"product-type-simple"},"_links":{"self":[{"href":"https:\/\/roveyayinevi.com.tr\/index.php\/wp-json\/wp\/v2\/product\/713560","targetHints":{"allow":["GET"]}}],"collection":[{"href":"https:\/\/roveyayinevi.com.tr\/index.php\/wp-json\/wp\/v2\/product"}],"about":[{"href":"https:\/\/roveyayinevi.com.tr\/index.php\/wp-json\/wp\/v2\/types\/product"}],"wp:attachment":[{"href":"https:\/\/roveyayinevi.com.tr\/index.php\/wp-json\/wp\/v2\/media?parent=713560"}],"wp:term":[{"taxonomy":"product_brand","embeddable":true,"href":"https:\/\/roveyayinevi.com.tr\/index.php\/wp-json\/wp\/v2\/product_brand?post=713560"},{"taxonomy":"product_cat","embeddable":true,"href":"https:\/\/roveyayinevi.com.tr\/index.php\/wp-json\/wp\/v2\/product_cat?post=713560"},{"taxonomy":"product_tag","embeddable":true,"href":"https:\/\/roveyayinevi.com.tr\/index.php\/wp-json\/wp\/v2\/product_tag?post=713560"}],"curies":[{"name":"wp","href":"https:\/\/api.w.org\/{rel}","templated":true}]}}