{"id":713559,"date":"2025-08-27T17:08:39","date_gmt":"2025-08-27T14:08:39","guid":{"rendered":"https:\/\/roveyayinevi.com.tr\/index.php\/urun\/theta-healing-ritim\/"},"modified":"2026-04-16T02:22:15","modified_gmt":"2026-04-15T23:22:15","slug":"theta-healing-ritim","status":"publish","type":"product","link":"https:\/\/roveyayinevi.com.tr\/index.php\/urun\/theta-healing-ritim\/","title":{"rendered":"Theta Healing Ritim"},"content":{"rendered":"<p>ThetaHealing R\u0130T\u0130M, sadece kilo verme temelli bir kitap de\u011fil; ayn\u0131 zamanda bedeninizin, ruhunuzun ve bilincinizin ideal ritmini bulman\u0131za yard\u0131mc\u0131 olacak, i\u00e7inizdeki g\u00fczelli\u011fi ke\u015ffetmenizi ve kendinizi sevmenizi sa\u011flayacak t\u00fcrden bir kitap. Bu mucizevi teknik, \u015fimdiden d\u00fcnyan\u0131n en g\u00f6zde \u015fifa kayna\u011f\u0131 olmu\u015f durumda ve hastal\u0131klardan kurtulmak kadar bedeninizi sa\u011fl\u0131kl\u0131 tutmaya devam etmek amac\u0131yla da kullan\u0131labilir. Bu kitapta a\u00e7\u0131klanan uygulamalar sayesinde, \u2022  Bedeninizi yenilemek i\u00e7in do\u011fru besinleri nas\u0131l se\u00e7ece\u011finizi ve yiyeceklerin tad\u0131n\u0131 su\u00e7luluk hissetmeksizin nas\u0131l \u00e7\u0131karaca\u011f\u0131n\u0131z\u0131, \u2022  Bedeninize, sadece m\u00fczik dinleyip rahatlarken nas\u0131l egzersiz yapt\u0131raca\u011f\u0131n\u0131z\u0131, \u2022 Arzulad\u0131\u011f\u0131n\u0131z v\u00fccut \u00f6l\u00e7\u00fclerine kavu\u015fman\u0131za engel olan korku ve saplant\u0131lar\u0131n\u0131zdan nas\u0131l kurtulaca\u011f\u0131n\u0131z\u0131 \u00f6\u011freneceksiniz. Kalori saymaya, su\u00e7luluk hissetmeye elveda deyin; Theta HealingR\u0130T\u0130M\u2019le arzulad\u0131\u011f\u0131n\u0131z bedene kavu\u015fun. V\u0131annaSt\u0131bal bir ressam, yazar, \u00f6\u011fretmen ve sezgisel okuyucudur. Amerika Birle\u015fik Devletleri, IdohaFalls&#8217;ta ya\u015famaktad\u0131r. Kendini, bu iyile\u015ftirme modelini d\u00fcnyaya yaymaya adam\u0131\u015ft\u0131r ve 25&#8217;ten fazla \u00fclkede e\u011fitmenler ve uygulay\u0131c\u0131lar yeti\u015ftirmi\u015ftir. Vianna, her \u0131rktan, her inan\u00e7tan ve her dinden insan\u0131 ThetaHealing y\u00f6ntemi hakk\u0131nda e\u011fitmek \u00fczere uluslararas\u0131 seminerler d\u00fczenlemektedir. <\/p>\n","protected":false},"excerpt":{"rendered":"<p>ThetaHealing R\u0130T\u0130M, sadece kilo verme temelli bir kitap de\u011fil; ayn\u0131 zamanda bedeninizin, ruhunuzun ve bilincinizin ideal ritmini bulman\u0131za yard\u0131mc\u0131 olacak, i\u00e7inizdeki g\u00fczelli\u011fi ke\u015ffetmenizi ve kendinizi sevmenizi<span class=\"excerpt-hellip\"> [\u2026]<\/span><\/p>\n","protected":false},"featured_media":0,"template":"","meta":{"_monsterinsights_skip_tracking":false,"_monsterinsights_sitenote_active":false,"_monsterinsights_sitenote_note":"","_monsterinsights_sitenote_category":0},"product_brand":[],"product_cat":[12364,12376],"product_tag":[],"class_list":{"0":"post-713559","1":"product","2":"type-product","3":"status-publish","5":"product_cat-genel-konular","6":"product_cat-kisisel-gelisim","7":"pa_cilt-ciltli","8":"pa_tur-kitap","9":"pa_yayinevi-nemesis-kitap","10":"pa_yazar-vianna-stibal","12":"first","13":"instock","14":"sale","15":"shipping-taxable","16":"purchasable","17":"product-type-simple"},"_links":{"self":[{"href":"https:\/\/roveyayinevi.com.tr\/index.php\/wp-json\/wp\/v2\/product\/713559","targetHints":{"allow":["GET"]}}],"collection":[{"href":"https:\/\/roveyayinevi.com.tr\/index.php\/wp-json\/wp\/v2\/product"}],"about":[{"href":"https:\/\/roveyayinevi.com.tr\/index.php\/wp-json\/wp\/v2\/types\/product"}],"wp:attachment":[{"href":"https:\/\/roveyayinevi.com.tr\/index.php\/wp-json\/wp\/v2\/media?parent=713559"}],"wp:term":[{"taxonomy":"product_brand","embeddable":true,"href":"https:\/\/roveyayinevi.com.tr\/index.php\/wp-json\/wp\/v2\/product_brand?post=713559"},{"taxonomy":"product_cat","embeddable":true,"href":"https:\/\/roveyayinevi.com.tr\/index.php\/wp-json\/wp\/v2\/product_cat?post=713559"},{"taxonomy":"product_tag","embeddable":true,"href":"https:\/\/roveyayinevi.com.tr\/index.php\/wp-json\/wp\/v2\/product_tag?post=713559"}],"curies":[{"name":"wp","href":"https:\/\/api.w.org\/{rel}","templated":true}]}}