{"id":713556,"date":"2025-08-27T17:08:38","date_gmt":"2025-08-27T14:08:38","guid":{"rendered":"https:\/\/roveyayinevi.com.tr\/index.php\/urun\/cennet-kusu\/"},"modified":"2026-02-27T02:24:12","modified_gmt":"2026-02-26T23:24:12","slug":"cennet-kusu","status":"publish","type":"product","link":"https:\/\/roveyayinevi.com.tr\/index.php\/urun\/cennet-kusu\/","title":{"rendered":"Cennet Ku\u015fu"},"content":{"rendered":"<p>\u201cSen burada y\u00fcr\u00fcyemiyorsun ama cennette ko\u015facaks\u0131n, hem bir s\u00fcr\u00fc arkada\u015flar\u0131n olacak. O \u00e7ok sevdi\u011fin hamburgerlerden, hi\u00e7 bo\u011fulacak gibi olmadan istedi\u011fin gibi yiyeceksin, can\u0131n ne isterse Allah verecek,\u201d diyorum. Seviniyor, ho\u015funa gidiyor. \u201cDaha \u00e7ok anlat\u201d diyor. \u201cMelekler yan\u0131m\u0131zda, bak, bizi g\u00f6r\u00fcyorlar onlar,\u201d diyorum. \u00c7ok seviniyor. Yeti\u015fkin bedeninde bebeksi bir \u00e7ocuk\u2026 D\u0131\u015far\u0131ya ancak bir bebek arabas\u0131nda \u00e7\u0131kabiliyor\u2026 Hep g\u00fcl\u00fcyor\u2026 Derdini tasas\u0131n\u0131 s\u00f6yleyemiyor, birisinin onu anlamas\u0131 gerekiyor\u2026 Parkta o da kumda oynamak istiyor ama yapam\u0131yor\u2026 Hi\u00e7bir kayg\u0131 duymadan di\u011fer \u00e7ocuklar gibi kek yemek, \u00e7ay i\u00e7mek istiyor ama yapam\u0131yor\u2026 O \u00e7ok k\u00fc\u00e7\u00fckken \u00f6len, asl\u0131nda hi\u00e7 hat\u0131rlamad\u0131\u011f\u0131 annesini \u00f6zl\u00fcyor\u2026 Tek duas\u0131, \u201cAllah&#8217;\u0131m beni y\u00fcr\u00fct!\u201d O, ona sadece Allah\u2019a dayanarak bakan ablas\u0131 i\u00e7in, Allah\u2019\u0131n, \u201cBak kulum, sana \u00f6yle g\u00fczel hediye yolluyorum ki, \u00f6mr\u00fcn boyunca k\u0131yamayaca\u011f\u0131n, hep saklayaca\u011f\u0131n, bakt\u0131k\u00e7a beni hat\u0131rlayaca\u011f\u0131n bir hediye\u201d diye g\u00f6nderdi\u011fi bir imtihan. O, ablas\u0131n\u0131n Cennet Ku\u015fu! <\/p>\n","protected":false},"excerpt":{"rendered":"<p>\u201cSen burada y\u00fcr\u00fcyemiyorsun ama cennette ko\u015facaks\u0131n, hem bir s\u00fcr\u00fc arkada\u015flar\u0131n olacak. O \u00e7ok sevdi\u011fin hamburgerlerden, hi\u00e7 bo\u011fulacak gibi olmadan istedi\u011fin gibi yiyeceksin, can\u0131n ne isterse Allah<span class=\"excerpt-hellip\"> [\u2026]<\/span><\/p>\n","protected":false},"featured_media":0,"template":"","meta":{"_monsterinsights_skip_tracking":false,"_monsterinsights_sitenote_active":false,"_monsterinsights_sitenote_note":"","_monsterinsights_sitenote_category":0},"product_brand":[],"product_cat":[12777,12291],"product_tag":[],"class_list":{"0":"post-713556","1":"product","2":"type-product","3":"status-publish","5":"product_cat-deneme","6":"product_cat-edebiyat","7":"pa_cilt-ciltsiz","8":"pa_tur-kitap","9":"pa_yayinevi-hayykitap","10":"pa_yazar-tugce-cakir","12":"first","13":"instock","14":"sale","15":"shipping-taxable","16":"purchasable","17":"product-type-simple"},"_links":{"self":[{"href":"https:\/\/roveyayinevi.com.tr\/index.php\/wp-json\/wp\/v2\/product\/713556","targetHints":{"allow":["GET"]}}],"collection":[{"href":"https:\/\/roveyayinevi.com.tr\/index.php\/wp-json\/wp\/v2\/product"}],"about":[{"href":"https:\/\/roveyayinevi.com.tr\/index.php\/wp-json\/wp\/v2\/types\/product"}],"wp:attachment":[{"href":"https:\/\/roveyayinevi.com.tr\/index.php\/wp-json\/wp\/v2\/media?parent=713556"}],"wp:term":[{"taxonomy":"product_brand","embeddable":true,"href":"https:\/\/roveyayinevi.com.tr\/index.php\/wp-json\/wp\/v2\/product_brand?post=713556"},{"taxonomy":"product_cat","embeddable":true,"href":"https:\/\/roveyayinevi.com.tr\/index.php\/wp-json\/wp\/v2\/product_cat?post=713556"},{"taxonomy":"product_tag","embeddable":true,"href":"https:\/\/roveyayinevi.com.tr\/index.php\/wp-json\/wp\/v2\/product_tag?post=713556"}],"curies":[{"name":"wp","href":"https:\/\/api.w.org\/{rel}","templated":true}]}}