{"id":713555,"date":"2025-08-27T17:08:37","date_gmt":"2025-08-27T14:08:37","guid":{"rendered":"https:\/\/roveyayinevi.com.tr\/index.php\/urun\/hozat\/"},"modified":"2026-01-29T02:39:38","modified_gmt":"2026-01-28T23:39:38","slug":"hozat","status":"publish","type":"product","link":"https:\/\/roveyayinevi.com.tr\/index.php\/urun\/hozat\/","title":{"rendered":"Hozat"},"content":{"rendered":"<p>Hozat, benzerleriyle k\u0131yasland\u0131\u011f\u0131nda k\u00fc\u00e7\u00fck bir kasaba olmas\u0131na ra\u011fmen Dersim co\u011frafyas\u0131nda \u00e7ok \u00f6nemli olaylara sahne olmu\u015f tarihi bir mekand\u0131r. 16. y\u00fczy\u0131l Osmanl\u0131 kay\u0131tlar\u0131nda \u00c7emi\u015fgezek Sanca\u011f\u0131\u2019n\u0131n 50 haneli orta b\u00fcy\u00fckl\u00fckte bir Ermeni k\u00f6y\u00fc olarak yer alm\u0131\u015f; 19. y\u00fczy\u0131lda ise Dersim Sanca\u011f\u0131\u2019n\u0131n merkezi haline gelmi\u015ftir. Hozat\u2019\u0131n idari merkez olarak se\u00e7ilmesi ve sonras\u0131nda ya\u015fanan s\u00fcre\u00e7 Dersim tarihi a\u00e7\u0131s\u0131ndan \u00f6nemli ipu\u00e7lar\u0131 sunmaktad\u0131r. Farkl\u0131 k\u00fclt\u00fcrlerin ve dillerin toplanma yeridir Hozat. Belli ba\u015fl\u0131 Alevi Ocaklar\u0131na ev sahipli\u011fi yapm\u0131\u015f bir \u201cidrak\u201d mekan\u0131d\u0131r. Bu bak\u0131mdan Hozat sadece bu kitaba de\u011fil, sinemaya, edebiyata ve sosyal bilimlerin di\u011fer dallar\u0131na konu olmay\u0131 derinden hak etmi\u015f bir toplumsal co\u011frafyad\u0131r. Elinizdeki kitap bu yolda at\u0131lm\u0131\u015f m\u00fctevazi bir ilk ad\u0131md\u0131r. Abbas Tan\u2013 Abdurrahman \u00d6nen\u2013 Ali Haydar \u00c7avu\u015f\u2013 Ali\u015fan Akp\u0131nar \u2013 Ayhan Bilgin \u2013 Cemal Ta\u015f \u2013 Cihan S\u00f6ylemez\u2013 \u00c7a\u011fr\u0131 Karako\u00e7 \u2013 Dilek K\u0131z\u0131lda\u011f Soileau \u2013 Erdener \u00d6nder\u2013 Ergin Dikme \u2013 Haydar Karata\u015f \u2013 Kamber Kaya\u2013 Kaz\u0131m Ar\u0131k \u2013 M. Ali Sa\u011flam\u2013 Mehmet Ali Kankotan\u2013Mehmet Celal Baykara \u2013 Mehmet Tevfik Emre \u2013 Mehmet Y\u0131ld\u0131r\u0131m \u2013 Mehtap Tosun \u2013 Ozan Do\u011fan \u2013 \u00d6m\u00fcr \u015eenol \u2013Polat Erdo\u011fan \u2013 Serhat Bozkurt \u2013 Serhat Halis \u2013 \u015e\u00fckr\u00fc Aslan \u2013 Turabi Salt\u0131k \u2013 Vicdan Baykara \u2013Yavuz Semerci \u2013 Zeliha Hepkon <\/p>\n","protected":false},"excerpt":{"rendered":"<p>Hozat, benzerleriyle k\u0131yasland\u0131\u011f\u0131nda k\u00fc\u00e7\u00fck bir kasaba olmas\u0131na ra\u011fmen Dersim co\u011frafyas\u0131nda \u00e7ok \u00f6nemli olaylara sahne olmu\u015f tarihi bir mekand\u0131r. 16. y\u00fczy\u0131l Osmanl\u0131 kay\u0131tlar\u0131nda \u00c7emi\u015fgezek Sanca\u011f\u0131\u2019n\u0131n 50 haneli<span class=\"excerpt-hellip\"> [\u2026]<\/span><\/p>\n","protected":false},"featured_media":0,"template":"","meta":{"_monsterinsights_skip_tracking":false,"_monsterinsights_sitenote_active":false,"_monsterinsights_sitenote_note":"","_monsterinsights_sitenote_category":0},"product_brand":[],"product_cat":[12370,12304],"product_tag":[],"class_list":{"0":"post-713555","1":"product","2":"type-product","3":"status-publish","5":"product_cat-arastirma-inceleme","6":"product_cat-tarih","7":"pa_cilt-ciltsiz","8":"pa_tur-kitap","9":"pa_yayinevi-utopya-yayinevi","10":"pa_yazar-kollektif","12":"first","13":"instock","14":"sale","15":"shipping-taxable","16":"purchasable","17":"product-type-simple"},"_links":{"self":[{"href":"https:\/\/roveyayinevi.com.tr\/index.php\/wp-json\/wp\/v2\/product\/713555","targetHints":{"allow":["GET"]}}],"collection":[{"href":"https:\/\/roveyayinevi.com.tr\/index.php\/wp-json\/wp\/v2\/product"}],"about":[{"href":"https:\/\/roveyayinevi.com.tr\/index.php\/wp-json\/wp\/v2\/types\/product"}],"wp:attachment":[{"href":"https:\/\/roveyayinevi.com.tr\/index.php\/wp-json\/wp\/v2\/media?parent=713555"}],"wp:term":[{"taxonomy":"product_brand","embeddable":true,"href":"https:\/\/roveyayinevi.com.tr\/index.php\/wp-json\/wp\/v2\/product_brand?post=713555"},{"taxonomy":"product_cat","embeddable":true,"href":"https:\/\/roveyayinevi.com.tr\/index.php\/wp-json\/wp\/v2\/product_cat?post=713555"},{"taxonomy":"product_tag","embeddable":true,"href":"https:\/\/roveyayinevi.com.tr\/index.php\/wp-json\/wp\/v2\/product_tag?post=713555"}],"curies":[{"name":"wp","href":"https:\/\/api.w.org\/{rel}","templated":true}]}}