{"id":713554,"date":"2025-08-27T17:08:37","date_gmt":"2025-08-27T14:08:37","guid":{"rendered":"https:\/\/roveyayinevi.com.tr\/index.php\/urun\/kuresel-bakisla-kutup-cagi-farkli-disiplinler-cok-yonlu-perspektifler-1\/"},"modified":"2026-04-16T02:22:15","modified_gmt":"2026-04-15T23:22:15","slug":"kuresel-bakisla-kutup-cagi-farkli-disiplinler-cok-yonlu-perspektifler-1","status":"publish","type":"product","link":"https:\/\/roveyayinevi.com.tr\/index.php\/urun\/kuresel-bakisla-kutup-cagi-farkli-disiplinler-cok-yonlu-perspektifler-1\/","title":{"rendered":"K\u00fcresel Bak\u0131\u015fla Kutup \u00c7a\u011f\u0131 : Farkl\u0131 Disiplinler \u00c7ok Y\u00f6nl\u00fc Perspektifler 1"},"content":{"rendered":"<p>Arktika B\u00f6lgesi giderek daha ulas\u0131labilir hale gelmektedir. So\u011fuk Sava\u015f y\u0131llar\u0131nda B\u00f6lge&#8217;ye atfedilen&#8217;\u00f6\u011frenilmi\u015f de\u011fersizlik&#8217; zaman i\u00e7inde de\u011fi\u015fmis, askerile\u015fmenin yerini kaynaklar\u0131n ekonomik potansiyeli alm\u0131\u015ft\u0131r. Ya\u015fanan bu de\u011fi\u015fim, \u2018Kutup \u00c7a\u011f\u0131\u2019 kavram\u0131 ile v\u00fccut bulmu\u015ftur.Uluslararas\u0131 politikada iki kutuplulu\u011fun ortadan kalkmas\u0131ndan sonra ge\u00e7en \u00e7eyrek y\u00fczy\u0131l i\u00e7inde \u201cYeni Alanlar\u201d ortaya \u00e7\u0131km\u0131\u015f \u201cYeni Bak\u0131\u015f\u201d a\u00e7\u0131lar\u0131 dillendirilmeye ba\u015flanm\u0131\u015ft\u0131r. Buradaki itici g\u00fc\u00e7 \u00e7evresel de\u011fi\u015fiklik, k\u00fcresel \u0131s\u0131nma ve buz kitlelerinin ayr\u0131\u015fma sonucu do\u011fal zenginliklere kolayca ve daha ucuz bir \u015fekilde ula\u015fmaya dayanmaktad\u0131r. Bu arada iklim de\u011fi\u015fikli\u011fine ba\u011fl\u0131 olarak buzul da\u011flar\u0131n\u0131n artan bir h\u0131zla erimeleri sonucu al\u0131\u015f\u0131lagelen buzlarla kapl\u0131 Arktika manzaralar\u0131n\u0131 ortadan kald\u0131rmakta, yerli halklar\u0131n geleneksel ya\u015fam ko\u015fullar\u0131n\u0131 k\u00f6k\u00fcnden de\u011fi\u015ftirmektedir. K\u00fcreselle\u015fmenin de B\u00f6lge\u2019ye girmesiyle devasa \u00f6l\u00e7ekli trans holdinglerin kaynaklara ula\u015f\u0131m m\u00fccadelesi ve bu kaynaklar\u0131 s\u00f6m\u00fcrme rekabeti artarak s\u00fcrmektedir. Ekosistemin bozulmas\u0131 ve orman arazilerinin k\u00fcresel d\u00fczeyde azalmas\u0131ndan sonra Arktika\u2019da uzun y\u0131llard\u0131r g\u00f6zlemlenen iklimsel kriz, g\u00fcn\u00fcm\u00fczde uluslararas\u0131 toplumun mevcut krizleri aras\u0131nda en etkili boyuta ula\u015fm\u0131\u015ft\u0131r. <\/p>\n","protected":false},"excerpt":{"rendered":"<p>Arktika B\u00f6lgesi giderek daha ulas\u0131labilir hale gelmektedir. So\u011fuk Sava\u015f y\u0131llar\u0131nda B\u00f6lge&#8217;ye atfedilen&#8217;\u00f6\u011frenilmi\u015f de\u011fersizlik&#8217; zaman i\u00e7inde de\u011fi\u015fmis, askerile\u015fmenin yerini kaynaklar\u0131n ekonomik potansiyeli alm\u0131\u015ft\u0131r. Ya\u015fanan bu de\u011fi\u015fim, \u2018Kutup<span class=\"excerpt-hellip\"> [\u2026]<\/span><\/p>\n","protected":false},"featured_media":0,"template":"","meta":{"_monsterinsights_skip_tracking":false,"_monsterinsights_sitenote_active":false,"_monsterinsights_sitenote_note":"","_monsterinsights_sitenote_category":0},"product_brand":[],"product_cat":[13044,13043],"product_tag":[],"class_list":{"0":"post-713554","1":"product","2":"type-product","3":"status-publish","5":"product_cat-dunya-ekonomisi","6":"product_cat-ekonomi","7":"pa_cilt-ciltsiz","8":"pa_tur-kitap","9":"pa_yayinevi-efil-yayinevi","10":"pa_yazar-kollektif","12":"first","13":"instock","14":"sale","15":"shipping-taxable","16":"purchasable","17":"product-type-simple"},"_links":{"self":[{"href":"https:\/\/roveyayinevi.com.tr\/index.php\/wp-json\/wp\/v2\/product\/713554","targetHints":{"allow":["GET"]}}],"collection":[{"href":"https:\/\/roveyayinevi.com.tr\/index.php\/wp-json\/wp\/v2\/product"}],"about":[{"href":"https:\/\/roveyayinevi.com.tr\/index.php\/wp-json\/wp\/v2\/types\/product"}],"wp:attachment":[{"href":"https:\/\/roveyayinevi.com.tr\/index.php\/wp-json\/wp\/v2\/media?parent=713554"}],"wp:term":[{"taxonomy":"product_brand","embeddable":true,"href":"https:\/\/roveyayinevi.com.tr\/index.php\/wp-json\/wp\/v2\/product_brand?post=713554"},{"taxonomy":"product_cat","embeddable":true,"href":"https:\/\/roveyayinevi.com.tr\/index.php\/wp-json\/wp\/v2\/product_cat?post=713554"},{"taxonomy":"product_tag","embeddable":true,"href":"https:\/\/roveyayinevi.com.tr\/index.php\/wp-json\/wp\/v2\/product_tag?post=713554"}],"curies":[{"name":"wp","href":"https:\/\/api.w.org\/{rel}","templated":true}]}}