{"id":713553,"date":"2025-08-27T17:08:36","date_gmt":"2025-08-27T14:08:36","guid":{"rendered":"https:\/\/roveyayinevi.com.tr\/index.php\/urun\/cocuklar-icin-super-gidalar\/"},"modified":"2026-04-16T02:22:15","modified_gmt":"2026-04-15T23:22:15","slug":"cocuklar-icin-super-gidalar","status":"publish","type":"product","link":"https:\/\/roveyayinevi.com.tr\/index.php\/urun\/cocuklar-icin-super-gidalar\/","title":{"rendered":"\u00c7ocuklar \u0130\u00e7in S\u00fcper G\u0131dalar"},"content":{"rendered":"<p>Bebe\u011finiz, \u00e7ocu\u011funuz her bak\u0131mdan hassas, narin, korunmas\u0131z ve size muhta\u00e7. Anne babalar olarak siz onlardan daha \u015fansl\u0131yd\u0131n\u0131z \u00e7\u00fcnk\u00fc \u00e7ocuklu\u011funuz \u00e7ok daha az kimyasalla i\u00e7 i\u00e7e ge\u00e7ti. Oysa onlar tam bir kimyasal bombard\u0131man\u0131 alt\u0131nda ya\u015f\u0131yorlar. Geleceklerini t\u00fcm\u00fcyle belirleyecek olansa, \u015fu anda onlara verdikleriniz. Onlar\u0131 yalanc\u0131 g\u0131dalardan, ad\u0131 k\u0131salt\u0131larak i\u00e7eri\u011fi sizden gizlenen binlerce kimyasal katk\u0131 maddesinden, sahte damak tatlar\u0131ndan korumak sadece sizin elinizde. \u0130\u015fte bu kitapta, emzirmeden pi\u015fik kremine, pek \u00e7ok bebeklik ve \u00e7ocukluk d\u00f6nemi hastal\u0131klar\u0131 ve sorunlar\u0131nda kullanaca\u011f\u0131n\u0131z destek re\u00e7etelerine, onlar i\u00e7in do\u011fal s\u00fcper g\u0131dalarla haz\u0131rlanm\u0131\u015f s\u00fcper tariflere, hatta kendi kendinize haz\u0131rlayabilece\u011finiz hijyenik \u0131slak mendile, antialerjik sabuna kadar onlarca tarifi, re\u00e7eteyi bulacaks\u0131n\u0131z. Kitapta yer alan tarif ve re\u00e7eteler d\u00fcnyada en \u00e7ok bilinen ve T\u00fcrkiye\u2019de de bulunabilen s\u00fcper g\u0131dalarla haz\u0131rlanm\u0131\u015ft\u0131r. G\u00fcvenilirli\u011fi y\u00fczlerce y\u0131ld\u0131r bizzat halk taraf\u0131ndan teyit edilmi\u015f, \u00fcstelik yenileri eklenmi\u015f bu tarifler \u00e7ocu\u011funuzu b\u00fcy\u00fct\u00fcrken en do\u011fal ve g\u00fc\u00e7l\u00fc yard\u0131mc\u0131n\u0131z olacakt\u0131r. <\/p>\n","protected":false},"excerpt":{"rendered":"<p>Bebe\u011finiz, \u00e7ocu\u011funuz her bak\u0131mdan hassas, narin, korunmas\u0131z ve size muhta\u00e7. Anne babalar olarak siz onlardan daha \u015fansl\u0131yd\u0131n\u0131z \u00e7\u00fcnk\u00fc \u00e7ocuklu\u011funuz \u00e7ok daha az kimyasalla i\u00e7 i\u00e7e ge\u00e7ti.<span class=\"excerpt-hellip\"> [\u2026]<\/span><\/p>\n","protected":false},"featured_media":0,"template":"","meta":{"_monsterinsights_skip_tracking":false,"_monsterinsights_sitenote_active":false,"_monsterinsights_sitenote_note":"","_monsterinsights_sitenote_category":0},"product_brand":[],"product_cat":[17996,12364],"product_tag":[],"class_list":{"0":"post-713553","1":"product","2":"type-product","3":"status-publish","5":"product_cat-ebeveyn-kitaplari","6":"product_cat-genel-konular","7":"pa_cilt-ciltsiz","8":"pa_tur-kitap","9":"pa_yayinevi-hayykitap","10":"pa_yazar-ayhan-ercan","12":"first","13":"instock","14":"sale","15":"shipping-taxable","16":"purchasable","17":"product-type-simple"},"_links":{"self":[{"href":"https:\/\/roveyayinevi.com.tr\/index.php\/wp-json\/wp\/v2\/product\/713553","targetHints":{"allow":["GET"]}}],"collection":[{"href":"https:\/\/roveyayinevi.com.tr\/index.php\/wp-json\/wp\/v2\/product"}],"about":[{"href":"https:\/\/roveyayinevi.com.tr\/index.php\/wp-json\/wp\/v2\/types\/product"}],"wp:attachment":[{"href":"https:\/\/roveyayinevi.com.tr\/index.php\/wp-json\/wp\/v2\/media?parent=713553"}],"wp:term":[{"taxonomy":"product_brand","embeddable":true,"href":"https:\/\/roveyayinevi.com.tr\/index.php\/wp-json\/wp\/v2\/product_brand?post=713553"},{"taxonomy":"product_cat","embeddable":true,"href":"https:\/\/roveyayinevi.com.tr\/index.php\/wp-json\/wp\/v2\/product_cat?post=713553"},{"taxonomy":"product_tag","embeddable":true,"href":"https:\/\/roveyayinevi.com.tr\/index.php\/wp-json\/wp\/v2\/product_tag?post=713553"}],"curies":[{"name":"wp","href":"https:\/\/api.w.org\/{rel}","templated":true}]}}