{"id":713552,"date":"2025-08-27T17:08:36","date_gmt":"2025-08-27T14:08:36","guid":{"rendered":"https:\/\/roveyayinevi.com.tr\/index.php\/urun\/ay-yildiz-altinda-surgun-turk-alman-iliskilerinde-tarihsel-bir-kesit-1933-1945\/"},"modified":"2026-04-16T02:22:15","modified_gmt":"2026-04-15T23:22:15","slug":"ay-yildiz-altinda-surgun-turk-alman-iliskilerinde-tarihsel-bir-kesit-1933-1945","status":"publish","type":"product","link":"https:\/\/roveyayinevi.com.tr\/index.php\/urun\/ay-yildiz-altinda-surgun-turk-alman-iliskilerinde-tarihsel-bir-kesit-1933-1945\/","title":{"rendered":"Ay Y\u0131ld\u0131z Alt\u0131nda S\u00fcrg\u00fcn &#8211; T\u00fcrk Alman \u0130li\u015fkilerinde Tarihsel Bir Kesit (1933-1945)"},"content":{"rendered":"<p>\u201cAlmanya ve T\u00fcrkiye aras\u0131nda \u00e7ok uzun zamanlardan beri s\u0131k\u0131 ba\u011flar vard\u0131r. \u00dclkelerimiz aras\u0131ndaki yak\u0131n tarihi, politik ve k\u00fclt\u00fcrel ili\u015fkilerden dolay\u0131 \u00e7ok \u00f6zel bir ortakl\u0131k s\u00f6z konusudur. Bu ortakl\u0131\u011f\u0131n unsurlar\u0131ndan biri de bilimsel i\u015fbirli\u011fidir ve esas olarak Alman bilim adamlar\u0131n\u0131n Nasyonal Sosyalizm zaman\u0131nda m\u00fclteci olarak T\u00fcrkiye\u2019de g\u00f6sterdikleri faaliyetlere dayan\u0131r. Onlar, T\u00fcrkiye\u2019de s\u0131\u011f\u0131nacaklar\u0131 bir liman buldular, \u00fclkeyi Atat\u00fcrk\u2019\u00fcn istedi\u011fi anlamda Avrupa\u2019ya giden yola sokmak i\u00e7in katk\u0131 yapt\u0131lar, kendilerine Almanya\u2019da yasaklanan ara\u015ft\u0131rma ve e\u011fitim olana\u011f\u0131na kavu\u015ftular.\u201d(Frank Walter Steinmeier, Almanya Cumhurba\u015fkan\u0131)\u201c1933-1953 y\u0131llar\u0131 aras\u0131nda Almanya\u2019daki Nasyonal Sosyalizm y\u00f6netiminden ka\u00e7arak T\u00fcrkiye\u2019ye s\u0131\u011f\u0131nan de\u011ferli bilim, sanat ve k\u00fclt\u00fcr insanlar\u0131n\u0131n, o d\u00f6nemde ve bilhassa 1933\u2019te Dar\u00fclf\u00fcnun adl\u0131 y\u00fcksek \u00f6\u011fretim kurumunun \u00fcniversiteye d\u00f6n\u00fc\u015ft\u00fcr\u00fclmesi a\u015famas\u0131nda T\u00fcrkiye Cumhuriyeti\u2019nin \u00fcniversite reformuna de\u011ferli katk\u0131lar\u0131 olmu\u015ftur. Bu hocalar\u0131n de\u011ferli katk\u0131lar\u0131 yaln\u0131z \u00fcniversiteyle s\u0131n\u0131rl\u0131 kalmam\u0131\u015f, mimari ve y\u00f6netim alan\u0131nda da kendini g\u00f6stermi\u015ftir.\u201d(As\u0131m Kocab\u0131y\u0131k, Sanayici ve \u0130\u015fadam\u0131) <\/p>\n","protected":false},"excerpt":{"rendered":"<p>\u201cAlmanya ve T\u00fcrkiye aras\u0131nda \u00e7ok uzun zamanlardan beri s\u0131k\u0131 ba\u011flar vard\u0131r. \u00dclkelerimiz aras\u0131ndaki yak\u0131n tarihi, politik ve k\u00fclt\u00fcrel ili\u015fkilerden dolay\u0131 \u00e7ok \u00f6zel bir ortakl\u0131k s\u00f6z konusudur.<span class=\"excerpt-hellip\"> [\u2026]<\/span><\/p>\n","protected":false},"featured_media":0,"template":"","meta":{"_monsterinsights_skip_tracking":false,"_monsterinsights_sitenote_active":false,"_monsterinsights_sitenote_note":"","_monsterinsights_sitenote_category":0},"product_brand":[],"product_cat":[12370,12304],"product_tag":[],"class_list":{"0":"post-713552","1":"product","2":"type-product","3":"status-publish","5":"product_cat-arastirma-inceleme","6":"product_cat-tarih","7":"pa_cilt-ciltsiz","8":"pa_tur-kitap","9":"pa_yayinevi-kaynak-yayinlari","10":"pa_yazar-faruk-sen","12":"first","13":"instock","14":"sale","15":"shipping-taxable","16":"purchasable","17":"product-type-simple"},"_links":{"self":[{"href":"https:\/\/roveyayinevi.com.tr\/index.php\/wp-json\/wp\/v2\/product\/713552","targetHints":{"allow":["GET"]}}],"collection":[{"href":"https:\/\/roveyayinevi.com.tr\/index.php\/wp-json\/wp\/v2\/product"}],"about":[{"href":"https:\/\/roveyayinevi.com.tr\/index.php\/wp-json\/wp\/v2\/types\/product"}],"wp:attachment":[{"href":"https:\/\/roveyayinevi.com.tr\/index.php\/wp-json\/wp\/v2\/media?parent=713552"}],"wp:term":[{"taxonomy":"product_brand","embeddable":true,"href":"https:\/\/roveyayinevi.com.tr\/index.php\/wp-json\/wp\/v2\/product_brand?post=713552"},{"taxonomy":"product_cat","embeddable":true,"href":"https:\/\/roveyayinevi.com.tr\/index.php\/wp-json\/wp\/v2\/product_cat?post=713552"},{"taxonomy":"product_tag","embeddable":true,"href":"https:\/\/roveyayinevi.com.tr\/index.php\/wp-json\/wp\/v2\/product_tag?post=713552"}],"curies":[{"name":"wp","href":"https:\/\/api.w.org\/{rel}","templated":true}]}}