{"id":713546,"date":"2025-08-27T17:08:32","date_gmt":"2025-08-27T14:08:32","guid":{"rendered":"https:\/\/roveyayinevi.com.tr\/index.php\/urun\/kafkanin-kedileri\/"},"modified":"2026-04-16T02:22:15","modified_gmt":"2026-04-15T23:22:15","slug":"kafkanin-kedileri","status":"publish","type":"product","link":"https:\/\/roveyayinevi.com.tr\/index.php\/urun\/kafkanin-kedileri\/","title":{"rendered":"Kafka&#8217;n\u0131n Kedileri"},"content":{"rendered":"<p>Yaz\u0131 bir paratoner, bir uyu\u015fturucu, bir sakinle\u015ftirici ve hatta Freud\u2019un yapt\u0131\u011f\u0131 espriye g\u00f6re, Kafka\u2019n\u0131n kendi kendisiyle ileti\u015fime ge\u00e7mesini sa\u011flayan bir telgraf teliydi. Ya\u015fl\u0131 bir Yahudi, Budape\u015fte u\u00e7a\u011f\u0131nda yolculara da\u011f\u0131t\u0131lan bir edebiyat dergisinin kapa\u011f\u0131nda Kafka\u2019n\u0131n foto\u011fraf\u0131n\u0131 g\u00f6r\u00fcr ve onun s\u00f6ylendi\u011fi gibi 1924\u2019te \u00f6lm\u00fc\u015f olamayaca\u011f\u0131n\u0131, zira kapaktaki adam\u0131 bu tarihten yirmi y\u0131l sonar Auschwitz\u2019de g\u00f6rd\u00fc\u011f\u00fcn\u00fc iddia eder. <\/p>\n","protected":false},"excerpt":{"rendered":"<p>Yaz\u0131 bir paratoner, bir uyu\u015fturucu, bir sakinle\u015ftirici ve hatta Freud\u2019un yapt\u0131\u011f\u0131 espriye g\u00f6re, Kafka\u2019n\u0131n kendi kendisiyle ileti\u015fime ge\u00e7mesini sa\u011flayan bir telgraf teliydi. Ya\u015fl\u0131 bir Yahudi, Budape\u015fte<span class=\"excerpt-hellip\"> [\u2026]<\/span><\/p>\n","protected":false},"featured_media":0,"template":"","meta":{"_monsterinsights_skip_tracking":false,"_monsterinsights_sitenote_active":false,"_monsterinsights_sitenote_note":"","_monsterinsights_sitenote_category":0},"product_brand":[],"product_cat":[12291,12711],"product_tag":[],"class_list":{"0":"post-713546","1":"product","2":"type-product","3":"status-publish","5":"product_cat-edebiyat","6":"product_cat-roman-oyku","7":"pa_cilt-ciltsiz","8":"pa_tur-kitap","9":"pa_yayinevi-kafka-yayinevi","10":"pa_yazar-gabor-t-szanto","12":"first","13":"instock","14":"sale","15":"shipping-taxable","16":"purchasable","17":"product-type-simple"},"_links":{"self":[{"href":"https:\/\/roveyayinevi.com.tr\/index.php\/wp-json\/wp\/v2\/product\/713546","targetHints":{"allow":["GET"]}}],"collection":[{"href":"https:\/\/roveyayinevi.com.tr\/index.php\/wp-json\/wp\/v2\/product"}],"about":[{"href":"https:\/\/roveyayinevi.com.tr\/index.php\/wp-json\/wp\/v2\/types\/product"}],"wp:attachment":[{"href":"https:\/\/roveyayinevi.com.tr\/index.php\/wp-json\/wp\/v2\/media?parent=713546"}],"wp:term":[{"taxonomy":"product_brand","embeddable":true,"href":"https:\/\/roveyayinevi.com.tr\/index.php\/wp-json\/wp\/v2\/product_brand?post=713546"},{"taxonomy":"product_cat","embeddable":true,"href":"https:\/\/roveyayinevi.com.tr\/index.php\/wp-json\/wp\/v2\/product_cat?post=713546"},{"taxonomy":"product_tag","embeddable":true,"href":"https:\/\/roveyayinevi.com.tr\/index.php\/wp-json\/wp\/v2\/product_tag?post=713546"}],"curies":[{"name":"wp","href":"https:\/\/api.w.org\/{rel}","templated":true}]}}