{"id":713545,"date":"2025-08-27T17:08:32","date_gmt":"2025-08-27T14:08:32","guid":{"rendered":"https:\/\/roveyayinevi.com.tr\/index.php\/urun\/bitcoin-rehberi-kripto-paralar-hakkinda-bilmek-istediginiz-her-sey\/"},"modified":"2026-04-16T02:22:15","modified_gmt":"2026-04-15T23:22:15","slug":"bitcoin-rehberi-kripto-paralar-hakkinda-bilmek-istediginiz-her-sey","status":"publish","type":"product","link":"https:\/\/roveyayinevi.com.tr\/index.php\/urun\/bitcoin-rehberi-kripto-paralar-hakkinda-bilmek-istediginiz-her-sey\/","title":{"rendered":"Bitcoin Rehberi Kripto Paralar Hakk\u0131nda Bilmek \u0130stedi\u011finiz Her \u015eey"},"content":{"rendered":"<p>Bitcoin yeni bir \u00f6deme birimi de\u011fil. \u0130nternet gibi, Bitcoin de da\u011f\u0131lm\u0131\u015f a\u011fda \u00e7al\u0131\u015fan bir teknoloji. Onu kimse control edemez, kimse kapatamaz. \u2018\u0130nternetin para birimi\u2019 denen Bitcoin bundan \u00e7ok daha g\u00fc\u00e7l\u00fc: ak\u0131ll\u0131 g\u00f6zlemcilerin deyimiyle, para biriminin interneti. \u00b7 Dijital paran\u0131n k\u00f6keni, ge\u00e7mi\u015fi, \u015fimdiki durumu, gelece\u011fi; \u00b7 Bitcoin\u2019in arkas\u0131ndaki devrimsel blok zinciri teknolojisi; \u00b7 Bitcoin\u2019I etme ve onunla yat\u0131r\u0131m yapma y\u00f6ntemleri; \u00b7 Bitcoin\u2019I nas\u0131l ve nerede harcayabilece\u011finiz; \u00b7 Bitcoin\u2019in internetin yeralt\u0131 d\u00fcnyas\u0131yla ili\u015fkisi; \u00b7 Alternatif dijital paralar hakk\u0131nda bilmek istedi\u011finiz her \u015fey. Yeni teknoloji devrimini yakalamak isteyenler i\u00e7in yaz\u0131lan Bitcoin Rehberi, k\u00fcresel kripto para fenomenini size \u00e7ok daha yak\u0131n k\u0131lacak. <\/p>\n","protected":false},"excerpt":{"rendered":"<p>Bitcoin yeni bir \u00f6deme birimi de\u011fil. \u0130nternet gibi, Bitcoin de da\u011f\u0131lm\u0131\u015f a\u011fda \u00e7al\u0131\u015fan bir teknoloji. Onu kimse control edemez, kimse kapatamaz. \u2018\u0130nternetin para birimi\u2019 denen Bitcoin<span class=\"excerpt-hellip\"> [\u2026]<\/span><\/p>\n","protected":false},"featured_media":0,"template":"","meta":{"_monsterinsights_skip_tracking":false,"_monsterinsights_sitenote_active":false,"_monsterinsights_sitenote_note":"","_monsterinsights_sitenote_category":0},"product_brand":[],"product_cat":[13043,17647],"product_tag":[],"class_list":{"0":"post-713545","1":"product","2":"type-product","3":"status-publish","5":"product_cat-ekonomi","6":"product_cat-is-dunyasi","7":"pa_cilt-ciltsiz","8":"pa_tur-kitap","9":"pa_yayinevi-epsilon-yayinlari","10":"pa_yazar-ian-demartino","12":"first","13":"instock","14":"sale","15":"shipping-taxable","16":"purchasable","17":"product-type-simple"},"_links":{"self":[{"href":"https:\/\/roveyayinevi.com.tr\/index.php\/wp-json\/wp\/v2\/product\/713545","targetHints":{"allow":["GET"]}}],"collection":[{"href":"https:\/\/roveyayinevi.com.tr\/index.php\/wp-json\/wp\/v2\/product"}],"about":[{"href":"https:\/\/roveyayinevi.com.tr\/index.php\/wp-json\/wp\/v2\/types\/product"}],"wp:attachment":[{"href":"https:\/\/roveyayinevi.com.tr\/index.php\/wp-json\/wp\/v2\/media?parent=713545"}],"wp:term":[{"taxonomy":"product_brand","embeddable":true,"href":"https:\/\/roveyayinevi.com.tr\/index.php\/wp-json\/wp\/v2\/product_brand?post=713545"},{"taxonomy":"product_cat","embeddable":true,"href":"https:\/\/roveyayinevi.com.tr\/index.php\/wp-json\/wp\/v2\/product_cat?post=713545"},{"taxonomy":"product_tag","embeddable":true,"href":"https:\/\/roveyayinevi.com.tr\/index.php\/wp-json\/wp\/v2\/product_tag?post=713545"}],"curies":[{"name":"wp","href":"https:\/\/api.w.org\/{rel}","templated":true}]}}