{"id":713544,"date":"2025-08-27T17:08:31","date_gmt":"2025-08-27T14:08:31","guid":{"rendered":"https:\/\/roveyayinevi.com.tr\/index.php\/urun\/ruhun-ve-bedenin-sifasi-dua\/"},"modified":"2026-04-16T02:22:15","modified_gmt":"2026-04-15T23:22:15","slug":"ruhun-ve-bedenin-sifasi-dua","status":"publish","type":"product","link":"https:\/\/roveyayinevi.com.tr\/index.php\/urun\/ruhun-ve-bedenin-sifasi-dua\/","title":{"rendered":"Ruhun ve Bedenin \u015eifas\u0131 Dua"},"content":{"rendered":"<p>\u0130\u00e7inde ya\u015fad\u0131\u011f\u0131m\u0131z son \u00e7eyrek y\u00fczy\u0131lda insanlar\u0131n umutlar\u0131ndaki y\u0131pranma, artan zul\u00fcmler ve adaletsizliklerle birlikte ortaya \u00e7\u0131kan \u00e7aresiz hastal\u0131klar b\u00fct\u00fcn d\u00fcnyada insanlar\u0131 Allah\u2019a ve ona ula\u015fman\u0131n en k\u0131sa yolu olan duaya y\u00f6neltmi\u015ftir. Belki de bu, bizim i\u00e7in en ba\u015ftan beri istenilen \u015feydi ve art\u0131k bir mecburiyet halini ald\u0131. Ancak kulluk, g\u00f6n\u00fcl r\u0131zas\u0131yla Hakk\u2019a boyun e\u011fmek demektir. \u0130\u015fte i\u015fin bu k\u0131sm\u0131 kulluk g\u00f6revimizdir&#8230;\u00d6te yandan dua etmek ve ettirmek art\u0131k modern t\u0131bb\u0131n da re\u00e7etesine dahil olmu\u015f ve inan\u0131lmaz sonu\u00e7lara ula\u015f\u0131lm\u0131\u015ft\u0131r. ABD, Rusya, Japonya, Hollanda, Danimarka, Almanya ve k\u0131smen M\u00fcsl\u00fcman olan Malezya ve Endonezya gibi \u00fclkelerde iyile\u015fmesinden \u00fcmit kesilen y\u00fcz hastadan 60-74 gibi \u00e7ok y\u00fcksek bir seviyede olumlu sonu\u00e7lar al\u0131nm\u0131\u015ft\u0131r. Dua, tedaviye katk\u0131da bulunmakta ve hatta iyile\u015ftirmektedir. Bu nedenle bilim ve t\u0131p d\u00fcnyas\u0131 \u00e2deta \u201c\u00e2min\u201d deyip duaya y\u00f6nelmi\u015ftirNe ac\u0131d\u0131r ki, bu konuda ba\u015fta Arabistan olmak \u00fczere, bizim gibi M\u00fcsl\u00fcman \u00fclkeler ise hala olmas\u0131 gerekenin \u00e7ok gerisindedir. Bu da k\u00f6k inanc\u0131m\u0131zda b\u00fcy\u00fck bir sorun ve derin bir \u00e7atla\u011f\u0131n oldu\u011funu g\u00f6stermektedir.Evet, b\u00fcy\u00fck bir sorun ve derin bir \u00e7atlak var ve bu durum, inan\u00e7 bak\u0131m\u0131ndan bile bizi Bat\u0131&#8217;n\u0131n gerisine atmaktad\u0131r.\u0130\u015fte elinizdeki bu kitap, \u201cRuhun ve Bedenin \u015eifas\u0131 Dua\u201d ile, iman evimizin duvar\u0131ndaki bu \u00e7atla\u011f\u0131 onarmaya ve tavan\u0131ndaki a\u00e7\u0131\u011f\u0131 kapat\u0131p iman\u0131m\u0131z\u0131 korumaya \u00e7al\u0131\u015fmaktad\u0131r.Bizler, onulmaz yaralar\u0131m\u0131zdan, maddi ve manevi dertlerimizden, derdi ve derman\u0131 yaratan Allah\u2019a s\u0131\u011f\u0131nma, \u00e7are i\u00e7in m\u00fcracaat etme yollar\u0131 g\u00f6sterdik. Kur\u2019an ve s\u00fcnnetten dualar derleyip sizlere takdim ettik. Kitapta &#8220;Mevla\u2019m\u0131z ile hasbihal etmek&#8221; gibi bir keyfiyet arz eden dua hususunda 300\u2019e yak\u0131n konuda dua etme \u00f6rnekleri verdik.Bir de b\u00f6yle deneyin! Hi\u00e7bir yan etkisi ve zarar\u0131 olmayan bir yolu, \u00fcstelik bir\u00e7ok faydas\u0131 varsa, denemeye de\u011femez mi?.. <\/p>\n","protected":false},"excerpt":{"rendered":"<p>\u0130\u00e7inde ya\u015fad\u0131\u011f\u0131m\u0131z son \u00e7eyrek y\u00fczy\u0131lda insanlar\u0131n umutlar\u0131ndaki y\u0131pranma, artan zul\u00fcmler ve adaletsizliklerle birlikte ortaya \u00e7\u0131kan \u00e7aresiz hastal\u0131klar b\u00fct\u00fcn d\u00fcnyada insanlar\u0131 Allah\u2019a ve ona ula\u015fman\u0131n en k\u0131sa<span class=\"excerpt-hellip\"> [\u2026]<\/span><\/p>\n","protected":false},"featured_media":0,"template":"","meta":{"_monsterinsights_skip_tracking":false,"_monsterinsights_sitenote_active":false,"_monsterinsights_sitenote_note":"","_monsterinsights_sitenote_category":0},"product_brand":[],"product_cat":[13036,12718,12719],"product_tag":[],"class_list":{"0":"post-713544","1":"product","2":"type-product","3":"status-publish","5":"product_cat-arastirma-inceleme-islam","6":"product_cat-din","7":"product_cat-islam","8":"pa_cilt-ciltsiz","9":"pa_tur-kitap","10":"pa_yayinevi-feniks-yayinlari","11":"pa_yazar-arif-arslan","13":"first","14":"instock","15":"sale","16":"shipping-taxable","17":"purchasable","18":"product-type-simple"},"_links":{"self":[{"href":"https:\/\/roveyayinevi.com.tr\/index.php\/wp-json\/wp\/v2\/product\/713544","targetHints":{"allow":["GET"]}}],"collection":[{"href":"https:\/\/roveyayinevi.com.tr\/index.php\/wp-json\/wp\/v2\/product"}],"about":[{"href":"https:\/\/roveyayinevi.com.tr\/index.php\/wp-json\/wp\/v2\/types\/product"}],"wp:attachment":[{"href":"https:\/\/roveyayinevi.com.tr\/index.php\/wp-json\/wp\/v2\/media?parent=713544"}],"wp:term":[{"taxonomy":"product_brand","embeddable":true,"href":"https:\/\/roveyayinevi.com.tr\/index.php\/wp-json\/wp\/v2\/product_brand?post=713544"},{"taxonomy":"product_cat","embeddable":true,"href":"https:\/\/roveyayinevi.com.tr\/index.php\/wp-json\/wp\/v2\/product_cat?post=713544"},{"taxonomy":"product_tag","embeddable":true,"href":"https:\/\/roveyayinevi.com.tr\/index.php\/wp-json\/wp\/v2\/product_tag?post=713544"}],"curies":[{"name":"wp","href":"https:\/\/api.w.org\/{rel}","templated":true}]}}